{"id":853,"date":"2023-12-07T09:50:41","date_gmt":"2023-12-07T09:50:41","guid":{"rendered":"https:\/\/www.proptradingscam.com\/?page_id=853"},"modified":"2024-02-22T12:24:11","modified_gmt":"2024-02-22T12:24:11","slug":"nextproptrader","status":"publish","type":"page","link":"https:\/\/www.proptradingscam.com\/it\/nextproptrader\/","title":{"rendered":"Nextproptrader recensioni"},"content":{"rendered":"<p><img decoding=\"async\" src=\"https:\/\/www.proptradingscam.com\/wp-content\/uploads\/2024\/02\/nextproptrader-300x153.png\" alt=\"Nextproptrader\" width=\"300\" height=\"153\" class=\"alignright size-medium wp-image-1977\" srcset=\"https:\/\/www.proptradingscam.com\/wp-content\/uploads\/2024\/02\/nextproptrader-300x153.png 300w, https:\/\/www.proptradingscam.com\/wp-content\/uploads\/2024\/02\/nextproptrader-1024x523.png 1024w, https:\/\/www.proptradingscam.com\/wp-content\/uploads\/2024\/02\/nextproptrader-768x392.png 768w, https:\/\/www.proptradingscam.com\/wp-content\/uploads\/2024\/02\/nextproptrader-1536x784.png 1536w, https:\/\/www.proptradingscam.com\/wp-content\/uploads\/2024\/02\/nextproptrader-2048x1045.png 2048w\" sizes=\"(max-width: 300px) 100vw, 300px\" \/>Nextproptrader \u00e8 <strong>una nota societ\u00e0 di prop trading degli Emirati Arabi Uniti<\/strong>.<\/p>\n<p><u>Ma Nextproptrader \u00e8 una truffa?<\/u><\/p>\n<p><strong>No, non lo \u00e8!<\/strong><\/p>\n<p>La nostra recensione e la nostra esperienza dimostrano che <strong>Nextproptrader \u00e8 una societ\u00e0 di trading proprietario sicura<\/strong>.<\/p>\n<p style=\"text-align: center;\"><a class=\"button\" href=\"\/it\/to\/nextproptrader\" target=\"_blank\" rel=\"noopener sponsored\">Iscriviti a Nextproptrader ora!<\/a><\/p>\n<p>Potete condividere le vostre esperienze con Nextproptrader <a href=\"#comments\">nella nostra sezione commenti<\/a>.<\/p>\n<h2>Su Nextproptrader<\/h2>\n<p>Nella tabella seguente, troverete <strong>le informazioni pi\u00f9 essenziali su Nextproptrader<\/strong>:<\/p>\n<table>\n<caption><u>Panoramica su Nextproptrader<\/u><\/caption>\n<tbody>\n<tr>\n<th>Nome<\/th>\n<td>Nextproptrader<\/td>\n<\/tr>\n<tr>\n<th>Sito web<\/th>\n<td><a href=\"\/it\/to\/nextproptrader\" target=\"_blank\" rel=\"noopener sponsored\">nextproptrader.com<\/a><\/td>\n<\/tr>\n<tr>\n<th>Societ\u00e0<\/th>\n<td>Nextproptrader LLC<\/td>\n<\/tr>\n<tr>\n<th>Indirizzo<\/th>\n<td>Business Center 1, M Floor, The Meydan Hotel, Nad Al Sheba, Dubai, Emirati Arabi Uniti<\/td>\n<\/tr>\n<tr>\n<th>CEO<\/th>\n<td>sconosciuto<\/td>\n<\/tr>\n<tr>\n<th>Fondatore<\/th>\n<td>sconosciuto<\/td>\n<\/tr>\n<tr>\n<th>Anno di fondazione<\/th>\n<td>sconosciuto<\/td>\n<\/tr>\n<tr>\n<th>Contatto<\/th>\n<td>Mail, Ticket System<\/td>\n<\/tr>\n<tr>\n<th>E-Mail<\/th>\n<td>support@nextproptrader.com<\/td>\n<\/tr>\n<tr>\n<th>Numero di telefono<\/th>\n<td>non disponibile<\/td>\n<\/tr>\n<tr>\n<th>Capitale iniziale<\/th>\n<td>$10.000 a $250.000<\/td>\n<\/tr>\n<tr>\n<th>Quota di profitto<\/th>\n<td>95%<\/td>\n<\/tr>\n<tr>\n<th>Processo di valutazione<\/th>\n<td>almeno 10 giorni<\/td>\n<\/tr>\n<tr>\n<th>Commissioni<\/th>\n<td>$109 a $499<\/td>\n<\/tr>\n<tr>\n<th>Metodi di pagamento<\/th>\n<td>Carta di credito<\/td>\n<\/tr>\n<tr>\n<th>Strumenti<\/th>\n<td>CFDs<\/td>\n<\/tr>\n<tr>\n<th>Piattaforma<\/th>\n<td>Rithmic<\/td>\n<\/tr>\n<tr>\n<th>Prelievi<\/th>\n<td>su richiesta<\/td>\n<\/tr>\n<tr>\n<th>Lingue<\/th>\n<td>Inglese<\/td>\n<\/tr>\n<\/tbody>\n<\/table>\n","protected":false},"excerpt":{"rendered":"<p>Nextproptrader \u00e8 una nota societ\u00e0 di prop trading degli Emirati Arabi Uniti. Ma Nextproptrader \u00e8 una truffa? No, non lo \u00e8! La nostra recensione e la nostra esperienza dimostrano che Nextproptrader \u00e8 una societ\u00e0 di trading proprietario sicura. Iscriviti a Nextproptrader ora! Potete condividere le vostre esperienze con Nextproptrader nella nostra sezione commenti. Su Nextproptrader &#8230; <a title=\"Nextproptrader recensioni\" class=\"read-more\" href=\"https:\/\/www.proptradingscam.com\/it\/nextproptrader\/\" aria-label=\"Per saperne di pi\u00f9 su Nextproptrader recensioni\">Leggi tutto<\/a><\/p>\n","protected":false},"author":3,"featured_media":0,"parent":0,"menu_order":0,"comment_status":"open","ping_status":"closed","template":"","meta":{"footnotes":""},"class_list":["post-853","page","type-page","status-publish"],"_links":{"self":[{"href":"https:\/\/www.proptradingscam.com\/it\/wp-json\/wp\/v2\/pages\/853","targetHints":{"allow":["GET"]}}],"collection":[{"href":"https:\/\/www.proptradingscam.com\/it\/wp-json\/wp\/v2\/pages"}],"about":[{"href":"https:\/\/www.proptradingscam.com\/it\/wp-json\/wp\/v2\/types\/page"}],"author":[{"embeddable":true,"href":"https:\/\/www.proptradingscam.com\/it\/wp-json\/wp\/v2\/users\/3"}],"replies":[{"embeddable":true,"href":"https:\/\/www.proptradingscam.com\/it\/wp-json\/wp\/v2\/comments?post=853"}],"version-history":[{"count":0,"href":"https:\/\/www.proptradingscam.com\/it\/wp-json\/wp\/v2\/pages\/853\/revisions"}],"wp:attachment":[{"href":"https:\/\/www.proptradingscam.com\/it\/wp-json\/wp\/v2\/media?parent=853"}],"curies":[{"name":"wp","href":"https:\/\/api.w.org\/{rel}","templated":true}]}}