{"id":850,"date":"2023-12-07T09:38:44","date_gmt":"2023-12-07T09:38:44","guid":{"rendered":"https:\/\/www.proptradingscam.com\/?page_id=850"},"modified":"2023-12-07T09:38:44","modified_gmt":"2023-12-07T09:38:44","slug":"heldental","status":"publish","type":"page","link":"https:\/\/www.proptradingscam.com\/it\/heldental\/","title":{"rendered":"Heldental recensioni"},"content":{"rendered":"<p><img decoding=\"async\" src=\"https:\/\/www.proptradingscam.com\/wp-content\/uploads\/2023\/12\/heldental-300x153.png\" alt=\"Heldental\" width=\"300\" height=\"153\" class=\"alignright size-medium wp-image-743\" srcset=\"https:\/\/www.proptradingscam.com\/wp-content\/uploads\/2023\/12\/heldental-300x153.png 300w, https:\/\/www.proptradingscam.com\/wp-content\/uploads\/2023\/12\/heldental-1024x523.png 1024w, https:\/\/www.proptradingscam.com\/wp-content\/uploads\/2023\/12\/heldental-768x392.png 768w, https:\/\/www.proptradingscam.com\/wp-content\/uploads\/2023\/12\/heldental-1536x784.png 1536w, https:\/\/www.proptradingscam.com\/wp-content\/uploads\/2023\/12\/heldental-2048x1045.png 2048w\" sizes=\"(max-width: 300px) 100vw, 300px\" \/>Heldental \u00e8 <strong>una nota societ\u00e0 di prop trading dei Paesi Bassi<\/strong>.<\/p>\n<p><u>Ma Heldental \u00e8 una truffa?<\/u><\/p>\n<p><strong>No, non lo \u00e8!<\/strong><\/p>\n<p>La nostra recensione e la nostra esperienza dimostrano che <strong>Heldental \u00e8 una societ\u00e0 di trading proprietario sicura<\/strong>.<\/p>\n<p>Potete condividere le vostre esperienze con Heldental <a href=\"#comments\">nella nostra sezione commenti<\/a>.<\/p>\n<h2>Su Heldental<\/h2>\n<p>Nella tabella seguente, troverete <strong>le informazioni pi\u00f9 essenziali su Heldental<\/strong>:<\/p>\n<table>\n<caption><u>Panoramica su Heldental<\/u><\/caption>\n<tbody>\n<tr>\n<th>Nome<\/th>\n<td>Heldental<\/td>\n<\/tr>\n<tr>\n<th>Sito web<\/th>\n<td><a href=\"https:\/\/heldental.com\/\" target=\"_blank\" rel=\"noopener\">heldental.com<\/a><\/td>\n<\/tr>\n<tr>\n<th>Societ\u00e0<\/th>\n<td>Heldental Europe B.V.<\/td>\n<\/tr>\n<tr>\n<th>Indirizzo<\/th>\n<td>Maastrichterlaan 94a, 6291ET Vaals, Paesi Bassi<\/td>\n<\/tr>\n<tr>\n<th>CEO<\/th>\n<td>Marco Merenda<\/td>\n<\/tr>\n<tr>\n<th>Fondatore<\/th>\n<td>Marco Merenda<\/td>\n<\/tr>\n<tr>\n<th>Anno di fondazione<\/th>\n<td>2016<\/td>\n<\/tr>\n<tr>\n<th>Contatto<\/th>\n<td>Mail, Telefono<\/td>\n<\/tr>\n<tr>\n<th>E-Mail<\/th>\n<td>info@heldental.com<\/td>\n<\/tr>\n<tr>\n<th>Numero di telefono<\/th>\n<td>+31 (0)43 8553107<\/td>\n<\/tr>\n<tr>\n<th>Capitale iniziale<\/th>\n<td>$50.000 a $100.000.000<\/td>\n<\/tr>\n<tr>\n<th>Quota di profitto<\/th>\n<td>60% a 80%<\/td>\n<\/tr>\n<tr>\n<th>Processo di valutazione<\/th>\n<td>almeno 30 giorni<\/td>\n<\/tr>\n<tr>\n<th>Commissioni<\/th>\n<td>3.300\u20ac a 5.500\u20ac di contributo di attivazione (rimborsabile), 135\u20ac al mese (canone della piattaforma)<\/td>\n<\/tr>\n<tr>\n<th>Metodi di pagamento<\/th>\n<td>Carta di credito, Bonifico bancario<\/td>\n<\/tr>\n<tr>\n<th>Strumenti<\/th>\n<td>CFDs<\/td>\n<\/tr>\n<tr>\n<th>Piattaforma<\/th>\n<td>HeldenTrader PRO<\/td>\n<\/tr>\n<tr>\n<th>Prelievi<\/th>\n<td>su richiesta<\/td>\n<\/tr>\n<tr>\n<th>Lingue<\/th>\n<td>Tedesco<\/td>\n<\/tr>\n<\/tbody>\n<\/table>\n","protected":false},"excerpt":{"rendered":"<p>Heldental \u00e8 una nota societ\u00e0 di prop trading dei Paesi Bassi. Ma Heldental \u00e8 una truffa? No, non lo \u00e8! La nostra recensione e la nostra esperienza dimostrano che Heldental \u00e8 una societ\u00e0 di trading proprietario sicura. Potete condividere le vostre esperienze con Heldental nella nostra sezione commenti. Su Heldental Nella tabella seguente, troverete le &#8230; <a title=\"Heldental recensioni\" class=\"read-more\" href=\"https:\/\/www.proptradingscam.com\/it\/heldental\/\" aria-label=\"Per saperne di pi\u00f9 su Heldental recensioni\">Leggi tutto<\/a><\/p>\n","protected":false},"author":3,"featured_media":0,"parent":0,"menu_order":0,"comment_status":"open","ping_status":"closed","template":"","meta":{"footnotes":""},"class_list":["post-850","page","type-page","status-publish"],"_links":{"self":[{"href":"https:\/\/www.proptradingscam.com\/it\/wp-json\/wp\/v2\/pages\/850","targetHints":{"allow":["GET"]}}],"collection":[{"href":"https:\/\/www.proptradingscam.com\/it\/wp-json\/wp\/v2\/pages"}],"about":[{"href":"https:\/\/www.proptradingscam.com\/it\/wp-json\/wp\/v2\/types\/page"}],"author":[{"embeddable":true,"href":"https:\/\/www.proptradingscam.com\/it\/wp-json\/wp\/v2\/users\/3"}],"replies":[{"embeddable":true,"href":"https:\/\/www.proptradingscam.com\/it\/wp-json\/wp\/v2\/comments?post=850"}],"version-history":[{"count":0,"href":"https:\/\/www.proptradingscam.com\/it\/wp-json\/wp\/v2\/pages\/850\/revisions"}],"wp:attachment":[{"href":"https:\/\/www.proptradingscam.com\/it\/wp-json\/wp\/v2\/media?parent=850"}],"curies":[{"name":"wp","href":"https:\/\/api.w.org\/{rel}","templated":true}]}}