{"id":5140,"date":"2024-09-14T19:11:42","date_gmt":"2024-09-14T19:11:42","guid":{"rendered":"https:\/\/www.proptradingscam.com\/?page_id=5140"},"modified":"2024-09-14T19:11:42","modified_gmt":"2024-09-14T19:11:42","slug":"challenge4trading","status":"publish","type":"page","link":"https:\/\/www.proptradingscam.com\/it\/challenge4trading\/","title":{"rendered":"Challenge4Trading recensioni"},"content":{"rendered":"<p><img decoding=\"async\" src=\"https:\/\/www.proptradingscam.com\/wp-content\/uploads\/2024\/09\/challenge4trading-300x153.png\" alt=\"Challenge4Trading\" width=\"300\" height=\"153\" class=\"alignright size-medium wp-image-5120\" srcset=\"https:\/\/www.proptradingscam.com\/wp-content\/uploads\/2024\/09\/challenge4trading-300x153.png 300w, https:\/\/www.proptradingscam.com\/wp-content\/uploads\/2024\/09\/challenge4trading-1024x523.png 1024w, https:\/\/www.proptradingscam.com\/wp-content\/uploads\/2024\/09\/challenge4trading-768x392.png 768w, https:\/\/www.proptradingscam.com\/wp-content\/uploads\/2024\/09\/challenge4trading-1536x784.png 1536w, https:\/\/www.proptradingscam.com\/wp-content\/uploads\/2024\/09\/challenge4trading-2048x1045.png 2048w\" sizes=\"(max-width: 300px) 100vw, 300px\" \/>Challenge4Trading \u00e8 <strong>una nota societ\u00e0 di prop trading di Francia<\/strong>.<\/p>\n<p><u>Ma Challenge4Trading \u00e8 una truffa?<\/u><\/p>\n<p><strong>No, non lo \u00e8!<\/strong><\/p>\n<p>La nostra recensione e la nostra esperienza dimostrano che <strong>Challenge4Trading \u00e8 una societ\u00e0 di trading proprietario sicura<\/strong>.<\/p>\n<p style=\"text-align: center;\"><a class=\"button\" href=\"\/it\/to\/challenge4trading\" target=\"_blank\" rel=\"noopener sponsored\">Iscriviti a Challenge4Trading ora!<\/a><\/p>\n<p>Potete condividere le vostre esperienze con Challenge4Trading <a href=\"#comments\">nella nostra sezione commenti<\/a>.<\/p>\n<h2>Su Challenge4Trading<\/h2>\n<p>Nella tabella seguente, troverete <strong>le informazioni pi\u00f9 essenziali su Challenge4Trading<\/strong>:<\/p>\n<table>\n<caption><u>Panoramica su Challenge4Trading<\/u><\/caption>\n<tbody>\n<tr>\n<th>Nome<\/th>\n<td>Challenge4Trading<\/td>\n<\/tr>\n<tr>\n<th>Sito web<\/th>\n<td><a href=\"\/it\/to\/challenge4trading\" target=\"_blank\" rel=\"noopener sponsored\">www.challenge4trading.com<\/a><\/td>\n<\/tr>\n<tr>\n<th>Societ\u00e0<\/th>\n<td>Adnessy SAS<\/td>\n<\/tr>\n<tr>\n<th>Indirizzo<\/th>\n<td>80 Rue de Crim\u00e9e, 75019 Paris, Francia<\/td>\n<\/tr>\n<tr>\n<th>CEO<\/th>\n<td>Lydia Behar<\/td>\n<\/tr>\n<tr>\n<th>Fondatore<\/th>\n<td>sconosciuto<\/td>\n<\/tr>\n<tr>\n<th>Anno di fondazione<\/th>\n<td>2024<\/td>\n<\/tr>\n<tr>\n<th>Contatto<\/th>\n<td>Live Chat, Mail, Telefono<\/td>\n<\/tr>\n<tr>\n<th>E-Mail<\/th>\n<td>support@challenge4trading.com<\/td>\n<\/tr>\n<tr>\n<th>Numero di telefono<\/th>\n<td>+33 (0)1 89715887<\/td>\n<\/tr>\n<tr>\n<th>Capitale iniziale<\/th>\n<td>15.000\u20ac a 500.000\u20ac<\/td>\n<\/tr>\n<tr>\n<th>Quota di profitto<\/th>\n<td>fino al 90%<\/td>\n<\/tr>\n<tr>\n<th>Processo di valutazione<\/th>\n<td>almeno 1 giorno<\/td>\n<\/tr>\n<tr>\n<th>Commissioni<\/th>\n<td>150\u20ac a 2.160\u20ac<\/td>\n<\/tr>\n<tr>\n<th>Metodi di pagamento<\/th>\n<td>Carta di credito, Crypto<\/td>\n<\/tr>\n<tr>\n<th>Strumenti<\/th>\n<td>CFDs<\/td>\n<\/tr>\n<tr>\n<th>Piattaforma<\/th>\n<td>Sirix<\/td>\n<\/tr>\n<tr>\n<th>Prelievi<\/th>\n<td>una volta al mese<\/td>\n<\/tr>\n<tr>\n<th>Lingue<\/th>\n<td>Italiano, Inglese, Francese, Tedesco, Spagnolo, Giapponese<\/td>\n<\/tr>\n<\/tbody>\n<\/table>\n","protected":false},"excerpt":{"rendered":"<p>Challenge4Trading \u00e8 una nota societ\u00e0 di prop trading di Francia. Ma Challenge4Trading \u00e8 una truffa? No, non lo \u00e8! La nostra recensione e la nostra esperienza dimostrano che Challenge4Trading \u00e8 una societ\u00e0 di trading proprietario sicura. Iscriviti a Challenge4Trading ora! Potete condividere le vostre esperienze con Challenge4Trading nella nostra sezione commenti. Su Challenge4Trading Nella tabella &#8230; <a title=\"Challenge4Trading recensioni\" class=\"read-more\" href=\"https:\/\/www.proptradingscam.com\/it\/challenge4trading\/\" aria-label=\"Per saperne di pi\u00f9 su Challenge4Trading recensioni\">Leggi tutto<\/a><\/p>\n","protected":false},"author":3,"featured_media":0,"parent":0,"menu_order":0,"comment_status":"open","ping_status":"closed","template":"","meta":{"footnotes":""},"class_list":["post-5140","page","type-page","status-publish"],"_links":{"self":[{"href":"https:\/\/www.proptradingscam.com\/it\/wp-json\/wp\/v2\/pages\/5140","targetHints":{"allow":["GET"]}}],"collection":[{"href":"https:\/\/www.proptradingscam.com\/it\/wp-json\/wp\/v2\/pages"}],"about":[{"href":"https:\/\/www.proptradingscam.com\/it\/wp-json\/wp\/v2\/types\/page"}],"author":[{"embeddable":true,"href":"https:\/\/www.proptradingscam.com\/it\/wp-json\/wp\/v2\/users\/3"}],"replies":[{"embeddable":true,"href":"https:\/\/www.proptradingscam.com\/it\/wp-json\/wp\/v2\/comments?post=5140"}],"version-history":[{"count":0,"href":"https:\/\/www.proptradingscam.com\/it\/wp-json\/wp\/v2\/pages\/5140\/revisions"}],"wp:attachment":[{"href":"https:\/\/www.proptradingscam.com\/it\/wp-json\/wp\/v2\/media?parent=5140"}],"curies":[{"name":"wp","href":"https:\/\/api.w.org\/{rel}","templated":true}]}}