{"id":3298,"date":"2024-04-29T08:28:33","date_gmt":"2024-04-29T08:28:33","guid":{"rendered":"https:\/\/www.proptradingscam.com\/?page_id=3298"},"modified":"2024-05-16T10:15:11","modified_gmt":"2024-05-16T10:15:11","slug":"trade-the-pool","status":"publish","type":"page","link":"https:\/\/www.proptradingscam.com\/it\/trade-the-pool\/","title":{"rendered":"Trade The Pool recensioni"},"content":{"rendered":"<p><img decoding=\"async\" src=\"https:\/\/www.proptradingscam.com\/wp-content\/uploads\/2024\/04\/trade-the-pool-300x153.png\" alt=\"Trade The Pool\" width=\"300\" height=\"153\" class=\"alignright size-medium wp-image-3185\" srcset=\"https:\/\/www.proptradingscam.com\/wp-content\/uploads\/2024\/04\/trade-the-pool-300x153.png 300w, https:\/\/www.proptradingscam.com\/wp-content\/uploads\/2024\/04\/trade-the-pool-1024x523.png 1024w, https:\/\/www.proptradingscam.com\/wp-content\/uploads\/2024\/04\/trade-the-pool-768x392.png 768w, https:\/\/www.proptradingscam.com\/wp-content\/uploads\/2024\/04\/trade-the-pool-1536x784.png 1536w, https:\/\/www.proptradingscam.com\/wp-content\/uploads\/2024\/04\/trade-the-pool-2048x1045.png 2048w\" sizes=\"(max-width: 300px) 100vw, 300px\" \/>Trade The Pool \u00e8 <strong>una nota societ\u00e0 di prop trading di Israele<\/strong>.<\/p>\n<p><u>Ma Trade The Pool \u00e8 una truffa?<\/u><\/p>\n<p><strong>No, non lo \u00e8!<\/strong><\/p>\n<p>La nostra recensione e la nostra esperienza dimostrano che <strong>Trade The Pool \u00e8 una societ\u00e0 di trading proprietario sicura<\/strong>.<\/p>\n<p style=\"text-align: center;\"><a class=\"button\" href=\"\/it\/to\/trade-the-pool\" target=\"_blank\" rel=\"noopener sponsored\">Iscriviti a Trade The Pool ora!<\/a><\/p>\n<p>Potete condividere le vostre esperienze con Trade The Pool <a href=\"#comments\">nella nostra sezione commenti<\/a>.<\/p>\n<h2>Su Trade The Pool<\/h2>\n<p>Nella tabella seguente, troverete <strong>le informazioni pi\u00f9 essenziali su Trade The Pool<\/strong>:<\/p>\n<table>\n<caption><u>Panoramica su Trade The Pool<\/u><\/caption>\n<tbody>\n<tr>\n<th>Nome<\/th>\n<td>Trade The Pool<\/td>\n<\/tr>\n<tr>\n<th>Sito web<\/th>\n<td><a href=\"\/it\/to\/trade-the-pool\" target=\"_blank\" rel=\"noopener sponsored\">tradethepool.com<\/a><\/td>\n<\/tr>\n<tr>\n<th>Societ\u00e0<\/th>\n<td>FIVE PERCENT ONLINE LTD.<\/td>\n<\/tr>\n<tr>\n<th>Indirizzo<\/th>\n<td>HaHaroshet St 14, Ra&#8217;anana, Israele<\/td>\n<\/tr>\n<tr>\n<th>CEO<\/th>\n<td>Saul Lokier<\/td>\n<\/tr>\n<tr>\n<th>Fondatore<\/th>\n<td>Gil Ben Hur<\/td>\n<\/tr>\n<tr>\n<th>Anno di fondazione<\/th>\n<td>2016<\/td>\n<\/tr>\n<tr>\n<th>Contatto<\/th>\n<td>Live Chat, Mail, Modulo di contatto<\/td>\n<\/tr>\n<tr>\n<th>E-Mail<\/th>\n<td>help@tradethepool.com<\/td>\n<\/tr>\n<tr>\n<th>Numero di telefono<\/th>\n<td>non disponibile<\/td>\n<\/tr>\n<tr>\n<th>Capitale iniziale<\/th>\n<td>$20.000 a $160.000<\/td>\n<\/tr>\n<tr>\n<th>Quota di profitto<\/th>\n<td>50% a 70%<\/td>\n<\/tr>\n<tr>\n<th>Processo di valutazione<\/th>\n<td>0 giorni<\/td>\n<\/tr>\n<tr>\n<th>Commissioni<\/th>\n<td>$97 a $475<\/td>\n<\/tr>\n<tr>\n<th>Metodi di pagamento<\/th>\n<td>Carta di credito, Crypto, Bonifico bancario<\/td>\n<\/tr>\n<tr>\n<th>Strumenti<\/th>\n<td>Azioni<\/td>\n<\/tr>\n<tr>\n<th>Piattaforma<\/th>\n<td>Trader Evolution<\/td>\n<\/tr>\n<tr>\n<th>Prelievi<\/th>\n<td>due volte al mese<\/td>\n<\/tr>\n<tr>\n<th>Lingue<\/th>\n<td>Inglese<\/td>\n<\/tr>\n<\/tbody>\n<\/table>\n","protected":false},"excerpt":{"rendered":"<p>Trade The Pool \u00e8 una nota societ\u00e0 di prop trading di Israele. Ma Trade The Pool \u00e8 una truffa? No, non lo \u00e8! La nostra recensione e la nostra esperienza dimostrano che Trade The Pool \u00e8 una societ\u00e0 di trading proprietario sicura. Iscriviti a Trade The Pool ora! Potete condividere le vostre esperienze con Trade &#8230; <a title=\"Trade The Pool recensioni\" class=\"read-more\" href=\"https:\/\/www.proptradingscam.com\/it\/trade-the-pool\/\" aria-label=\"Per saperne di pi\u00f9 su Trade The Pool recensioni\">Leggi tutto<\/a><\/p>\n","protected":false},"author":3,"featured_media":0,"parent":0,"menu_order":0,"comment_status":"open","ping_status":"closed","template":"","meta":{"footnotes":""},"class_list":["post-3298","page","type-page","status-publish"],"_links":{"self":[{"href":"https:\/\/www.proptradingscam.com\/it\/wp-json\/wp\/v2\/pages\/3298","targetHints":{"allow":["GET"]}}],"collection":[{"href":"https:\/\/www.proptradingscam.com\/it\/wp-json\/wp\/v2\/pages"}],"about":[{"href":"https:\/\/www.proptradingscam.com\/it\/wp-json\/wp\/v2\/types\/page"}],"author":[{"embeddable":true,"href":"https:\/\/www.proptradingscam.com\/it\/wp-json\/wp\/v2\/users\/3"}],"replies":[{"embeddable":true,"href":"https:\/\/www.proptradingscam.com\/it\/wp-json\/wp\/v2\/comments?post=3298"}],"version-history":[{"count":0,"href":"https:\/\/www.proptradingscam.com\/it\/wp-json\/wp\/v2\/pages\/3298\/revisions"}],"wp:attachment":[{"href":"https:\/\/www.proptradingscam.com\/it\/wp-json\/wp\/v2\/media?parent=3298"}],"curies":[{"name":"wp","href":"https:\/\/api.w.org\/{rel}","templated":true}]}}