{"id":3297,"date":"2024-04-29T08:25:55","date_gmt":"2024-04-29T08:25:55","guid":{"rendered":"https:\/\/www.proptradingscam.com\/?page_id=3297"},"modified":"2024-04-29T08:25:55","modified_gmt":"2024-04-29T08:25:55","slug":"rebelsfunding","status":"publish","type":"page","link":"https:\/\/www.proptradingscam.com\/it\/rebelsfunding\/","title":{"rendered":"RebelsFunding recensioni"},"content":{"rendered":"<p><img decoding=\"async\" src=\"https:\/\/www.proptradingscam.com\/wp-content\/uploads\/2024\/04\/rebelsfunding-300x153.png\" alt=\"RebelsFunding\" width=\"300\" height=\"153\" class=\"alignright size-medium wp-image-3161\" srcset=\"https:\/\/www.proptradingscam.com\/wp-content\/uploads\/2024\/04\/rebelsfunding-300x153.png 300w, https:\/\/www.proptradingscam.com\/wp-content\/uploads\/2024\/04\/rebelsfunding-1024x523.png 1024w, https:\/\/www.proptradingscam.com\/wp-content\/uploads\/2024\/04\/rebelsfunding-768x392.png 768w, https:\/\/www.proptradingscam.com\/wp-content\/uploads\/2024\/04\/rebelsfunding-1536x784.png 1536w, https:\/\/www.proptradingscam.com\/wp-content\/uploads\/2024\/04\/rebelsfunding-2048x1045.png 2048w\" sizes=\"(max-width: 300px) 100vw, 300px\" \/>RebelsFunding \u00e8 <strong>una nota societ\u00e0 di prop trading della Slovacchia<\/strong>.<\/p>\n<p><u>Ma RebelsFunding \u00e8 una truffa?<\/u><\/p>\n<p><strong>No, non lo \u00e8!<\/strong><\/p>\n<p>La nostra recensione e la nostra esperienza dimostrano che <strong>RebelsFunding \u00e8 una societ\u00e0 di trading proprietario sicura<\/strong>.<\/p>\n<p style=\"text-align: center;\"><a class=\"button\" href=\"\/it\/to\/rebelsfunding\" target=\"_blank\" rel=\"noopener sponsored\">Iscriviti a RebelsFunding ora!<\/a><\/p>\n<p>Potete condividere le vostre esperienze con RebelsFunding <a href=\"#comments\">nella nostra sezione commenti<\/a>.<\/p>\n<h2>Su RebelsFunding<\/h2>\n<p>Nella tabella seguente, troverete <strong>le informazioni pi\u00f9 essenziali su RebelsFunding<\/strong>:<\/p>\n<table>\n<caption><u>Panoramica su RebelsFunding<\/u><\/caption>\n<tbody>\n<tr>\n<th>Nome<\/th>\n<td>RebelsFunding<\/td>\n<\/tr>\n<tr>\n<th>Sito web<\/th>\n<td><a href=\"\/it\/to\/rebelsfunding\" target=\"_blank\" rel=\"noopener sponsored\">www.rebelsfunding.com<\/a><\/td>\n<\/tr>\n<tr>\n<th>Societ\u00e0<\/th>\n<td>RIFM, s.r.o.<\/td>\n<\/tr>\n<tr>\n<th>Indirizzo<\/th>\n<td>Landererova 8, 811 09 Bratislava, Slovacchia<\/td>\n<\/tr>\n<tr>\n<th>CEO<\/th>\n<td>Marek Soska<\/td>\n<\/tr>\n<tr>\n<th>Fondatore<\/th>\n<td>Martin Najat, Daniel Martin<\/td>\n<\/tr>\n<tr>\n<th>Anno di fondazione<\/th>\n<td>2015<\/td>\n<\/tr>\n<tr>\n<th>Contatto<\/th>\n<td>Live Chat, Mail, Modulo di contatto<\/td>\n<\/tr>\n<tr>\n<th>E-Mail<\/th>\n<td>info@rebelsfunding.com<\/td>\n<\/tr>\n<tr>\n<th>Numero di telefono<\/th>\n<td>non disponibile<\/td>\n<\/tr>\n<tr>\n<th>Capitale iniziale<\/th>\n<td>$1.000 a $320.000<\/td>\n<\/tr>\n<tr>\n<th>Quota di profitto<\/th>\n<td>50% a 90%<\/td>\n<\/tr>\n<tr>\n<th>Processo di valutazione<\/th>\n<td>0 giorni<\/td>\n<\/tr>\n<tr>\n<th>Commissioni<\/th>\n<td>$25 a $890 (rimborsabile fino al doppio della quota iniziale)<\/td>\n<\/tr>\n<tr>\n<th>Metodi di pagamento<\/th>\n<td>Carta di credito, Crypto, Bonifico bancario, Wise, PayPal<\/td>\n<\/tr>\n<tr>\n<th>Strumenti<\/th>\n<td>CFDs, Forex<\/td>\n<\/tr>\n<tr>\n<th>Piattaforma<\/th>\n<td>RF-Trader<\/td>\n<\/tr>\n<tr>\n<th>Prelievi<\/th>\n<td>su richiesta<\/td>\n<\/tr>\n<tr>\n<th>Lingue<\/th>\n<td>Inglese, Ceco, Portoghese, Slovacco, Swahili, Thai, Vietnamita<\/td>\n<\/tr>\n<\/tbody>\n<\/table>\n","protected":false},"excerpt":{"rendered":"<p>RebelsFunding \u00e8 una nota societ\u00e0 di prop trading della Slovacchia. Ma RebelsFunding \u00e8 una truffa? No, non lo \u00e8! La nostra recensione e la nostra esperienza dimostrano che RebelsFunding \u00e8 una societ\u00e0 di trading proprietario sicura. Iscriviti a RebelsFunding ora! Potete condividere le vostre esperienze con RebelsFunding nella nostra sezione commenti. Su RebelsFunding Nella tabella &#8230; <a title=\"RebelsFunding recensioni\" class=\"read-more\" href=\"https:\/\/www.proptradingscam.com\/it\/rebelsfunding\/\" aria-label=\"Per saperne di pi\u00f9 su RebelsFunding recensioni\">Leggi tutto<\/a><\/p>\n","protected":false},"author":3,"featured_media":0,"parent":0,"menu_order":0,"comment_status":"open","ping_status":"closed","template":"","meta":{"footnotes":""},"class_list":["post-3297","page","type-page","status-publish"],"_links":{"self":[{"href":"https:\/\/www.proptradingscam.com\/it\/wp-json\/wp\/v2\/pages\/3297","targetHints":{"allow":["GET"]}}],"collection":[{"href":"https:\/\/www.proptradingscam.com\/it\/wp-json\/wp\/v2\/pages"}],"about":[{"href":"https:\/\/www.proptradingscam.com\/it\/wp-json\/wp\/v2\/types\/page"}],"author":[{"embeddable":true,"href":"https:\/\/www.proptradingscam.com\/it\/wp-json\/wp\/v2\/users\/3"}],"replies":[{"embeddable":true,"href":"https:\/\/www.proptradingscam.com\/it\/wp-json\/wp\/v2\/comments?post=3297"}],"version-history":[{"count":0,"href":"https:\/\/www.proptradingscam.com\/it\/wp-json\/wp\/v2\/pages\/3297\/revisions"}],"wp:attachment":[{"href":"https:\/\/www.proptradingscam.com\/it\/wp-json\/wp\/v2\/media?parent=3297"}],"curies":[{"name":"wp","href":"https:\/\/api.w.org\/{rel}","templated":true}]}}