{"id":3296,"date":"2024-04-29T07:32:48","date_gmt":"2024-04-29T07:32:48","guid":{"rendered":"https:\/\/www.proptradingscam.com\/?page_id=3296"},"modified":"2024-07-29T10:19:50","modified_gmt":"2024-07-29T10:19:50","slug":"lark-funding","status":"publish","type":"page","link":"https:\/\/www.proptradingscam.com\/it\/lark-funding\/","title":{"rendered":"Lark Funding recensioni"},"content":{"rendered":"<p><img decoding=\"async\" src=\"https:\/\/www.proptradingscam.com\/wp-content\/uploads\/2024\/04\/lark-funding-300x153.png\" alt=\"Lark Funding\" width=\"300\" height=\"153\" class=\"alignright size-medium wp-image-3147\" srcset=\"https:\/\/www.proptradingscam.com\/wp-content\/uploads\/2024\/04\/lark-funding-300x153.png 300w, https:\/\/www.proptradingscam.com\/wp-content\/uploads\/2024\/04\/lark-funding-1024x523.png 1024w, https:\/\/www.proptradingscam.com\/wp-content\/uploads\/2024\/04\/lark-funding-768x392.png 768w, https:\/\/www.proptradingscam.com\/wp-content\/uploads\/2024\/04\/lark-funding-1536x784.png 1536w, https:\/\/www.proptradingscam.com\/wp-content\/uploads\/2024\/04\/lark-funding-2048x1045.png 2048w\" sizes=\"(max-width: 300px) 100vw, 300px\" \/>Lark Funding \u00e8 <strong>una nota societ\u00e0 di prop trading del Canada<\/strong>.<\/p>\n<p><u>Ma Lark Funding \u00e8 una truffa?<\/u><\/p>\n<p><strong>No, non lo \u00e8!<\/strong><\/p>\n<p>La nostra recensione e la nostra esperienza dimostrano che <strong>Lark Funding \u00e8 una societ\u00e0 di trading proprietario sicura<\/strong>.<\/p>\n<p style=\"text-align: center;\"><a class=\"button\" href=\"\/it\/to\/lark-funding\" target=\"_blank\" rel=\"noopener sponsored\">Iscriviti a Lark Funding ora!<\/a><\/p>\n<p>Potete condividere le vostre esperienze con Lark Funding <a href=\"#comments\">nella nostra sezione commenti<\/a>.<\/p>\n<h2>Su Lark Funding<\/h2>\n<p>Nella tabella seguente, troverete <strong>le informazioni pi\u00f9 essenziali su Lark Funding<\/strong>:<\/p>\n<table>\n<caption><u>Panoramica su Lark Funding<\/u><\/caption>\n<tbody>\n<tr>\n<th>Nome<\/th>\n<td>Lark Funding<\/td>\n<\/tr>\n<tr>\n<th>Sito web<\/th>\n<td><a href=\"\/it\/to\/lark-funding\" target=\"_blank\" rel=\"noopener sponsored\">larkfunding.com<\/a><\/td>\n<\/tr>\n<tr>\n<th>Societ\u00e0<\/th>\n<td>Lark Funding Inc.<\/td>\n<\/tr>\n<tr>\n<th>Indirizzo<\/th>\n<td>3 Pl. Ville-Marie, Montr\u00e9al, QC H3B 4W8, Canada<\/td>\n<\/tr>\n<tr>\n<th>CEO<\/th>\n<td>Matt L.<\/td>\n<\/tr>\n<tr>\n<th>Fondatore<\/th>\n<td>Matt L.<\/td>\n<\/tr>\n<tr>\n<th>Anno di fondazione<\/th>\n<td>2022<\/td>\n<\/tr>\n<tr>\n<th>Contatto<\/th>\n<td>Live Chat, Mail, Modulo di contatto<\/td>\n<\/tr>\n<tr>\n<th>E-Mail<\/th>\n<td>support@larkfunding.com<\/td>\n<\/tr>\n<tr>\n<th>Numero di telefono<\/th>\n<td>non disponibile<\/td>\n<\/tr>\n<tr>\n<th>Capitale iniziale<\/th>\n<td>$5.000 a $200.000<\/td>\n<\/tr>\n<tr>\n<th>Quota di profitto<\/th>\n<td>80% a 90%<\/td>\n<\/tr>\n<tr>\n<th>Processo di valutazione<\/th>\n<td>0 giorni<\/td>\n<\/tr>\n<tr>\n<th>Commissioni<\/th>\n<td>$60 a $1.000<\/td>\n<\/tr>\n<tr>\n<th>Metodi di pagamento<\/th>\n<td>Carta di credito<\/td>\n<\/tr>\n<tr>\n<th>Strumenti<\/th>\n<td>CFDs, Forex<\/td>\n<\/tr>\n<tr>\n<th>Piattaforma<\/th>\n<td>DXTrade, cTrader<\/td>\n<\/tr>\n<tr>\n<th>Prelievi<\/th>\n<td>su richiesta<\/td>\n<\/tr>\n<tr>\n<th>Lingue<\/th>\n<td>Inglese<\/td>\n<\/tr>\n<\/tbody>\n<\/table>\n","protected":false},"excerpt":{"rendered":"<p>Lark Funding \u00e8 una nota societ\u00e0 di prop trading del Canada. Ma Lark Funding \u00e8 una truffa? No, non lo \u00e8! La nostra recensione e la nostra esperienza dimostrano che Lark Funding \u00e8 una societ\u00e0 di trading proprietario sicura. Iscriviti a Lark Funding ora! Potete condividere le vostre esperienze con Lark Funding nella nostra sezione &#8230; <a title=\"Lark Funding recensioni\" class=\"read-more\" href=\"https:\/\/www.proptradingscam.com\/it\/lark-funding\/\" aria-label=\"Per saperne di pi\u00f9 su Lark Funding recensioni\">Leggi tutto<\/a><\/p>\n","protected":false},"author":3,"featured_media":0,"parent":0,"menu_order":0,"comment_status":"open","ping_status":"closed","template":"","meta":{"footnotes":""},"class_list":["post-3296","page","type-page","status-publish"],"_links":{"self":[{"href":"https:\/\/www.proptradingscam.com\/it\/wp-json\/wp\/v2\/pages\/3296","targetHints":{"allow":["GET"]}}],"collection":[{"href":"https:\/\/www.proptradingscam.com\/it\/wp-json\/wp\/v2\/pages"}],"about":[{"href":"https:\/\/www.proptradingscam.com\/it\/wp-json\/wp\/v2\/types\/page"}],"author":[{"embeddable":true,"href":"https:\/\/www.proptradingscam.com\/it\/wp-json\/wp\/v2\/users\/3"}],"replies":[{"embeddable":true,"href":"https:\/\/www.proptradingscam.com\/it\/wp-json\/wp\/v2\/comments?post=3296"}],"version-history":[{"count":0,"href":"https:\/\/www.proptradingscam.com\/it\/wp-json\/wp\/v2\/pages\/3296\/revisions"}],"wp:attachment":[{"href":"https:\/\/www.proptradingscam.com\/it\/wp-json\/wp\/v2\/media?parent=3296"}],"curies":[{"name":"wp","href":"https:\/\/api.w.org\/{rel}","templated":true}]}}