{"id":3295,"date":"2024-04-29T08:19:30","date_gmt":"2024-04-29T08:19:30","guid":{"rendered":"https:\/\/www.proptradingscam.com\/?page_id=3295"},"modified":"2024-07-29T08:54:44","modified_gmt":"2024-07-29T08:54:44","slug":"goat-funded-trader","status":"publish","type":"page","link":"https:\/\/www.proptradingscam.com\/it\/goat-funded-trader\/","title":{"rendered":"Goat Funded Trader recensioni"},"content":{"rendered":"<p><img decoding=\"async\" src=\"https:\/\/www.proptradingscam.com\/wp-content\/uploads\/2024\/04\/goat-funded-trader-it-300x153.png\" alt=\"Goat Funded Trader\" width=\"300\" height=\"153\" class=\"alignright size-medium wp-image-3331\" srcset=\"https:\/\/www.proptradingscam.com\/wp-content\/uploads\/2024\/04\/goat-funded-trader-it-300x153.png 300w, https:\/\/www.proptradingscam.com\/wp-content\/uploads\/2024\/04\/goat-funded-trader-it-1024x523.png 1024w, https:\/\/www.proptradingscam.com\/wp-content\/uploads\/2024\/04\/goat-funded-trader-it-768x392.png 768w, https:\/\/www.proptradingscam.com\/wp-content\/uploads\/2024\/04\/goat-funded-trader-it-1536x784.png 1536w, https:\/\/www.proptradingscam.com\/wp-content\/uploads\/2024\/04\/goat-funded-trader-it-2048x1045.png 2048w\" sizes=\"(max-width: 300px) 100vw, 300px\" \/>Goat Funded Trader \u00e8 <strong>una nota societ\u00e0 di prop trading di Hong Kong<\/strong>.<\/p>\n<p><u>Ma Goat Funded Trader \u00e8 una truffa?<\/u><\/p>\n<p><strong>No, non lo \u00e8!<\/strong><\/p>\n<p>La nostra recensione e la nostra esperienza dimostrano che <strong>Goat Funded Trader \u00e8 una societ\u00e0 di trading proprietario sicura<\/strong>.<\/p>\n<p style=\"text-align: center;\"><a class=\"button\" href=\"\/it\/to\/goat-funded-trader\" target=\"_blank\" rel=\"noopener sponsored\">Iscriviti a Goat Funded Trader ora!<\/a><\/p>\n<p>Potete condividere le vostre esperienze con Goat Funded Trader <a href=\"#comments\">nella nostra sezione commenti<\/a>.<\/p>\n<h2>Su Goat Funded Trader<\/h2>\n<p>Nella tabella seguente, troverete <strong>le informazioni pi\u00f9 essenziali su Goat Funded Trader<\/strong>:<\/p>\n<table>\n<caption><u>Panoramica su Goat Funded Trader<\/u><\/caption>\n<tbody>\n<tr>\n<th>Nome<\/th>\n<td>Goat Funded Trader<\/td>\n<\/tr>\n<tr>\n<th>Sito web<\/th>\n<td><a href=\"\/it\/to\/goat-funded-trader\" target=\"_blank\" rel=\"noopener sponsored\">goatfundedtrader.com<\/a><\/td>\n<\/tr>\n<tr>\n<th>Societ\u00e0<\/th>\n<td>Wishes Tower International Limited<\/td>\n<\/tr>\n<tr>\n<th>Indirizzo<\/th>\n<td>Rm 1205, 12\/f. Beverly House, 93 Lockhart Rd, Wan Chai, Hong Kong<\/td>\n<\/tr>\n<tr>\n<th>CEO<\/th>\n<td>Edoardo Dalla Torre<\/td>\n<\/tr>\n<tr>\n<th>Fondatore<\/th>\n<td>Edoardo Dalla Torre<\/td>\n<\/tr>\n<tr>\n<th>Anno di fondazione<\/th>\n<td>2023<\/td>\n<\/tr>\n<tr>\n<th>Contatto<\/th>\n<td>Live Chat, Mail, Modulo di contatto<\/td>\n<\/tr>\n<tr>\n<th>E-Mail<\/th>\n<td>support@goatfundedtrader.com<\/td>\n<\/tr>\n<tr>\n<th>Numero di telefono<\/th>\n<td>non disponibile<\/td>\n<\/tr>\n<tr>\n<th>Capitale iniziale<\/th>\n<td>$5.000 a $200.000<\/td>\n<\/tr>\n<tr>\n<th>Quota di profitto<\/th>\n<td>40% a 80%<\/td>\n<\/tr>\n<tr>\n<th>Processo di valutazione<\/th>\n<td>0 giorni<\/td>\n<\/tr>\n<tr>\n<th>Commissioni<\/th>\n<td>$30 a $1.065<\/td>\n<\/tr>\n<tr>\n<th>Metodi di pagamento<\/th>\n<td>Carta di credito, Crypto<\/td>\n<\/tr>\n<tr>\n<th>Strumenti<\/th>\n<td>CFDs, Forex<\/td>\n<\/tr>\n<tr>\n<th>Piattaforma<\/th>\n<td>Match Trader, TradeLocker<\/td>\n<\/tr>\n<tr>\n<th>Prelievi<\/th>\n<td>su richiesta<\/td>\n<\/tr>\n<tr>\n<th>Lingue<\/th>\n<td>Italiano, Inglese, Spagnolo, Tedesco, Greco, Turco, Ceco, Giapponese<\/td>\n<\/tr>\n<\/tbody>\n<\/table>\n","protected":false},"excerpt":{"rendered":"<p>Goat Funded Trader \u00e8 una nota societ\u00e0 di prop trading di Hong Kong. Ma Goat Funded Trader \u00e8 una truffa? No, non lo \u00e8! La nostra recensione e la nostra esperienza dimostrano che Goat Funded Trader \u00e8 una societ\u00e0 di trading proprietario sicura. Iscriviti a Goat Funded Trader ora! Potete condividere le vostre esperienze con &#8230; <a title=\"Goat Funded Trader recensioni\" class=\"read-more\" href=\"https:\/\/www.proptradingscam.com\/it\/goat-funded-trader\/\" aria-label=\"Per saperne di pi\u00f9 su Goat Funded Trader recensioni\">Leggi tutto<\/a><\/p>\n","protected":false},"author":3,"featured_media":0,"parent":0,"menu_order":0,"comment_status":"open","ping_status":"closed","template":"","meta":{"footnotes":""},"class_list":["post-3295","page","type-page","status-publish"],"_links":{"self":[{"href":"https:\/\/www.proptradingscam.com\/it\/wp-json\/wp\/v2\/pages\/3295","targetHints":{"allow":["GET"]}}],"collection":[{"href":"https:\/\/www.proptradingscam.com\/it\/wp-json\/wp\/v2\/pages"}],"about":[{"href":"https:\/\/www.proptradingscam.com\/it\/wp-json\/wp\/v2\/types\/page"}],"author":[{"embeddable":true,"href":"https:\/\/www.proptradingscam.com\/it\/wp-json\/wp\/v2\/users\/3"}],"replies":[{"embeddable":true,"href":"https:\/\/www.proptradingscam.com\/it\/wp-json\/wp\/v2\/comments?post=3295"}],"version-history":[{"count":0,"href":"https:\/\/www.proptradingscam.com\/it\/wp-json\/wp\/v2\/pages\/3295\/revisions"}],"wp:attachment":[{"href":"https:\/\/www.proptradingscam.com\/it\/wp-json\/wp\/v2\/media?parent=3295"}],"curies":[{"name":"wp","href":"https:\/\/api.w.org\/{rel}","templated":true}]}}