{"id":3294,"date":"2024-04-29T08:15:10","date_gmt":"2024-04-29T08:15:10","guid":{"rendered":"https:\/\/www.proptradingscam.com\/?page_id=3294"},"modified":"2024-07-17T09:15:48","modified_gmt":"2024-07-17T09:15:48","slug":"glow-node","status":"publish","type":"page","link":"https:\/\/www.proptradingscam.com\/it\/glow-node\/","title":{"rendered":"Glow Node recensioni"},"content":{"rendered":"<p><img decoding=\"async\" src=\"https:\/\/www.proptradingscam.com\/wp-content\/uploads\/2024\/04\/glow-node-300x153.png\" alt=\"Glow Node\" width=\"300\" height=\"153\" class=\"alignright size-medium wp-image-3122\" srcset=\"https:\/\/www.proptradingscam.com\/wp-content\/uploads\/2024\/04\/glow-node-300x153.png 300w, https:\/\/www.proptradingscam.com\/wp-content\/uploads\/2024\/04\/glow-node-1024x523.png 1024w, https:\/\/www.proptradingscam.com\/wp-content\/uploads\/2024\/04\/glow-node-768x392.png 768w, https:\/\/www.proptradingscam.com\/wp-content\/uploads\/2024\/04\/glow-node-1536x784.png 1536w, https:\/\/www.proptradingscam.com\/wp-content\/uploads\/2024\/04\/glow-node-2048x1045.png 2048w\" sizes=\"(max-width: 300px) 100vw, 300px\" \/>Glow Node \u00e8 <strong>una nota societ\u00e0 di prop trading del Regno Unito<\/strong>.<\/p>\n<p><u>Ma Glow Node \u00e8 una truffa?<\/u><\/p>\n<p><strong>No, non lo \u00e8!<\/strong><\/p>\n<p>La nostra recensione e la nostra esperienza dimostrano che <strong>Glow Node \u00e8 una societ\u00e0 di trading proprietario sicura<\/strong>.<\/p>\n<p style=\"text-align: center;\"><a class=\"button\" href=\"\/it\/to\/glow-node\" target=\"_blank\" rel=\"noopener sponsored\">Iscriviti a Glow Node ora!<\/a><\/p>\n<p>Potete condividere le vostre esperienze con Glow Node <a href=\"#comments\">nella nostra sezione commenti<\/a>.<\/p>\n<h2>Su Glow Node<\/h2>\n<p>Nella tabella seguente, troverete <strong>le informazioni pi\u00f9 essenziali su Glow Node<\/strong>:<\/p>\n<table>\n<caption><u>Panoramica su Glow Node<\/u><\/caption>\n<tbody>\n<tr>\n<th>Nome<\/th>\n<td>Glow Node<\/td>\n<\/tr>\n<tr>\n<th>Sito web<\/th>\n<td><a href=\"\/it\/to\/glow-node\" target=\"_blank\" rel=\"noopener sponsored\">www.glow-node.com<\/a><\/td>\n<\/tr>\n<tr>\n<th>Societ\u00e0<\/th>\n<td>Glow Node Ltd.<\/td>\n<\/tr>\n<tr>\n<th>Indirizzo<\/th>\n<td>89-90 Paul St, London EC2A 4NE, Regno Unito<\/td>\n<\/tr>\n<tr>\n<th>CEO<\/th>\n<td>Sam Bradbury, Ryan Beasley<\/td>\n<\/tr>\n<tr>\n<th>Fondatore<\/th>\n<td>Sam Bradbury, Ryan Beasley<\/td>\n<\/tr>\n<tr>\n<th>Anno di fondazione<\/th>\n<td>2022<\/td>\n<\/tr>\n<tr>\n<th>Contatto<\/th>\n<td>Live Chat, Mail<\/td>\n<\/tr>\n<tr>\n<th>E-Mail<\/th>\n<td>support@glow-node.com<\/td>\n<\/tr>\n<tr>\n<th>Numero di telefono<\/th>\n<td>non disponibile<\/td>\n<\/tr>\n<tr>\n<th>Capitale iniziale<\/th>\n<td>$5.000 a $100.000<\/td>\n<\/tr>\n<tr>\n<th>Quota di profitto<\/th>\n<td>80%<\/td>\n<\/tr>\n<tr>\n<th>Processo di valutazione<\/th>\n<td>0 giorni<\/td>\n<\/tr>\n<tr>\n<th>Commissioni<\/th>\n<td>$29 a $4.500<\/td>\n<\/tr>\n<tr>\n<th>Metodi di pagamento<\/th>\n<td>Carta di credito, Crypto<\/td>\n<\/tr>\n<tr>\n<th>Strumenti<\/th>\n<td>Forex, CFDs<\/td>\n<\/tr>\n<tr>\n<th>Piattaforma<\/th>\n<td>Match Trader<\/td>\n<\/tr>\n<tr>\n<th>Prelievi<\/th>\n<td>due volte al mese<\/td>\n<\/tr>\n<tr>\n<th>Lingue<\/th>\n<td>Inglese<\/td>\n<\/tr>\n<\/tbody>\n<\/table>\n","protected":false},"excerpt":{"rendered":"<p>Glow Node \u00e8 una nota societ\u00e0 di prop trading del Regno Unito. Ma Glow Node \u00e8 una truffa? No, non lo \u00e8! La nostra recensione e la nostra esperienza dimostrano che Glow Node \u00e8 una societ\u00e0 di trading proprietario sicura. Iscriviti a Glow Node ora! Potete condividere le vostre esperienze con Glow Node nella nostra &#8230; <a title=\"Glow Node recensioni\" class=\"read-more\" href=\"https:\/\/www.proptradingscam.com\/it\/glow-node\/\" aria-label=\"Per saperne di pi\u00f9 su Glow Node recensioni\">Leggi tutto<\/a><\/p>\n","protected":false},"author":3,"featured_media":0,"parent":0,"menu_order":0,"comment_status":"open","ping_status":"closed","template":"","meta":{"footnotes":""},"class_list":["post-3294","page","type-page","status-publish"],"_links":{"self":[{"href":"https:\/\/www.proptradingscam.com\/it\/wp-json\/wp\/v2\/pages\/3294","targetHints":{"allow":["GET"]}}],"collection":[{"href":"https:\/\/www.proptradingscam.com\/it\/wp-json\/wp\/v2\/pages"}],"about":[{"href":"https:\/\/www.proptradingscam.com\/it\/wp-json\/wp\/v2\/types\/page"}],"author":[{"embeddable":true,"href":"https:\/\/www.proptradingscam.com\/it\/wp-json\/wp\/v2\/users\/3"}],"replies":[{"embeddable":true,"href":"https:\/\/www.proptradingscam.com\/it\/wp-json\/wp\/v2\/comments?post=3294"}],"version-history":[{"count":0,"href":"https:\/\/www.proptradingscam.com\/it\/wp-json\/wp\/v2\/pages\/3294\/revisions"}],"wp:attachment":[{"href":"https:\/\/www.proptradingscam.com\/it\/wp-json\/wp\/v2\/media?parent=3294"}],"curies":[{"name":"wp","href":"https:\/\/api.w.org\/{rel}","templated":true}]}}