{"id":3293,"date":"2024-04-29T08:12:52","date_gmt":"2024-04-29T08:12:52","guid":{"rendered":"https:\/\/www.proptradingscam.com\/?page_id=3293"},"modified":"2024-09-19T09:13:48","modified_gmt":"2024-09-19T09:13:48","slug":"funded-trading-plus","status":"publish","type":"page","link":"https:\/\/www.proptradingscam.com\/it\/funded-trading-plus\/","title":{"rendered":"Funded Trading Plus recensioni"},"content":{"rendered":"<p><img decoding=\"async\" src=\"https:\/\/www.proptradingscam.com\/wp-content\/uploads\/2024\/04\/funded-trading-plus-300x153.png\" alt=\"Funded Trading Plus\" width=\"300\" height=\"153\" class=\"alignright size-medium wp-image-3109\" srcset=\"https:\/\/www.proptradingscam.com\/wp-content\/uploads\/2024\/04\/funded-trading-plus-300x153.png 300w, https:\/\/www.proptradingscam.com\/wp-content\/uploads\/2024\/04\/funded-trading-plus-1024x523.png 1024w, https:\/\/www.proptradingscam.com\/wp-content\/uploads\/2024\/04\/funded-trading-plus-768x392.png 768w, https:\/\/www.proptradingscam.com\/wp-content\/uploads\/2024\/04\/funded-trading-plus-1536x784.png 1536w, https:\/\/www.proptradingscam.com\/wp-content\/uploads\/2024\/04\/funded-trading-plus-2048x1045.png 2048w\" sizes=\"(max-width: 300px) 100vw, 300px\" \/>Funded Trading Plus \u00e8 <strong>una nota societ\u00e0 di prop trading del Regno Unito<\/strong>.<\/p>\n<p><u>Ma Funded Trading Plus \u00e8 una truffa?<\/u><\/p>\n<p><strong>No, non lo \u00e8!<\/strong><\/p>\n<p>La nostra recensione e la nostra esperienza dimostrano che <strong>Funded Trading Plus \u00e8 una societ\u00e0 di trading proprietario sicura<\/strong>.<\/p>\n<p style=\"text-align: center;\"><a class=\"button\" href=\"\/it\/to\/funded-trading-plus\" target=\"_blank\" rel=\"noopener sponsored\">Iscriviti a Funded Trading Plus ora!<\/a><\/p>\n<p>Potete condividere le vostre esperienze con Funded Trading Plus <a href=\"#comments\">nella nostra sezione commenti<\/a>.<\/p>\n<h2>Su Funded Trading Plus<\/h2>\n<p>Nella tabella seguente, troverete <strong>le informazioni pi\u00f9 essenziali su Funded Trading Plus<\/strong>:<\/p>\n<table>\n<caption><u>Panoramica su Funded Trading Plus<\/u><\/caption>\n<tbody>\n<tr>\n<th>Nome<\/th>\n<td>Funded Trading Plus<\/td>\n<\/tr>\n<tr>\n<th>Sito web<\/th>\n<td><a href=\"\/it\/to\/funded-trading-plus\" target=\"_blank\" rel=\"noopener sponsored\">www.fundedtradingplus.com<\/a><\/td>\n<\/tr>\n<tr>\n<th>Societ\u00e0<\/th>\n<td>FTP London Ltd.<\/td>\n<\/tr>\n<tr>\n<th>Indirizzo<\/th>\n<td>7 Bell Yard, London WC2A 2JR, Regno Unito<\/td>\n<\/tr>\n<tr>\n<th>CEO<\/th>\n<td>Simon Paul Massey<\/td>\n<\/tr>\n<tr>\n<th>Fondatore<\/th>\n<td>Simon Paul Massey, James Anthony Frangleton, Michael Christopher Cogswell<\/td>\n<\/tr>\n<tr>\n<th>Anno di fondazione<\/th>\n<td>2021<\/td>\n<\/tr>\n<tr>\n<th>Contatto<\/th>\n<td>Live Chat, Telefono, Mail, Modulo di contatto<\/td>\n<\/tr>\n<tr>\n<th>E-Mail<\/th>\n<td>info@fundedtradingplus.com<\/td>\n<\/tr>\n<tr>\n<th>Numero di telefono<\/th>\n<td>+44 (0)333 0909800<\/td>\n<\/tr>\n<tr>\n<th>Capitale iniziale<\/th>\n<td>$5.000 a $200.000<\/td>\n<\/tr>\n<tr>\n<th>Quota di profitto<\/th>\n<td>80% a 100%<\/td>\n<\/tr>\n<tr>\n<th>Processo di valutazione<\/th>\n<td>0 giorni<\/td>\n<\/tr>\n<tr>\n<th>Commissioni<\/th>\n<td>$119 a $4.500<\/td>\n<\/tr>\n<tr>\n<th>Metodi di pagamento<\/th>\n<td>Carta di credito, Crypto<\/td>\n<\/tr>\n<tr>\n<th>Strumenti<\/th>\n<td>Forex, CFDs<\/td>\n<\/tr>\n<tr>\n<th>Piattaforma<\/th>\n<td>MetaTrader 4, MetaTrader 5, Match Trader, DXTrade, cTrader<\/td>\n<\/tr>\n<tr>\n<th>Prelievi<\/th>\n<td>una volta alla settimana<\/td>\n<\/tr>\n<tr>\n<th>Lingue<\/th>\n<td>Inglese<\/td>\n<\/tr>\n<\/tbody>\n<\/table>\n","protected":false},"excerpt":{"rendered":"<p>Funded Trading Plus \u00e8 una nota societ\u00e0 di prop trading del Regno Unito. Ma Funded Trading Plus \u00e8 una truffa? No, non lo \u00e8! La nostra recensione e la nostra esperienza dimostrano che Funded Trading Plus \u00e8 una societ\u00e0 di trading proprietario sicura. Iscriviti a Funded Trading Plus ora! Potete condividere le vostre esperienze con &#8230; <a title=\"Funded Trading Plus recensioni\" class=\"read-more\" href=\"https:\/\/www.proptradingscam.com\/it\/funded-trading-plus\/\" aria-label=\"Per saperne di pi\u00f9 su Funded Trading Plus recensioni\">Leggi tutto<\/a><\/p>\n","protected":false},"author":3,"featured_media":0,"parent":0,"menu_order":0,"comment_status":"open","ping_status":"closed","template":"","meta":{"footnotes":""},"class_list":["post-3293","page","type-page","status-publish"],"_links":{"self":[{"href":"https:\/\/www.proptradingscam.com\/it\/wp-json\/wp\/v2\/pages\/3293","targetHints":{"allow":["GET"]}}],"collection":[{"href":"https:\/\/www.proptradingscam.com\/it\/wp-json\/wp\/v2\/pages"}],"about":[{"href":"https:\/\/www.proptradingscam.com\/it\/wp-json\/wp\/v2\/types\/page"}],"author":[{"embeddable":true,"href":"https:\/\/www.proptradingscam.com\/it\/wp-json\/wp\/v2\/users\/3"}],"replies":[{"embeddable":true,"href":"https:\/\/www.proptradingscam.com\/it\/wp-json\/wp\/v2\/comments?post=3293"}],"version-history":[{"count":0,"href":"https:\/\/www.proptradingscam.com\/it\/wp-json\/wp\/v2\/pages\/3293\/revisions"}],"wp:attachment":[{"href":"https:\/\/www.proptradingscam.com\/it\/wp-json\/wp\/v2\/media?parent=3293"}],"curies":[{"name":"wp","href":"https:\/\/api.w.org\/{rel}","templated":true}]}}