{"id":3292,"date":"2024-04-29T08:10:23","date_gmt":"2024-04-29T08:10:23","guid":{"rendered":"https:\/\/www.proptradingscam.com\/?page_id=3292"},"modified":"2024-07-16T09:20:48","modified_gmt":"2024-07-16T09:20:48","slug":"funded-engineer","status":"publish","type":"page","link":"https:\/\/www.proptradingscam.com\/it\/funded-engineer\/","title":{"rendered":"Funded Engineer recensioni"},"content":{"rendered":"<p><img decoding=\"async\" src=\"https:\/\/www.proptradingscam.com\/wp-content\/uploads\/2024\/04\/funded-engineer-300x153.png\" alt=\"Funded Engineer\" width=\"300\" height=\"153\" class=\"alignright size-medium wp-image-3194\" srcset=\"https:\/\/www.proptradingscam.com\/wp-content\/uploads\/2024\/04\/funded-engineer-300x153.png 300w, https:\/\/www.proptradingscam.com\/wp-content\/uploads\/2024\/04\/funded-engineer-1024x523.png 1024w, https:\/\/www.proptradingscam.com\/wp-content\/uploads\/2024\/04\/funded-engineer-768x392.png 768w, https:\/\/www.proptradingscam.com\/wp-content\/uploads\/2024\/04\/funded-engineer-1536x784.png 1536w, https:\/\/www.proptradingscam.com\/wp-content\/uploads\/2024\/04\/funded-engineer-2048x1045.png 2048w\" sizes=\"(max-width: 300px) 100vw, 300px\" \/>Funded Engineer \u00e8 <strong>una nota societ\u00e0 di prop trading deli Emirati Arabi Uniti<\/strong>.<\/p>\n<p><u>Ma Funded Engineer \u00e8 una truffa?<\/u><\/p>\n<p>No, non lo \u00e8!<\/p>\n<p><strong><u>Aggiornamento:<\/u><\/strong><\/p>\n<p>Funded Engineer <u>ha cessato tutte le operazioni<\/u> il 15.07.2024 e presenter\u00e0 istanza di fallimento.<\/p>\n<p>Consulta la nostra guida &#8220;<a href=\"\/it\/migliori-firm\/\">Migliori Prop Firm<\/a>&#8221; per le migliori alternative.<\/p>\n<p><img decoding=\"async\" src=\"https:\/\/www.proptradingscam.com\/wp-content\/uploads\/2024\/07\/funded-engineer-operations-1024x753.png\" alt=\"Funded Engineer cessato tutte le operazioni\" width=\"1024\" height=\"753\" class=\"alignnone size-large wp-image-4314\" srcset=\"https:\/\/www.proptradingscam.com\/wp-content\/uploads\/2024\/07\/funded-engineer-operations-1024x753.png 1024w, https:\/\/www.proptradingscam.com\/wp-content\/uploads\/2024\/07\/funded-engineer-operations-300x221.png 300w, https:\/\/www.proptradingscam.com\/wp-content\/uploads\/2024\/07\/funded-engineer-operations-768x565.png 768w, https:\/\/www.proptradingscam.com\/wp-content\/uploads\/2024\/07\/funded-engineer-operations-1536x1129.png 1536w, https:\/\/www.proptradingscam.com\/wp-content\/uploads\/2024\/07\/funded-engineer-operations.png 1816w\" sizes=\"(max-width: 1024px) 100vw, 1024px\" \/><\/p>\n<p>La nostra recensione e la nostra esperienza dimostrano che <strong>Funded Engineer \u00e8 una societ\u00e0 di trading proprietario sicura<\/strong>.<\/p>\n<p>Potete condividere le vostre esperienze con Funded Engineer <a href=\"#comments\">nella nostra sezione commenti<\/a>.<\/p>\n<h2>Su Funded Engineer<\/h2>\n<p>Nella tabella seguente, troverete <strong>le informazioni pi\u00f9 essenziali su Funded Engineer<\/strong>:<\/p>\n<table>\n<caption><u>Panoramica su Funded Engineer<\/u><\/caption>\n<tbody>\n<tr>\n<th>Nome<\/th>\n<td>Funded Engineer<\/td>\n<\/tr>\n<tr>\n<th>Sito web<\/th>\n<td>www.fundedengineer.com<\/td>\n<\/tr>\n<tr>\n<th>Societ\u00e0<\/th>\n<td>Funded Engineer FZCO<\/td>\n<\/tr>\n<tr>\n<th>Indirizzo<\/th>\n<td>Dubai Silicon Oasis, DDP, Building A2, Dubai, Emirati Arabi Uniti<\/td>\n<\/tr>\n<tr>\n<th>CEO<\/th>\n<td>Tristian Talbot, Harri Sawicki<\/td>\n<\/tr>\n<tr>\n<th>Fondatore<\/th>\n<td>Tristian Talbot, Harri Sawicki<\/td>\n<\/tr>\n<tr>\n<th>Anno di fondazione<\/th>\n<td>2023<\/td>\n<\/tr>\n<tr>\n<th>Contatto<\/th>\n<td>Live Chat, Mail, Modulo di contatto<\/td>\n<\/tr>\n<tr>\n<th>E-Mail<\/th>\n<td>livesupport@fundedengineer.com<\/td>\n<\/tr>\n<tr>\n<th>Numero di telefono<\/th>\n<td>non disponibile<\/td>\n<\/tr>\n<tr>\n<th>Capitale iniziale<\/th>\n<td>$6.000 a $300.000<\/td>\n<\/tr>\n<tr>\n<th>Quota di profitto<\/th>\n<td>80% a 90%<\/td>\n<\/tr>\n<tr>\n<th>Processo di valutazione<\/th>\n<td>0 giorni<\/td>\n<\/tr>\n<tr>\n<th>Commissioni<\/th>\n<td>$39 a $1.499 (rimborsabile)<\/td>\n<\/tr>\n<tr>\n<th>Metodi di pagamento<\/th>\n<td>Carta di credito, Crypto (Bitcoin, Ethereum, Litecoin, USDT, USDC)<\/td>\n<\/tr>\n<tr>\n<th>Strumenti<\/th>\n<td>CFDs, Forex<\/td>\n<\/tr>\n<tr>\n<th>Piattaforma<\/th>\n<td>Soluzione interna<\/td>\n<\/tr>\n<tr>\n<th>Prelievi<\/th>\n<td>due volte al mese<\/td>\n<\/tr>\n<tr>\n<th>Lingue<\/th>\n<td>Inglese, Spagnolo, Greco, Tedesco<\/td>\n<\/tr>\n<\/tbody>\n<\/table>\n","protected":false},"excerpt":{"rendered":"<p>Funded Engineer \u00e8 una nota societ\u00e0 di prop trading deli Emirati Arabi Uniti. Ma Funded Engineer \u00e8 una truffa? No, non lo \u00e8! Aggiornamento: Funded Engineer ha cessato tutte le operazioni il 15.07.2024 e presenter\u00e0 istanza di fallimento. Consulta la nostra guida &#8220;Migliori Prop Firm&#8221; per le migliori alternative. La nostra recensione e la nostra &#8230; <a title=\"Funded Engineer recensioni\" class=\"read-more\" href=\"https:\/\/www.proptradingscam.com\/it\/funded-engineer\/\" aria-label=\"Per saperne di pi\u00f9 su Funded Engineer recensioni\">Leggi tutto<\/a><\/p>\n","protected":false},"author":3,"featured_media":0,"parent":0,"menu_order":0,"comment_status":"open","ping_status":"closed","template":"","meta":{"footnotes":""},"class_list":["post-3292","page","type-page","status-publish"],"_links":{"self":[{"href":"https:\/\/www.proptradingscam.com\/it\/wp-json\/wp\/v2\/pages\/3292","targetHints":{"allow":["GET"]}}],"collection":[{"href":"https:\/\/www.proptradingscam.com\/it\/wp-json\/wp\/v2\/pages"}],"about":[{"href":"https:\/\/www.proptradingscam.com\/it\/wp-json\/wp\/v2\/types\/page"}],"author":[{"embeddable":true,"href":"https:\/\/www.proptradingscam.com\/it\/wp-json\/wp\/v2\/users\/3"}],"replies":[{"embeddable":true,"href":"https:\/\/www.proptradingscam.com\/it\/wp-json\/wp\/v2\/comments?post=3292"}],"version-history":[{"count":0,"href":"https:\/\/www.proptradingscam.com\/it\/wp-json\/wp\/v2\/pages\/3292\/revisions"}],"wp:attachment":[{"href":"https:\/\/www.proptradingscam.com\/it\/wp-json\/wp\/v2\/media?parent=3292"}],"curies":[{"name":"wp","href":"https:\/\/api.w.org\/{rel}","templated":true}]}}