{"id":3291,"date":"2024-04-29T08:06:53","date_gmt":"2024-04-29T08:06:53","guid":{"rendered":"https:\/\/www.proptradingscam.com\/?page_id=3291"},"modified":"2024-04-29T08:06:53","modified_gmt":"2024-04-29T08:06:53","slug":"deifunded","status":"publish","type":"page","link":"https:\/\/www.proptradingscam.com\/it\/deifunded\/","title":{"rendered":"DeiFunded recensioni"},"content":{"rendered":"<p><img decoding=\"async\" src=\"https:\/\/www.proptradingscam.com\/wp-content\/uploads\/2024\/04\/deifunded-300x153.png\" alt=\"DeiFunded\" width=\"300\" height=\"153\" class=\"alignright size-medium wp-image-3173\" srcset=\"https:\/\/www.proptradingscam.com\/wp-content\/uploads\/2024\/04\/deifunded-300x153.png 300w, https:\/\/www.proptradingscam.com\/wp-content\/uploads\/2024\/04\/deifunded-1024x523.png 1024w, https:\/\/www.proptradingscam.com\/wp-content\/uploads\/2024\/04\/deifunded-768x392.png 768w, https:\/\/www.proptradingscam.com\/wp-content\/uploads\/2024\/04\/deifunded-1536x784.png 1536w, https:\/\/www.proptradingscam.com\/wp-content\/uploads\/2024\/04\/deifunded-2048x1045.png 2048w\" sizes=\"(max-width: 300px) 100vw, 300px\" \/>DeiFunded \u00e8 <strong>una nota societ\u00e0 di prop trading dell&#8217;Australia<\/strong>.<\/p>\n<p><u>Ma DeiFunded \u00e8 una truffa?<\/u><\/p>\n<p><strong>No, non lo \u00e8!<\/strong><\/p>\n<p>La nostra recensione e la nostra esperienza dimostrano che <strong>DeiFunded \u00e8 una societ\u00e0 di trading proprietario sicura<\/strong>.<\/p>\n<p style=\"text-align: center;\"><a class=\"button\" href=\"\/it\/to\/deifunded\" target=\"_blank\" rel=\"noopener sponsored\">Iscriviti a DeiFunded ora!<\/a><\/p>\n<p>Potete condividere le vostre esperienze con DeiFunded <a href=\"#comments\">nella nostra sezione commenti<\/a>.<\/p>\n<h2>Su DeiFunded<\/h2>\n<p>Nella tabella seguente, troverete <strong>le informazioni pi\u00f9 essenziali su DeiFunded<\/strong>:<\/p>\n<table>\n<caption><u>Panoramica su DeiFunded<\/u><\/caption>\n<tbody>\n<tr>\n<th>Nome<\/th>\n<td>DeiFunded<\/td>\n<\/tr>\n<tr>\n<th>Sito web<\/th>\n<td><a href=\"\/it\/to\/deifunded\" target=\"_blank\" rel=\"noopener sponsored\">deifunded.com<\/a><\/td>\n<\/tr>\n<tr>\n<th>Societ\u00e0<\/th>\n<td>DeiFunded Pty Ltd.<\/td>\n<\/tr>\n<tr>\n<th>Indirizzo<\/th>\n<td>L 45, 680 George St, Sydney NSW 2000, Australia<\/td>\n<\/tr>\n<tr>\n<th>CEO<\/th>\n<td>Dr. Shane Healy<\/td>\n<\/tr>\n<tr>\n<th>Fondatore<\/th>\n<td>sconosciuto<\/td>\n<\/tr>\n<tr>\n<th>Anno di fondazione<\/th>\n<td>2023<\/td>\n<\/tr>\n<tr>\n<th>Contatto<\/th>\n<td>Mail, Modulo di contatto<\/td>\n<\/tr>\n<tr>\n<th>E-Mail<\/th>\n<td>support@deifunded.com<\/td>\n<\/tr>\n<tr>\n<th>Numero di telefono<\/th>\n<td>non disponibile<\/td>\n<\/tr>\n<tr>\n<th>Capitale iniziale<\/th>\n<td>$5.000 a $200.000<\/td>\n<\/tr>\n<tr>\n<th>Quota di profitto<\/th>\n<td>80% a 90%<\/td>\n<\/tr>\n<tr>\n<th>Processo di valutazione<\/th>\n<td>4 giorni<\/td>\n<\/tr>\n<tr>\n<th>Commissioni<\/th>\n<td>$59 a $899<\/td>\n<\/tr>\n<tr>\n<th>Metodi di pagamento<\/th>\n<td>Carta di credito, Crypto<\/td>\n<\/tr>\n<tr>\n<th>Strumenti<\/th>\n<td>CFDs, Forex<\/td>\n<\/tr>\n<tr>\n<th>Piattaforma<\/th>\n<td>MetaTrader 5<\/td>\n<\/tr>\n<tr>\n<th>Prelievi<\/th>\n<td>due volte al mese<\/td>\n<\/tr>\n<tr>\n<th>Lingue<\/th>\n<td>Inglese<\/td>\n<\/tr>\n<\/tbody>\n<\/table>\n","protected":false},"excerpt":{"rendered":"<p>DeiFunded \u00e8 una nota societ\u00e0 di prop trading dell&#8217;Australia. Ma DeiFunded \u00e8 una truffa? No, non lo \u00e8! La nostra recensione e la nostra esperienza dimostrano che DeiFunded \u00e8 una societ\u00e0 di trading proprietario sicura. Iscriviti a DeiFunded ora! Potete condividere le vostre esperienze con DeiFunded nella nostra sezione commenti. Su DeiFunded Nella tabella seguente, &#8230; <a title=\"DeiFunded recensioni\" class=\"read-more\" href=\"https:\/\/www.proptradingscam.com\/it\/deifunded\/\" aria-label=\"Per saperne di pi\u00f9 su DeiFunded recensioni\">Leggi tutto<\/a><\/p>\n","protected":false},"author":3,"featured_media":0,"parent":0,"menu_order":0,"comment_status":"open","ping_status":"closed","template":"","meta":{"footnotes":""},"class_list":["post-3291","page","type-page","status-publish"],"_links":{"self":[{"href":"https:\/\/www.proptradingscam.com\/it\/wp-json\/wp\/v2\/pages\/3291","targetHints":{"allow":["GET"]}}],"collection":[{"href":"https:\/\/www.proptradingscam.com\/it\/wp-json\/wp\/v2\/pages"}],"about":[{"href":"https:\/\/www.proptradingscam.com\/it\/wp-json\/wp\/v2\/types\/page"}],"author":[{"embeddable":true,"href":"https:\/\/www.proptradingscam.com\/it\/wp-json\/wp\/v2\/users\/3"}],"replies":[{"embeddable":true,"href":"https:\/\/www.proptradingscam.com\/it\/wp-json\/wp\/v2\/comments?post=3291"}],"version-history":[{"count":0,"href":"https:\/\/www.proptradingscam.com\/it\/wp-json\/wp\/v2\/pages\/3291\/revisions"}],"wp:attachment":[{"href":"https:\/\/www.proptradingscam.com\/it\/wp-json\/wp\/v2\/media?parent=3291"}],"curies":[{"name":"wp","href":"https:\/\/api.w.org\/{rel}","templated":true}]}}