{"id":3290,"date":"2024-04-29T08:03:20","date_gmt":"2024-04-29T08:03:20","guid":{"rendered":"https:\/\/www.proptradingscam.com\/?page_id=3290"},"modified":"2024-07-13T09:36:25","modified_gmt":"2024-07-13T09:36:25","slug":"blue-guardian","status":"publish","type":"page","link":"https:\/\/www.proptradingscam.com\/it\/blue-guardian\/","title":{"rendered":"Blue Guardian recensioni"},"content":{"rendered":"<p><img decoding=\"async\" src=\"https:\/\/www.proptradingscam.com\/wp-content\/uploads\/2024\/04\/blue-guardian-300x153.png\" alt=\"Blue Guardian\" width=\"300\" height=\"153\" class=\"alignright size-medium wp-image-3098\" srcset=\"https:\/\/www.proptradingscam.com\/wp-content\/uploads\/2024\/04\/blue-guardian-300x153.png 300w, https:\/\/www.proptradingscam.com\/wp-content\/uploads\/2024\/04\/blue-guardian-1024x523.png 1024w, https:\/\/www.proptradingscam.com\/wp-content\/uploads\/2024\/04\/blue-guardian-768x392.png 768w, https:\/\/www.proptradingscam.com\/wp-content\/uploads\/2024\/04\/blue-guardian-1536x784.png 1536w, https:\/\/www.proptradingscam.com\/wp-content\/uploads\/2024\/04\/blue-guardian-2048x1045.png 2048w\" sizes=\"(max-width: 300px) 100vw, 300px\" \/>Blue Guardian \u00e8 <strong>una nota societ\u00e0 di prop trading deli Emirati Arabi Uniti<\/strong>.<\/p>\n<p><u>Ma Blue Guardian \u00e8 una truffa?<\/u><\/p>\n<p><strong>No, non lo \u00e8!<\/strong><\/p>\n<p>La nostra recensione e la nostra esperienza dimostrano che <strong>Blue Guardian \u00e8 una societ\u00e0 di trading proprietario sicura<\/strong>.<\/p>\n<p style=\"text-align: center;\"><a class=\"button\" href=\"\/it\/to\/blue-guardian\" target=\"_blank\" rel=\"noopener sponsored\">Iscriviti a Blue Guardian ora!<\/a><\/p>\n<p>Potete condividere le vostre esperienze con Blue Guardian <a href=\"#comments\">nella nostra sezione commenti<\/a>.<\/p>\n<h2>Su Blue Guardian<\/h2>\n<p>Nella tabella seguente, troverete <strong>le informazioni pi\u00f9 essenziali su Blue Guardian<\/strong>:<\/p>\n<table>\n<caption><u>Panoramica su Blue Guardian<\/u><\/caption>\n<tbody>\n<tr>\n<th>Nome<\/th>\n<td>Blue Guardian<\/td>\n<\/tr>\n<tr>\n<th>Sito web<\/th>\n<td><a href=\"\/it\/to\/blue-guardian\" target=\"_blank\" rel=\"noopener sponsored\">www.blueguardian.com<\/a><\/td>\n<\/tr>\n<tr>\n<th>Societ\u00e0<\/th>\n<td>Iconic Exchange FZCO<\/td>\n<\/tr>\n<tr>\n<th>Indirizzo<\/th>\n<td>Dubai Silicon Oasis, DDP, Building A2, Dubai, Emirati Arabi Uniti<\/td>\n<\/tr>\n<tr>\n<th>CEO<\/th>\n<td>Sean Bainton<\/td>\n<\/tr>\n<tr>\n<th>Fondatore<\/th>\n<td>Sean Bainton<\/td>\n<\/tr>\n<tr>\n<th>Anno di fondazione<\/th>\n<td>2019<\/td>\n<\/tr>\n<tr>\n<th>Contatto<\/th>\n<td>Live Chat, Mail, Modulo di contatto<\/td>\n<\/tr>\n<tr>\n<th>E-Mail<\/th>\n<td>support@blueguardian.com<\/td>\n<\/tr>\n<tr>\n<th>Numero di telefono<\/th>\n<td>non disponibile<\/td>\n<\/tr>\n<tr>\n<th>Capitale iniziale<\/th>\n<td>$10.000 a $200.000<\/td>\n<\/tr>\n<tr>\n<th>Quota di profitto<\/th>\n<td>85%<\/td>\n<\/tr>\n<tr>\n<th>Processo di valutazione<\/th>\n<td>0 giorni<\/td>\n<\/tr>\n<tr>\n<th>Commissioni<\/th>\n<td>$87 a $997 (rimborsabile)<\/td>\n<\/tr>\n<tr>\n<th>Metodi di pagamento<\/th>\n<td>Carta di credito, criptovaluta (via Coinbase)<\/td>\n<\/tr>\n<tr>\n<th>Strumenti<\/th>\n<td>Forex, CFDs<\/td>\n<\/tr>\n<tr>\n<th>Piattaforma<\/th>\n<td>Match-Trader, TradeLocker, Platform 5<\/td>\n<\/tr>\n<tr>\n<th>Prelievi<\/th>\n<td>due volte al mese<\/td>\n<\/tr>\n<tr>\n<th>Lingue<\/th>\n<td>Inglese<\/td>\n<\/tr>\n<\/tbody>\n<\/table>\n","protected":false},"excerpt":{"rendered":"<p>Blue Guardian \u00e8 una nota societ\u00e0 di prop trading deli Emirati Arabi Uniti. Ma Blue Guardian \u00e8 una truffa? No, non lo \u00e8! La nostra recensione e la nostra esperienza dimostrano che Blue Guardian \u00e8 una societ\u00e0 di trading proprietario sicura. Iscriviti a Blue Guardian ora! Potete condividere le vostre esperienze con Blue Guardian nella &#8230; <a title=\"Blue Guardian recensioni\" class=\"read-more\" href=\"https:\/\/www.proptradingscam.com\/it\/blue-guardian\/\" aria-label=\"Per saperne di pi\u00f9 su Blue Guardian recensioni\">Leggi tutto<\/a><\/p>\n","protected":false},"author":3,"featured_media":0,"parent":0,"menu_order":0,"comment_status":"open","ping_status":"closed","template":"","meta":{"footnotes":""},"class_list":["post-3290","page","type-page","status-publish"],"_links":{"self":[{"href":"https:\/\/www.proptradingscam.com\/it\/wp-json\/wp\/v2\/pages\/3290","targetHints":{"allow":["GET"]}}],"collection":[{"href":"https:\/\/www.proptradingscam.com\/it\/wp-json\/wp\/v2\/pages"}],"about":[{"href":"https:\/\/www.proptradingscam.com\/it\/wp-json\/wp\/v2\/types\/page"}],"author":[{"embeddable":true,"href":"https:\/\/www.proptradingscam.com\/it\/wp-json\/wp\/v2\/users\/3"}],"replies":[{"embeddable":true,"href":"https:\/\/www.proptradingscam.com\/it\/wp-json\/wp\/v2\/comments?post=3290"}],"version-history":[{"count":0,"href":"https:\/\/www.proptradingscam.com\/it\/wp-json\/wp\/v2\/pages\/3290\/revisions"}],"wp:attachment":[{"href":"https:\/\/www.proptradingscam.com\/it\/wp-json\/wp\/v2\/media?parent=3290"}],"curies":[{"name":"wp","href":"https:\/\/api.w.org\/{rel}","templated":true}]}}