{"id":3289,"date":"2024-04-29T08:00:37","date_gmt":"2024-04-29T08:00:37","guid":{"rendered":"https:\/\/www.proptradingscam.com\/?page_id=3289"},"modified":"2024-04-29T08:00:37","modified_gmt":"2024-04-29T08:00:37","slug":"audacity-capital","status":"publish","type":"page","link":"https:\/\/www.proptradingscam.com\/it\/audacity-capital\/","title":{"rendered":"Audacity Capital recensioni"},"content":{"rendered":"<p><img decoding=\"async\" src=\"https:\/\/www.proptradingscam.com\/wp-content\/uploads\/2024\/04\/audacity-capital-it-300x153.png\" alt=\"Audacity Capital\" width=\"300\" height=\"153\" class=\"alignright size-medium wp-image-3314\" srcset=\"https:\/\/www.proptradingscam.com\/wp-content\/uploads\/2024\/04\/audacity-capital-it-300x153.png 300w, https:\/\/www.proptradingscam.com\/wp-content\/uploads\/2024\/04\/audacity-capital-it-1024x523.png 1024w, https:\/\/www.proptradingscam.com\/wp-content\/uploads\/2024\/04\/audacity-capital-it-768x392.png 768w, https:\/\/www.proptradingscam.com\/wp-content\/uploads\/2024\/04\/audacity-capital-it-1536x784.png 1536w, https:\/\/www.proptradingscam.com\/wp-content\/uploads\/2024\/04\/audacity-capital-it-2048x1045.png 2048w\" sizes=\"(max-width: 300px) 100vw, 300px\" \/>Audacity Capital \u00e8 <strong>una nota societ\u00e0 di prop trading del Regno Unito<\/strong>.<\/p>\n<p><u>Ma Audacity Capital \u00e8 una truffa?<\/u><\/p>\n<p><strong>No, non lo \u00e8!<\/strong><\/p>\n<p>La nostra recensione e la nostra esperienza dimostrano che <strong>Audacity Capital \u00e8 una societ\u00e0 di trading proprietario sicura<\/strong>.<\/p>\n<p style=\"text-align: center;\"><a class=\"button\" href=\"\/it\/to\/audacity-capital\" target=\"_blank\" rel=\"noopener sponsored\">Iscriviti a Audacity Capital ora!<\/a><\/p>\n<p>Potete condividere le vostre esperienze con Audacity Capital <a href=\"#comments\">nella nostra sezione commenti<\/a>.<\/p>\n<h2>Su Audacity Capital<\/h2>\n<p>Nella tabella seguente, troverete <strong>le informazioni pi\u00f9 essenziali su Audacity Capital<\/strong>:<\/p>\n<table>\n<caption><u>Panoramica su Audacity Capital<\/u><\/caption>\n<tbody>\n<tr>\n<th>Nome<\/th>\n<td>Audacity Capital<\/td>\n<\/tr>\n<tr>\n<th>Sito web<\/th>\n<td><a href=\"\/it\/to\/audacity-capital\" target=\"_blank\" rel=\"noopener sponsored\">www.audacitycapital.co.uk<\/a><\/td>\n<\/tr>\n<tr>\n<th>Societ\u00e0<\/th>\n<td>AudaCity global Ltd.<\/td>\n<\/tr>\n<tr>\n<th>Indirizzo<\/th>\n<td>One Canada Square, Level 8 \u2013 Office 8.05, London E14 5AA, Regno Unito<\/td>\n<\/tr>\n<tr>\n<th>CEO<\/th>\n<td>Abdelkrim Yousfi<\/td>\n<\/tr>\n<tr>\n<th>Fondatore<\/th>\n<td>Abdelkrim Yousfi<\/td>\n<\/tr>\n<tr>\n<th>Anno di fondazione<\/th>\n<td>2012<\/td>\n<\/tr>\n<tr>\n<th>Contatto<\/th>\n<td>Telefono, Mail<\/td>\n<\/tr>\n<tr>\n<th>E-Mail<\/th>\n<td>support@audacitycapital.co.uk<\/td>\n<\/tr>\n<tr>\n<th>Numero di telefono<\/th>\n<td>+44 (0)20 80501985<\/td>\n<\/tr>\n<tr>\n<th>Capitale iniziale<\/th>\n<td>$7.500 a $240.000<\/td>\n<\/tr>\n<tr>\n<th>Quota di profitto<\/th>\n<td>75% a 85%<\/td>\n<\/tr>\n<tr>\n<th>Processo di valutazione<\/th>\n<td>4 giorni<\/td>\n<\/tr>\n<tr>\n<th>Commissioni<\/th>\n<td>$129 a $2.399<\/td>\n<\/tr>\n<tr>\n<th>Metodi di pagamento<\/th>\n<td>Carta di credito, Crypto (via Coinbase), Bonifico bancario, PayPal<\/td>\n<\/tr>\n<tr>\n<th>Strumenti<\/th>\n<td>Forex, CFDs<\/td>\n<\/tr>\n<tr>\n<th>Piattaforma<\/th>\n<td>MetaTrader 4, MetaTrader 5<\/td>\n<\/tr>\n<tr>\n<th>Prelievi<\/th>\n<td>una volta al mese<\/td>\n<\/tr>\n<tr>\n<th>Lingue<\/th>\n<td>Italiano, Inglese, Malese, Indonesiano, Francese, Spagnolo, Tedesco, Arabo<\/td>\n<\/tr>\n<\/tbody>\n<\/table>\n","protected":false},"excerpt":{"rendered":"<p>Audacity Capital \u00e8 una nota societ\u00e0 di prop trading del Regno Unito. Ma Audacity Capital \u00e8 una truffa? No, non lo \u00e8! La nostra recensione e la nostra esperienza dimostrano che Audacity Capital \u00e8 una societ\u00e0 di trading proprietario sicura. Iscriviti a Audacity Capital ora! Potete condividere le vostre esperienze con Audacity Capital nella nostra &#8230; <a title=\"Audacity Capital recensioni\" class=\"read-more\" href=\"https:\/\/www.proptradingscam.com\/it\/audacity-capital\/\" aria-label=\"Per saperne di pi\u00f9 su Audacity Capital recensioni\">Leggi tutto<\/a><\/p>\n","protected":false},"author":3,"featured_media":0,"parent":0,"menu_order":0,"comment_status":"open","ping_status":"closed","template":"","meta":{"footnotes":""},"class_list":["post-3289","page","type-page","status-publish"],"_links":{"self":[{"href":"https:\/\/www.proptradingscam.com\/it\/wp-json\/wp\/v2\/pages\/3289","targetHints":{"allow":["GET"]}}],"collection":[{"href":"https:\/\/www.proptradingscam.com\/it\/wp-json\/wp\/v2\/pages"}],"about":[{"href":"https:\/\/www.proptradingscam.com\/it\/wp-json\/wp\/v2\/types\/page"}],"author":[{"embeddable":true,"href":"https:\/\/www.proptradingscam.com\/it\/wp-json\/wp\/v2\/users\/3"}],"replies":[{"embeddable":true,"href":"https:\/\/www.proptradingscam.com\/it\/wp-json\/wp\/v2\/comments?post=3289"}],"version-history":[{"count":0,"href":"https:\/\/www.proptradingscam.com\/it\/wp-json\/wp\/v2\/pages\/3289\/revisions"}],"wp:attachment":[{"href":"https:\/\/www.proptradingscam.com\/it\/wp-json\/wp\/v2\/media?parent=3289"}],"curies":[{"name":"wp","href":"https:\/\/api.w.org\/{rel}","templated":true}]}}