{"id":1896,"date":"2024-02-19T16:27:23","date_gmt":"2024-02-19T16:27:23","guid":{"rendered":"https:\/\/www.proptradingscam.com\/?page_id=1896"},"modified":"2024-05-26T16:15:43","modified_gmt":"2024-05-26T16:15:43","slug":"surgetrader","status":"publish","type":"page","link":"https:\/\/www.proptradingscam.com\/it\/surgetrader\/","title":{"rendered":"SurgeTrader recensioni"},"content":{"rendered":"<p><img decoding=\"async\" src=\"https:\/\/www.proptradingscam.com\/wp-content\/uploads\/2024\/02\/surgetrader-300x153.png\" alt=\"SurgeTrader\" width=\"300\" height=\"153\" class=\"alignright size-medium wp-image-1802\" srcset=\"https:\/\/www.proptradingscam.com\/wp-content\/uploads\/2024\/02\/surgetrader-300x153.png 300w, https:\/\/www.proptradingscam.com\/wp-content\/uploads\/2024\/02\/surgetrader-1024x523.png 1024w, https:\/\/www.proptradingscam.com\/wp-content\/uploads\/2024\/02\/surgetrader-768x392.png 768w, https:\/\/www.proptradingscam.com\/wp-content\/uploads\/2024\/02\/surgetrader-1536x784.png 1536w, https:\/\/www.proptradingscam.com\/wp-content\/uploads\/2024\/02\/surgetrader-2048x1045.png 2048w\" sizes=\"(max-width: 300px) 100vw, 300px\" \/>SurgeTrader \u00e8 <strong>una nota societ\u00e0 di prop trading degli Stati Uniti<\/strong>.<\/p>\n<p><u>Ma SurgeTrader \u00e8 una truffa?<\/u><\/p>\n<p>No, non lo \u00e8!<\/p>\n<p><strong><u>Aggiornamento:<\/u><\/strong><\/p>\n<p>SurgeTrader <u>ha cessato tutte le operazioni<\/u> il 24.05.2024 (a seguito della cessazione della piattaforma di trading).<\/p>\n<p><img decoding=\"async\" class=\"alignnone size-large wp-image-3539\" src=\"https:\/\/www.proptradingscam.com\/wp-content\/uploads\/2024\/05\/surgetrader-operation-1024x523.png\" alt=\"SurgeTrader Operation\" width=\"1024\" height=\"523\" srcset=\"https:\/\/www.proptradingscam.com\/wp-content\/uploads\/2024\/05\/surgetrader-operation-1024x523.png 1024w, https:\/\/www.proptradingscam.com\/wp-content\/uploads\/2024\/05\/surgetrader-operation-300x153.png 300w, https:\/\/www.proptradingscam.com\/wp-content\/uploads\/2024\/05\/surgetrader-operation-768x392.png 768w, https:\/\/www.proptradingscam.com\/wp-content\/uploads\/2024\/05\/surgetrader-operation-1536x784.png 1536w, https:\/\/www.proptradingscam.com\/wp-content\/uploads\/2024\/05\/surgetrader-operation-2048x1045.png 2048w\" sizes=\"(max-width: 1024px) 100vw, 1024px\" \/><\/p>\n<p>La nostra recensione e la nostra esperienza dimostrano che <strong>SurgeTrader \u00e8 una societ\u00e0 di trading proprietario sicura<\/strong>.<\/p>\n<p>Potete condividere le vostre esperienze con SurgeTrader <a href=\"#comments\">nella nostra sezione commenti<\/a>.<\/p>\n<h2>Su SurgeTrader<\/h2>\n<p>Nella tabella seguente, troverete <strong>le informazioni pi\u00f9 essenziali su SurgeTrader<\/strong>:<\/p>\n<table>\n<caption><u>Panoramica su SurgeTrader<\/u><\/caption>\n<tbody>\n<tr>\n<th>Nome<\/th>\n<td>SurgeTrader<\/td>\n<\/tr>\n<tr>\n<th>Sito web<\/th>\n<td>surgetrader.com<\/td>\n<\/tr>\n<tr>\n<th>Societ\u00e0<\/th>\n<td>SurgeTrader, LLC<\/td>\n<\/tr>\n<tr>\n<th>Indirizzo<\/th>\n<td>4851 Tamiami Trail N Ste 200A, Naples, FL 34103, Stati Uniti<\/td>\n<\/tr>\n<tr>\n<th>CEO<\/th>\n<td>Jana Seaman<\/td>\n<\/tr>\n<tr>\n<th>Fondatore<\/th>\n<td>Jana Seaman<\/td>\n<\/tr>\n<tr>\n<th>Anno di fondazione<\/th>\n<td>2021<\/td>\n<\/tr>\n<tr>\n<th>Contatto<\/th>\n<td>Live Chat, Mail, Telefono<\/td>\n<\/tr>\n<tr>\n<th>E-Mail<\/th>\n<td>info@surgetrader.com<\/td>\n<\/tr>\n<tr>\n<th>Numero di telefono<\/th>\n<td>+1 (0)866 9987652<\/td>\n<\/tr>\n<tr>\n<th>Capitale iniziale<\/th>\n<td>$25.000 a $1.000.000<\/td>\n<\/tr>\n<tr>\n<th>Quota di profitto<\/th>\n<td>75% a 90%<\/td>\n<\/tr>\n<tr>\n<th>Processo di valutazione<\/th>\n<td>0 giorni<\/td>\n<\/tr>\n<tr>\n<th>Commissioni<\/th>\n<td>$50 a $6.500<\/td>\n<\/tr>\n<tr>\n<th>Metodi di pagamento<\/th>\n<td>Carta di credito, Bonifico bancario<\/td>\n<\/tr>\n<tr>\n<th>Strumenti<\/th>\n<td>CFDs<\/td>\n<\/tr>\n<tr>\n<th>Piattaforma<\/th>\n<td>SurgeTrader<\/td>\n<\/tr>\n<tr>\n<th>Prelievi<\/th>\n<td>entro 1-2 giorni lavorativi (su richiesta)<\/td>\n<\/tr>\n<tr>\n<th>Lingue<\/th>\n<td>Inglese, Spagnolo<\/td>\n<\/tr>\n<\/tbody>\n<\/table>\n","protected":false},"excerpt":{"rendered":"<p>SurgeTrader \u00e8 una nota societ\u00e0 di prop trading degli Stati Uniti. Ma SurgeTrader \u00e8 una truffa? No, non lo \u00e8! Aggiornamento: SurgeTrader ha cessato tutte le operazioni il 24.05.2024 (a seguito della cessazione della piattaforma di trading). La nostra recensione e la nostra esperienza dimostrano che SurgeTrader \u00e8 una societ\u00e0 di trading proprietario sicura. Potete &#8230; <a title=\"SurgeTrader recensioni\" class=\"read-more\" href=\"https:\/\/www.proptradingscam.com\/it\/surgetrader\/\" aria-label=\"Per saperne di pi\u00f9 su SurgeTrader recensioni\">Leggi tutto<\/a><\/p>\n","protected":false},"author":1,"featured_media":0,"parent":0,"menu_order":0,"comment_status":"open","ping_status":"closed","template":"","meta":{"footnotes":""},"class_list":["post-1896","page","type-page","status-publish"],"_links":{"self":[{"href":"https:\/\/www.proptradingscam.com\/it\/wp-json\/wp\/v2\/pages\/1896","targetHints":{"allow":["GET"]}}],"collection":[{"href":"https:\/\/www.proptradingscam.com\/it\/wp-json\/wp\/v2\/pages"}],"about":[{"href":"https:\/\/www.proptradingscam.com\/it\/wp-json\/wp\/v2\/types\/page"}],"author":[{"embeddable":true,"href":"https:\/\/www.proptradingscam.com\/it\/wp-json\/wp\/v2\/users\/1"}],"replies":[{"embeddable":true,"href":"https:\/\/www.proptradingscam.com\/it\/wp-json\/wp\/v2\/comments?post=1896"}],"version-history":[{"count":0,"href":"https:\/\/www.proptradingscam.com\/it\/wp-json\/wp\/v2\/pages\/1896\/revisions"}],"wp:attachment":[{"href":"https:\/\/www.proptradingscam.com\/it\/wp-json\/wp\/v2\/media?parent=1896"}],"curies":[{"name":"wp","href":"https:\/\/api.w.org\/{rel}","templated":true}]}}