{"id":1893,"date":"2024-02-19T16:16:10","date_gmt":"2024-02-19T16:16:10","guid":{"rendered":"https:\/\/www.proptradingscam.com\/?page_id=1893"},"modified":"2024-07-30T07:00:09","modified_gmt":"2024-07-30T07:00:09","slug":"fidelcrest","status":"publish","type":"page","link":"https:\/\/www.proptradingscam.com\/it\/fidelcrest\/","title":{"rendered":"Fidelcrest recensioni"},"content":{"rendered":"<p><img decoding=\"async\" src=\"https:\/\/www.proptradingscam.com\/wp-content\/uploads\/2024\/02\/fidelcrest-300x153.png\" alt=\"Fidelcrest\" width=\"300\" height=\"153\" class=\"alignright size-medium wp-image-1773\" srcset=\"https:\/\/www.proptradingscam.com\/wp-content\/uploads\/2024\/02\/fidelcrest-300x153.png 300w, https:\/\/www.proptradingscam.com\/wp-content\/uploads\/2024\/02\/fidelcrest-1024x523.png 1024w, https:\/\/www.proptradingscam.com\/wp-content\/uploads\/2024\/02\/fidelcrest-768x392.png 768w, https:\/\/www.proptradingscam.com\/wp-content\/uploads\/2024\/02\/fidelcrest-1536x784.png 1536w, https:\/\/www.proptradingscam.com\/wp-content\/uploads\/2024\/02\/fidelcrest-2048x1045.png 2048w\" sizes=\"(max-width: 300px) 100vw, 300px\" \/>Fidelcrest \u00e8 <strong>una nota societ\u00e0 di prop trading di Cipro<\/strong>.<\/p>\n<p><u>Ma Fidelcrest \u00e8 una truffa?<\/u><\/p>\n<p><strong>No, non lo \u00e8!<\/strong><\/p>\n<p>La nostra recensione e la nostra esperienza dimostrano che <strong>Fidelcrest \u00e8 una societ\u00e0 di trading proprietario sicura<\/strong>.<\/p>\n<p><strong><u>Aggiornamento:<\/u><\/strong><\/p>\n<p>Il sito ufficiale di Fidelcrest <strong>\u00e8 attualmente non raggiungibile e reindirizza alla pagina di login<\/strong>. Secondo l&#8217;azienda, tutte le attivit\u00e0 sono state temporaneamente sospese il 4 marzo 2024 a causa della necessit\u00e0 di trovare un nuovo fornitore tecnico a seguito di problemi imprevisti. Inoltre, tutti gli account sui social media sono stati disattivati, e sono state pubblicate <a href=\"https:\/\/www.trustpilot.com\/review\/fidelcrest.com?sort=recency\" target=\"_blank\" rel=\"noopener\">principalmente recensioni negative su Trustpilot<\/a>. Si prega di essere cauti fino a quando non saranno disponibili ulteriori informazioni!<\/p>\n<p>Potete condividere le vostre esperienze con Fidelcrest <a href=\"#comments\">nella nostra sezione commenti<\/a>.<\/p>\n<h2>Su Fidelcrest<\/h2>\n<p>Nella tabella seguente, troverete <strong>le informazioni pi\u00f9 essenziali su Fidelcrest<\/strong>:<\/p>\n<table>\n<caption><u>Panoramica su Fidelcrest<\/u><\/caption>\n<tbody>\n<tr>\n<th>Nome<\/th>\n<td>Fidelcrest<\/td>\n<\/tr>\n<tr>\n<th>Sito web<\/th>\n<td>fidelcrest.com<\/td>\n<\/tr>\n<tr>\n<th>Societ\u00e0<\/th>\n<td>Fidelcrest Ltd.<\/td>\n<\/tr>\n<tr>\n<th>Indirizzo<\/th>\n<td>Arch. Makariou III &#038; 1-7 Evagorou, MITSI 3, 1st floor, office 102 C, 1065 Nicosia, Cipro<\/td>\n<\/tr>\n<tr>\n<th>CEO<\/th>\n<td>Jussi Hallikas<\/td>\n<\/tr>\n<tr>\n<th>Fondatore<\/th>\n<td>Jussi Hallikas<\/td>\n<\/tr>\n<tr>\n<th>Anno di fondazione<\/th>\n<td>2018<\/td>\n<\/tr>\n<tr>\n<th>Contatto<\/th>\n<td>Live Chat, Mail, Ticket System<\/td>\n<\/tr>\n<tr>\n<th>E-Mail<\/th>\n<td>support@fidelcrest.com<\/td>\n<\/tr>\n<tr>\n<th>Numero di telefono<\/th>\n<td>non disponibile<\/td>\n<\/tr>\n<tr>\n<th>Capitale iniziale<\/th>\n<td>$15.000 a $1.000.000<\/td>\n<\/tr>\n<tr>\n<th>Quota di profitto<\/th>\n<td>80% a 90%<\/td>\n<\/tr>\n<tr>\n<th>Processo di valutazione<\/th>\n<td>0 giorni<\/td>\n<\/tr>\n<tr>\n<th>Commissioni<\/th>\n<td>99\u20ac a 3.499\u20ac (rimborsabile)<\/td>\n<\/tr>\n<tr>\n<th>Metodi di pagamento<\/th>\n<td>Carta di credito, Skrill, Neteller, Bonifico bancario<\/td>\n<\/tr>\n<tr>\n<th>Strumenti<\/th>\n<td>CFDs<\/td>\n<\/tr>\n<tr>\n<th>Piattaforma<\/th>\n<td>Fidelcrest Trader Area<\/td>\n<\/tr>\n<tr>\n<th>Prelievi<\/th>\n<td>entro 1-3 giorni lavorativi (su richiesta)<\/td>\n<\/tr>\n<tr>\n<th>Lingue<\/th>\n<td>Inglese<\/td>\n<\/tr>\n<\/tbody>\n<\/table>\n","protected":false},"excerpt":{"rendered":"<p>Fidelcrest \u00e8 una nota societ\u00e0 di prop trading di Cipro. Ma Fidelcrest \u00e8 una truffa? No, non lo \u00e8! La nostra recensione e la nostra esperienza dimostrano che Fidelcrest \u00e8 una societ\u00e0 di trading proprietario sicura. Aggiornamento: Il sito ufficiale di Fidelcrest \u00e8 attualmente non raggiungibile e reindirizza alla pagina di login. Secondo l&#8217;azienda, tutte &#8230; <a title=\"Fidelcrest recensioni\" class=\"read-more\" href=\"https:\/\/www.proptradingscam.com\/it\/fidelcrest\/\" aria-label=\"Per saperne di pi\u00f9 su Fidelcrest recensioni\">Leggi tutto<\/a><\/p>\n","protected":false},"author":3,"featured_media":0,"parent":0,"menu_order":0,"comment_status":"open","ping_status":"closed","template":"","meta":{"footnotes":""},"class_list":["post-1893","page","type-page","status-publish"],"_links":{"self":[{"href":"https:\/\/www.proptradingscam.com\/it\/wp-json\/wp\/v2\/pages\/1893","targetHints":{"allow":["GET"]}}],"collection":[{"href":"https:\/\/www.proptradingscam.com\/it\/wp-json\/wp\/v2\/pages"}],"about":[{"href":"https:\/\/www.proptradingscam.com\/it\/wp-json\/wp\/v2\/types\/page"}],"author":[{"embeddable":true,"href":"https:\/\/www.proptradingscam.com\/it\/wp-json\/wp\/v2\/users\/3"}],"replies":[{"embeddable":true,"href":"https:\/\/www.proptradingscam.com\/it\/wp-json\/wp\/v2\/comments?post=1893"}],"version-history":[{"count":0,"href":"https:\/\/www.proptradingscam.com\/it\/wp-json\/wp\/v2\/pages\/1893\/revisions"}],"wp:attachment":[{"href":"https:\/\/www.proptradingscam.com\/it\/wp-json\/wp\/v2\/media?parent=1893"}],"curies":[{"name":"wp","href":"https:\/\/api.w.org\/{rel}","templated":true}]}}