{"id":1658,"date":"2024-02-16T14:40:48","date_gmt":"2024-02-16T14:40:48","guid":{"rendered":"https:\/\/www.proptradingscam.com\/?page_id=1658"},"modified":"2024-02-16T17:01:38","modified_gmt":"2024-02-16T17:01:38","slug":"tasse","status":"publish","type":"page","link":"https:\/\/www.proptradingscam.com\/it\/tasse\/","title":{"rendered":"Le tasse sul Prop Trading spiegate"},"content":{"rendered":"<p>Come trader di successo nel campo del Prop Trading, ti troverai rapidamente a dover affrontare <strong>la questione delle tasse sul Prop Trading durante il tuo primo prelievo<\/strong>.<\/p>\n<p><u>Ma cosa significa questo esattamente?<\/u><\/p>\n<p>In questa guida, approfondir\u00f2 il tema delle tasse nel Prop Trading e spiegher\u00f2 in particolare <strong>come devi dichiarare i tuoi profitti derivanti dal Prop Trading, quali tasse devono essere pagate<\/strong> e se ci sono particolari aspetti da considerare.<\/p>\n<p>Oltre all\u2019Italia, esaminer\u00f2 anche la situazione a <a href=\"#tasse-sul-prop-trading-a-san-marino\">San Marino<\/a> e in <a href=\"#tasse-sul-prop-trading-in-svizzera\">Svizzera<\/a>.<\/p>\n<p><small><u>Nota:<\/u> Questo articolo riflette il mio punto di vista come Prop Trader ed \u00e8 da intendersi non come consulenza fiscale, ma come una guida informativa. Non sostituisce cio\u00e8 la consulenza di un consulente finanziario.<\/small><\/p>\n<div id=\"ez-toc-container\" class=\"ez-toc-v2_0_81 ez-toc-wrap-center counter-hierarchy ez-toc-counter ez-toc-grey ez-toc-container-direction\">\n<p class=\"ez-toc-title\" style=\"cursor:inherit\">Indice<\/p>\n<label for=\"ez-toc-cssicon-toggle-item-69ed07b8ec241\" class=\"ez-toc-cssicon-toggle-label\"><span class=\"ez-toc-cssicon\"><span class=\"eztoc-hide\" style=\"display:none;\">Toggle<\/span><span class=\"ez-toc-icon-toggle-span\"><svg style=\"fill: #999;color:#999\" xmlns=\"http:\/\/www.w3.org\/2000\/svg\" class=\"list-377408\" width=\"20px\" height=\"20px\" viewBox=\"0 0 24 24\" fill=\"none\"><path d=\"M6 6H4v2h2V6zm14 0H8v2h12V6zM4 11h2v2H4v-2zm16 0H8v2h12v-2zM4 16h2v2H4v-2zm16 0H8v2h12v-2z\" fill=\"currentColor\"><\/path><\/svg><svg style=\"fill: #999;color:#999\" class=\"arrow-unsorted-368013\" xmlns=\"http:\/\/www.w3.org\/2000\/svg\" width=\"10px\" height=\"10px\" viewBox=\"0 0 24 24\" version=\"1.2\" baseProfile=\"tiny\"><path d=\"M18.2 9.3l-6.2-6.3-6.2 6.3c-.2.2-.3.4-.3.7s.1.5.3.7c.2.2.4.3.7.3h11c.3 0 .5-.1.7-.3.2-.2.3-.5.3-.7s-.1-.5-.3-.7zM5.8 14.7l6.2 6.3 6.2-6.3c.2-.2.3-.5.3-.7s-.1-.5-.3-.7c-.2-.2-.4-.3-.7-.3h-11c-.3 0-.5.1-.7.3-.2.2-.3.5-.3.7s.1.5.3.7z\"\/><\/svg><\/span><\/span><\/label><input type=\"checkbox\"  id=\"ez-toc-cssicon-toggle-item-69ed07b8ec241\" checked aria-label=\"Toggle\" \/><nav><ul class='ez-toc-list ez-toc-list-level-1 ' ><li class='ez-toc-page-1 ez-toc-heading-level-2'><a class=\"ez-toc-link ez-toc-heading-1\" href=\"https:\/\/www.proptradingscam.com\/it\/tasse\/#punti-chiave\" >Punti chiave<\/a><\/li><li class='ez-toc-page-1 ez-toc-heading-level-2'><a class=\"ez-toc-link ez-toc-heading-2\" href=\"https:\/\/www.proptradingscam.com\/it\/tasse\/#quali-tasse-si-applicano-al-prop-trading-in-italia\" >Quali tasse si applicano al Prop Trading in Italia?<\/a><\/li><li class='ez-toc-page-1 ez-toc-heading-level-2'><a class=\"ez-toc-link ez-toc-heading-3\" href=\"https:\/\/www.proptradingscam.com\/it\/tasse\/#il-prop-trading-e-unattivita-commerciale\" >Il Prop Trading \u00e8 un&#8217;attivit\u00e0 commerciale<\/a><ul class='ez-toc-list-level-3' ><li class='ez-toc-heading-level-3'><a class=\"ez-toc-link ez-toc-heading-4\" href=\"https:\/\/www.proptradingscam.com\/it\/tasse\/#partita-iva-e-registrazione-presso-lufficio-delle-imposte\" >Partita Iva e registrazione presso l&#8217;ufficio delle imposte<\/a><\/li><li class='ez-toc-page-1 ez-toc-heading-level-3'><a class=\"ez-toc-link ez-toc-heading-5\" href=\"https:\/\/www.proptradingscam.com\/it\/tasse\/#attenzione-falsa-autonomia\" >Attenzione: Falsa autonomia<\/a><\/li><li class='ez-toc-page-1 ez-toc-heading-level-3'><a class=\"ez-toc-link ez-toc-heading-6\" href=\"https:\/\/www.proptradingscam.com\/it\/tasse\/#approvazione-da-parte-della-consob\" >Approvazione da parte della CONSOB<\/a><\/li><\/ul><\/li><li class='ez-toc-page-1 ez-toc-heading-level-2'><a class=\"ez-toc-link ez-toc-heading-7\" href=\"https:\/\/www.proptradingscam.com\/it\/tasse\/#ecco-quanto-a-quanto-ammonta-la-tassazione-sul-prop-trading\" >Ecco quanto a quanto ammonta la tassazione sul Prop Trading<\/a><\/li><li class='ez-toc-page-1 ez-toc-heading-level-2'><a class=\"ez-toc-link ez-toc-heading-8\" href=\"https:\/\/www.proptradingscam.com\/it\/tasse\/#tasse-sul-prop-trading-chiedi-consiglio-a-un-commercialista\" >Tasse sul Prop Trading: Chiedi consiglio a un commercialista<\/a><\/li><li class='ez-toc-page-1 ez-toc-heading-level-2'><a class=\"ez-toc-link ez-toc-heading-9\" href=\"https:\/\/www.proptradingscam.com\/it\/tasse\/#in-generale-i-prop-trader-sono-soggetti-solo-allimposta-sul-reddito\" >In generale: i Prop Trader sono soggetti solo all&#8217;imposta sul reddito<\/a><\/li><li class='ez-toc-page-1 ez-toc-heading-level-2'><a class=\"ez-toc-link ez-toc-heading-10\" href=\"https:\/\/www.proptradingscam.com\/it\/tasse\/#altri-paesi-altre-tasse\" >Altri paesi, altre tasse<\/a><ul class='ez-toc-list-level-3' ><li class='ez-toc-heading-level-3'><a class=\"ez-toc-link ez-toc-heading-11\" href=\"https:\/\/www.proptradingscam.com\/it\/tasse\/#tasse-sul-prop-trading-a-san-marino\" >Tasse sul Prop Trading a San Marino<\/a><\/li><li class='ez-toc-page-1 ez-toc-heading-level-3'><a class=\"ez-toc-link ez-toc-heading-12\" href=\"https:\/\/www.proptradingscam.com\/it\/tasse\/#tasse-sul-prop-trading-in-svizzera\" >Tasse sul Prop Trading in Svizzera<\/a><\/li><\/ul><\/li><li class='ez-toc-page-1 ez-toc-heading-level-2'><a class=\"ez-toc-link ez-toc-heading-13\" href=\"https:\/\/www.proptradingscam.com\/it\/tasse\/#conclusioni\" >Conclusioni<\/a><\/li><li class='ez-toc-page-1 ez-toc-heading-level-2'><a class=\"ez-toc-link ez-toc-heading-14\" href=\"https:\/\/www.proptradingscam.com\/it\/tasse\/#faq\" >FAQ<\/a><ul class='ez-toc-list-level-3' ><li class='ez-toc-heading-level-3'><a class=\"ez-toc-link ez-toc-heading-15\" href=\"https:\/\/www.proptradingscam.com\/it\/tasse\/#in-quale-giurisdizione-legale-opera-il-prop-trader\" >In quale giurisdizione legale opera il Prop Trader?<\/a><\/li><li class='ez-toc-page-1 ez-toc-heading-level-3'><a class=\"ez-toc-link ez-toc-heading-16\" href=\"https:\/\/www.proptradingscam.com\/it\/tasse\/#quali-tasse-paga-il-prop-trader\" >Quali tasse paga il Prop Trader?<\/a><\/li><li class='ez-toc-page-1 ez-toc-heading-level-3'><a class=\"ez-toc-link ez-toc-heading-17\" href=\"https:\/\/www.proptradingscam.com\/it\/tasse\/#ho-bisogno-di-una-partita-iva-per-il-prop-trading\" >Ho bisogno di una Partita Iva per il Prop Trading?<\/a><\/li><li class='ez-toc-page-1 ez-toc-heading-level-3'><a class=\"ez-toc-link ez-toc-heading-18\" href=\"https:\/\/www.proptradingscam.com\/it\/tasse\/#posso-fondare-una-srl-per-lattivita-di-prop-trading\" >Posso fondare una S.R.L. per l&#8217;attivit\u00e0 di Prop Trading?<\/a><\/li><li class='ez-toc-page-1 ez-toc-heading-level-3'><a class=\"ez-toc-link ez-toc-heading-19\" href=\"https:\/\/www.proptradingscam.com\/it\/tasse\/#chi-mi-aiuta-con-la-registrazione-fiscale-per-il-prop-trading\" >Chi mi aiuta con la registrazione fiscale per il Prop Trading?<\/a><\/li><\/ul><\/li><\/ul><\/nav><\/div>\n\n<h2><span class=\"ez-toc-section\" id=\"punti-chiave\"><\/span>Punti chiave<span class=\"ez-toc-section-end\"><\/span><\/h2>\n<ul>\n<li>Chi opera come Prop Trader agisce come <u>libero professionista e ha bisogno di una partita iva<\/u>. In questo senso il prop trader \u00e8 un professionista a tutti gli effetti. In alternativa, le attivit\u00e0 di Prop Trading possono essere gestite attraverso una propria societ\u00e0 finanziaria (S.R.L.)<\/li>\n<li>I <u>profitti del Prop Trading sono soggetti all&#8217;imposta sul reddito<\/u>. L&#8217;importo dell&#8217;imposta dipende dal profitto effettivamente realizzato. In Italia il regime fiscale \u00e8 molto elaborato. Per questo pu\u00f2 essere un bene consultarsi anche con un consulente finanziario per capire a quale tassazione rientra il tuo caso e, quindi, non sbagliare la tua dichiarazione dei redditi<\/li>\n<li>In questa guida voglio analizzare approfonditamente <u>la tassazione riguardante l\u2019attivit\u00e0 di Prop Trading, i regimi fiscali (regime ordinario, regime semplificato o regime fortettario) legati al trading finanziario<\/u>, le possibili detrazioni e i fondamenti legali dell\u2019attivit\u00e0 di prop trading. Inoltre dar\u00f2 qualche accenno anche alle imposte sul Prop Trading riguardanti San Marino e la Svizzera<\/li>\n<\/ul>\n<h2><span class=\"ez-toc-section\" id=\"quali-tasse-si-applicano-al-prop-trading-in-italia\"><\/span>Quali tasse si applicano al Prop Trading in Italia?<span class=\"ez-toc-section-end\"><\/span><\/h2>\n<p>Le entrate derivanti dal <strong>Proprietary Trading sono soggette a tassazione<\/strong>. Chi opera come libero professionista paga l&#8217;imposta sul reddito sul surplus delle proprie attivit\u00e0.<\/p>\n<p>In questo caso, non avrai a che fare con l&#8217;imposta fissa del 25 percento, che i broker richiedono di pagare. Il motivo \u00e8 semplice: <strong>non stai negoziando con il tuo denaro, ma con il capitale della Prop Firm<\/strong>. In questo contesto cio\u00e8 non importa fondamentalmente se stai utilizzando un semplice conto demo virtuale (come ad esempio presso <a href=\"\/it\/ftmo\/\">FTMO<\/a>) o un conto reale con denaro effettivo (come ad esempio presso <a href=\"\/it\/heldental\/\">Heldental<\/a>).<\/p>\n<p>In entrambi i casi stai svolgendo operazioni di trading con il denaro della Prop Firm. Approfondendo, diciamo che, poich\u00e9<strong> il prop trader non gestisce i fondi dei risparmiatori ma opera con il capitale finanziato dalla Prop House<\/strong>, non vi \u00e8 esigenza di tutela del mercato o del risparmiatore. Insomma, a differenza di un consulente finanziario, il prop trader non deve essere regolamentato dall\u2019Organismo di vigilanza e tutela dell\u2019Albo Unico dei Consulenti Finanziari (cio\u00e8 all\u2019OCF),<\/p>\n<p>A ci\u00f2 va aggiunto che <strong>non \u00e8 necessario compilare un rendiconto di profitti e perdite<\/strong>. Per <a href=\"\/it\/definizione\/\">definizione di Prop Trading<\/a> non \u00e8 possibile subire perdite proprie. Tuttavia, se agisci come libero professionista con Partita Iva e hai altre spese, come l&#8217;acquisto di un nuovo computer, l&#8217;affitto di un ufficio o le spese telefoniche e internet, puoi naturalmente compensare queste spese con le tue entrate. Lo stesso vale per i contributi assicurativi e sociali.<\/p>\n<p>L\u2019imposta che dovr\u00e0 pagare un Prop Trader in Italia dipende dal regime fiscale che ha scelto:<\/p>\n<ul>\n<li>Nel caso di<strong> regime forfettario<\/strong>, l&#8217;imposta sar\u00e0 del 5% se l\u2019attivit\u00e0 \u00e8 nuova, o del 15% nelle altre casistiche.<\/li>\n<li>Nel caso di <strong>regime ordinario<\/strong> o di <strong>regime semplificato<\/strong>, l\u2019imposta da calcolare \u00e8 l\u2019IRPEF. e varia in base a molti fattori.<\/li>\n<\/ul>\n<p>In entrambi i casi, inoltre, il prop trader dovr\u00e0 <strong>versare i contributi all\u2019INPS<\/strong>. Poich\u00e9 si tratta di un libero professionista non iscritto ad alcun Albo, questi contributi saranno versati alla Gestione Separata dell\u2019Istituto Previdenziale.<\/p>\n<h2><span class=\"ez-toc-section\" id=\"il-prop-trading-e-unattivita-commerciale\"><\/span>Il Prop Trading \u00e8 un&#8217;attivit\u00e0 commerciale<span class=\"ez-toc-section-end\"><\/span><\/h2>\n<p>Chi desidera essere attivo come Prop Trader deve registrare una Partita Iva. (In Italia esiste un Codice Ateco legato alle attivit\u00e0 di trading finanziario: 74.90.99). Tuttavia, in pratica, <strong>non devi farlo immediatamente dopo esserti registrato sul sito di una Prop House<\/strong>. Durante la fase di valutazione, infatti, puoi svolgere l\u2019attivit\u00e0 del prop trader perch\u00e9 ancora non stai ancora generando profitti. Solo quando ricevi un contratto dalla Prop Firm \u00e8 necessario registrarti come libero professionista.<\/p>\n<h3><span class=\"ez-toc-section\" id=\"partita-iva-e-registrazione-presso-lufficio-delle-imposte\"><\/span>Partita Iva e registrazione presso l&#8217;ufficio delle imposte<span class=\"ez-toc-section-end\"><\/span><\/h3>\n<p>La Partita Iva pu\u00f2 essere richiesta online o presso l&#8217;ufficio competente. Dopo la tua registrazione come libero professionista o la segnalazione che hai aperto una tua attivit\u00e0 commerciale secondaria, l&#8217;ufficio delle imposte verr\u00e0 informato automaticamente.<\/p>\n<p>La registrazione commerciale e il numero di identificazione fiscale della tua Partita Iva sono importanti per poter ricevere le fatture dalla Prop Firm da cui sei stato finanziato. <strong>Ogni Prop Firm seria infatti emette pagamenti soltanto tramite fattura.<\/strong><\/p>\n<p>Chi invece desidera <strong>fondare una S.R.L.<\/strong> (o un&#8217;altra societ\u00e0\/persona giuridica) per il proprio Prop Trading pu\u00f2 farlo. La S.R.L. viene registrata presso il registro delle imprese. Successivamente \u00e8 consigliabile ottenere un numero di partita Iva. In questo modo le fatture inviate alla societ\u00e0 di Prop Trading saranno esenti dall&#8217;IVA.<\/p>\n<h3><span class=\"ez-toc-section\" id=\"attenzione-falsa-autonomia\"><\/span>Attenzione: Falsa autonomia<span class=\"ez-toc-section-end\"><\/span><\/h3>\n<p>Se lavori solo per una societ\u00e0 di Prop Trading, potrebbe sorgere <strong>il problema della falsa autonomia<\/strong>. Nell&#8217;ambito anglo-americano, i lavoratori autonomi vengono considerati dipendenti dalle aziende per le quali lavorano. Le societ\u00e0 di Prop Trading operano quasi esclusivamente secondo questo modello. Tuttavia in Italia non esiste questa forma.<\/p>\n<p>Per escludere in modo fondamentale la possibilit\u00e0 della falsa autonomia \u00e8 consigliabile essere attivi con pi\u00f9 aziende o avere altre fonti di reddito. \u00c8 opportuno ottenere tempestivamente le informazioni necessarie da un avvocato specializzato in diritto tributario o da un consulente fiscale.<\/p>\n<h3><span class=\"ez-toc-section\" id=\"approvazione-da-parte-della-consob\"><\/span>Approvazione da parte della CONSOB<span class=\"ez-toc-section-end\"><\/span><\/h3>\n<p>Come Prop Trader <strong>non hai bisogno di una licenza CONSOB<\/strong>. Non operi in modo indipendente con contratti a termine o altre attivit\u00e0 commerciali. Non utilizzi nemmeno il tuo capitale. Ancora meno raccogli denaro da investitori per effettuare operazioni di trading.<\/p>\n<h2><span class=\"ez-toc-section\" id=\"ecco-quanto-a-quanto-ammonta-la-tassazione-sul-prop-trading\"><\/span>Ecco quanto a quanto ammonta la tassazione sul Prop Trading<span class=\"ez-toc-section-end\"><\/span><\/h2>\n<p>Di seguito ti presento <strong>un esempio per il calcolo delle tasse<\/strong> sul Prop Trading in Italia. L\u2019ipotesi \u00e8 che tu sia single, appartenga al regime forfettario, un regime cio\u00e8 che non pu\u00f2 beneficiare di alcuna deduzione fiscale, e che tu sia un Prop Trader giovane (hai aperto la tua partita iva neppure 3 anni fa) ma di successo (nell\u2019ultimo anno hai generato dalle tua attivit\u00e0 di proprietary trading un reddito di 80.000\u20ac).<\/p>\n<p>Sottolineiamo che si tratta quindi di un calcolo fittizio e ipotetico, che ovviamente non corrisponde alla tua dichiarazione dei redditi.<\/p>\n<ul>\n<li>Entrate da Prop Trading: 80.000 Euro<\/li>\n<li>Deduzione: NON AMMESSA poich\u00e9 operi in regime forfettario<\/li>\n<li>Imposta sul reddito: 4.000 Euro (calcolata con un\u2019aliquota del 5% per Partite Iva forfettarie aperte da poco tempo)<\/li>\n<li>Guadagno pulito: 76.000 Euro (al quale sottrarre i contributi previddenziali).<\/li>\n<\/ul>\n<p><strong>Per chi invece fa trading tramite una Societ\u00e0<\/strong>, cio\u00e8 gestisce le attivit\u00e0 attraverso un&#8217;azienda, le cose in Italia sono molto meno facili. Se \u00e8 vero che in questo caso puoi usufruire di sgravi e deduzioni fiscali, le tasse da tenere presenti sono di varia natura. Per questo non ci arrischiamo nemmeno in un loro calcolo ipotetico. Se hai preso la decisione di fondare una S.R.L. consulta subito un consulente fiscale esperto in materia.<\/p>\n<p>Un&#8217;altra opzione \u00e8 che tu ti assuma come dipendente nella tua stessa Societ\u00e0. In questo caso sarai quindi soggetto all&#8217;assicurazione sociale. Riceverai uno stipendio lordo, dal quale verranno detratte le imposte previdenziali e sanitarie, oltre all&#8217;imposta sul reddito netto.<\/p>\n<h2><span class=\"ez-toc-section\" id=\"tasse-sul-prop-trading-chiedi-consiglio-a-un-commercialista\"><\/span>Tasse sul Prop Trading: Chiedi consiglio a un commercialista<span class=\"ez-toc-section-end\"><\/span><\/h2>\n<p>Il mio consiglio \u00e8 che, quando inizi la tua attivit\u00e0 come Prop Trader, ti metta in contatto fin da subito con <strong>un<\/strong> <strong>commercialista esperto in materia<\/strong>. Fatti guidare dalle sue competenze. Non solo ti informer\u00e0 sulle tasse riguardanti la tua attivit\u00e0 di prop trading, ma anche ti illustrer\u00e0 come poter risparmiare o darti consigli su ti cosa conviene, se inquadrarti come lavoratore autonomo o fondare una S.R.L.<\/p>\n<h2><span class=\"ez-toc-section\" id=\"in-generale-i-prop-trader-sono-soggetti-solo-allimposta-sul-reddito\"><\/span>In generale: i Prop Trader sono soggetti solo all&#8217;imposta sul reddito<span class=\"ez-toc-section-end\"><\/span><\/h2>\n<p>La dichiarazione dei redditi finale \u00e8 naturalmente individuale per ogni Prop Trader. La presentazione dipende da vari fattori, come lo stato civile, il regime fiscale (se regime ordinario, semplificato o forfettario) e quindi l\u2019aliquota che riguarda il caso, il numero di figli. In Italia ci sono diverse detrazioni fiscali che \u00e8 possibile richiedere anche come Prop Trader.<\/p>\n<p>Da notare che, in generale, come lavoratore autonomo si \u00e8 tenuti a pagare solo l&#8217;imposta sul reddito. Chi invece fa affari di Prop Trading con una Societ\u00e0 paga l&#8217;imposta sulle societ\u00e0 e l&#8217;imposta commerciale per la propria azienda.<\/p>\n<h2><span class=\"ez-toc-section\" id=\"altri-paesi-altre-tasse\"><\/span>Altri paesi, altre tasse<span class=\"ez-toc-section-end\"><\/span><\/h2>\n<p>Ogni paese ha le proprie leggi fiscali, sebbene all&#8217;interno dell&#8217;Unione Europea esse siano in gran parte armonizzate.<\/p>\n<p>Vorrei dare un breve sguardo alle tasse sul Prop Trading in Svizzera e a San Marino:<\/p>\n<ul>\n<li><a href=\"#tasse-sul-prop-trading-a-san-marino\">San Marino<\/a><\/li>\n<li><a href=\"#tasse-sul-prop-trading-in-svizzera\">Svizzera<\/a><\/li>\n<\/ul>\n<h3><span class=\"ez-toc-section\" id=\"tasse-sul-prop-trading-a-san-marino\"><\/span>Tasse sul Prop Trading a San Marino<span class=\"ez-toc-section-end\"><\/span><\/h3>\n<p>Anche a San Marino si applica l&#8217;imposta sul reddito per il Prop Trading. Come in Italia, anche in questo piccolo Paese l\u2019ammontare della tassazione varia in base alle circostanze personali del contribuente. Il mio consiglio, di nuovo, \u00e8 quello di chiedere una consulenza ad un Dottore commercialista.<\/p>\n<h3><span class=\"ez-toc-section\" id=\"tasse-sul-prop-trading-in-svizzera\"><\/span>Tasse sul Prop Trading in Svizzera<span class=\"ez-toc-section-end\"><\/span><\/h3>\n<p>In Svizzera non ci sono regolamentazioni specifiche per il Proprietary Trading. I profitti derivanti dal Prop Trading, secondo la mia esperienza, vengono considerati come guadagni da gestione patrimoniale e vengono trattati di conseguenza dall&#8217;autorit\u00e0 fiscale svizzera. L\u2019aliquota fiscale esatta pu\u00f2 variare da cantone a cantone. In Svizzera, vale sempre la pena far compilare la dichiarazione dei redditi da un commercialista qualificato.<\/p>\n<h2><span class=\"ez-toc-section\" id=\"conclusioni\"><\/span>Conclusioni<span class=\"ez-toc-section-end\"><\/span><\/h2>\n<p>In conclusione, si pu\u00f2 dire che <strong>\u00e8 necessario dichiarare i guadagni derivanti dal Prop Trading<\/strong>. Insomma ogni profitto derivante dal trading proprietario \u00e8 soggetto a tassazione. Tuttavia in alcuni casi, specie nel hai aderito al regime fiscale ordinario, <strong>\u00e8 possibile detrarre alcune spese<\/strong> per ridurre l&#8217;onere fiscale.<\/p>\n<p>In linea di principio, non vi \u00e8 differenza se ti registri presso un fornitore di Prop Trading come individuo (lavoratore autonomo) o come azienda. Sarai sempre soggetto all&#8217;obbligo fiscale.<\/p>\n<p>Poich\u00e9 le leggi fiscali in Italia sono complesse, \u00e8 consigliabile sempre avvalersi dell&#8217;aiuto di commercialisti qualificati.<\/p>\n<h2><span class=\"ez-toc-section\" id=\"faq\"><\/span>FAQ<span class=\"ez-toc-section-end\"><\/span><\/h2>\n<p>Nella sezione delle domande frequenti (FAQ) ho riassunto ancora una volta le informazioni pi\u00f9 rilevanti sulle tasse sul Prop Trading.<\/p>\n<h3><span class=\"ez-toc-section\" id=\"in-quale-giurisdizione-legale-opera-il-prop-trader\"><\/span>In quale giurisdizione legale opera il Prop Trader?<span class=\"ez-toc-section-end\"><\/span><\/h3>\n<p>I Prop Trader sono in un certo senso dipendenti dalle direttive, ma non sono impiegati presso la societ\u00e0 di Prop Trading. Agiscono <strong>come trader indipendenti<\/strong>. Per fare ci\u00f2, \u00e8 necessario registrare una Partita Iva. Ulteriori informazioni possono essere trovate nella sezione \u201c<a href=\"#il-prop-trading-e-unattivita-commerciale\">Il Prop Trading \u00e8 un&#8217;attivit\u00e0 commerciale<\/a>\u201c.<\/p>\n<h3><span class=\"ez-toc-section\" id=\"quali-tasse-paga-il-prop-trader\"><\/span>Quali tasse paga il Prop Trader?<span class=\"ez-toc-section-end\"><\/span><\/h3>\n<p>Un Prop Trader <strong>paga l&#8217;imposta sul reddito<\/strong>. Chi invece apre un Conto presso una Prop Firm con una S.R.L. paga l&#8217;imposta commerciale e l&#8217;imposta sulle societ\u00e0. Per ulteriori informazioni, consulta la sezione \u201c<a href=\"#in-generale-i-prop-trader-sono-soggetti-solo-allimposta-sul-reddito\">In generale: i Prop Trader sono soggetti solo all&#8217;imposta sul reddito<\/a>\u201c.<\/p>\n<h3><span class=\"ez-toc-section\" id=\"ho-bisogno-di-una-partita-iva-per-il-prop-trading\"><\/span>Ho bisogno di una Partita Iva per il Prop Trading?<span class=\"ez-toc-section-end\"><\/span><\/h3>\n<p><strong>S\u00ec. Senza la registrazione della Partita Iva non \u00e8 possibile fare trading in modo professionale<\/strong>. Cio\u00e8 \u00e8 necessario registrarsi presso l&#8217;ufficio delle imposte per poter inviare le tue fatture al fornitore di servizi di Prop Trading. Per ulteriori informazioni, leggi la sezione \u201c<a href=\"#il-prop-trading-e-unattivita-commerciale\">Il Prop Trading \u00e8 un&#8217;attivit\u00e0 commerciale<\/a>\u201c.<\/p>\n<h3><span class=\"ez-toc-section\" id=\"posso-fondare-una-srl-per-lattivita-di-prop-trading\"><\/span>Posso fondare una S.R.L. per l&#8217;attivit\u00e0 di Prop Trading?<span class=\"ez-toc-section-end\"><\/span><\/h3>\n<p><strong>S\u00ec, \u00e8 possibile fondare una S.R.L.<\/strong> per l&#8217;attivit\u00e0 di Prop Trading. Una persona giuridica ha vantaggi e svantaggi per quanto riguarda la tassazione del Prop Trading. Troverai tutte le informazioni nella sezione \u201c<a href=\"#ecco-quanto-a-quanto-ammonta-la-tassazione-sul-prop-trading\">Ecco quanto \u00e8 alta la tua tassa sul Prop Trading<\/a>\u201c.<\/p>\n<h3><span class=\"ez-toc-section\" id=\"chi-mi-aiuta-con-la-registrazione-fiscale-per-il-prop-trading\"><\/span>Chi mi aiuta con la registrazione fiscale per il Prop Trading?<span class=\"ez-toc-section-end\"><\/span><\/h3>\n<p>Non dovresti mai compilare da solo la dichiarazione dei redditi. <strong>Cerca sempre un Dottore commercialista qualificato che comprenda anche l&#8217;attivit\u00e0 di Prop Trading<\/strong>. La mia raccomandazione \u00e8 stata approfondita nella sezione \u201c<a href=\"#tasse-sul-prop-trading-chiedi-consiglio-a-un-commercialista\">Tasse sul Prop Trading: Chiedi consiglio a un commercialista<\/a>\u201c.<\/p>\n","protected":false},"excerpt":{"rendered":"<p>Come trader di successo nel campo del Prop Trading, ti troverai rapidamente a dover affrontare la questione delle tasse sul Prop Trading durante il tuo primo prelievo. Ma cosa significa questo esattamente? In questa guida, approfondir\u00f2 il tema delle tasse nel Prop Trading e spiegher\u00f2 in particolare come devi dichiarare i tuoi profitti derivanti dal &#8230; <a title=\"Le tasse sul Prop Trading spiegate\" class=\"read-more\" href=\"https:\/\/www.proptradingscam.com\/it\/tasse\/\" aria-label=\"Per saperne di pi\u00f9 su Le tasse sul Prop Trading spiegate\">Leggi tutto<\/a><\/p>\n","protected":false},"author":3,"featured_media":0,"parent":0,"menu_order":0,"comment_status":"closed","ping_status":"closed","template":"","meta":{"footnotes":""},"class_list":["post-1658","page","type-page","status-publish"],"_links":{"self":[{"href":"https:\/\/www.proptradingscam.com\/it\/wp-json\/wp\/v2\/pages\/1658","targetHints":{"allow":["GET"]}}],"collection":[{"href":"https:\/\/www.proptradingscam.com\/it\/wp-json\/wp\/v2\/pages"}],"about":[{"href":"https:\/\/www.proptradingscam.com\/it\/wp-json\/wp\/v2\/types\/page"}],"author":[{"embeddable":true,"href":"https:\/\/www.proptradingscam.com\/it\/wp-json\/wp\/v2\/users\/3"}],"replies":[{"embeddable":true,"href":"https:\/\/www.proptradingscam.com\/it\/wp-json\/wp\/v2\/comments?post=1658"}],"version-history":[{"count":0,"href":"https:\/\/www.proptradingscam.com\/it\/wp-json\/wp\/v2\/pages\/1658\/revisions"}],"wp:attachment":[{"href":"https:\/\/www.proptradingscam.com\/it\/wp-json\/wp\/v2\/media?parent=1658"}],"curies":[{"name":"wp","href":"https:\/\/api.w.org\/{rel}","templated":true}]}}