{"id":961,"date":"2023-12-08T12:31:46","date_gmt":"2023-12-08T12:31:46","guid":{"rendered":"https:\/\/www.proptradingscam.com\/?page_id=961"},"modified":"2023-12-08T12:31:46","modified_gmt":"2023-12-08T12:31:46","slug":"advertencia-de-riesgo","status":"publish","type":"page","link":"https:\/\/www.proptradingscam.com\/es\/advertencia-de-riesgo\/","title":{"rendered":"Advertencia de Riesgo"},"content":{"rendered":"<p>Al utilizar nuestro sitio web, <u>aceptas la siguiente advertencia de riesgo<\/u>.<\/p>\n<div id=\"ez-toc-container\" class=\"ez-toc-v2_0_81 ez-toc-wrap-center counter-hierarchy ez-toc-counter ez-toc-grey ez-toc-container-direction\">\n<p class=\"ez-toc-title\" style=\"cursor:inherit\">\u00cdndice<\/p>\n<label for=\"ez-toc-cssicon-toggle-item-69ed03b73c5ba\" class=\"ez-toc-cssicon-toggle-label\"><span class=\"ez-toc-cssicon\"><span class=\"eztoc-hide\" style=\"display:none;\">Toggle<\/span><span class=\"ez-toc-icon-toggle-span\"><svg style=\"fill: #999;color:#999\" xmlns=\"http:\/\/www.w3.org\/2000\/svg\" class=\"list-377408\" width=\"20px\" height=\"20px\" viewBox=\"0 0 24 24\" fill=\"none\"><path d=\"M6 6H4v2h2V6zm14 0H8v2h12V6zM4 11h2v2H4v-2zm16 0H8v2h12v-2zM4 16h2v2H4v-2zm16 0H8v2h12v-2z\" fill=\"currentColor\"><\/path><\/svg><svg style=\"fill: #999;color:#999\" class=\"arrow-unsorted-368013\" xmlns=\"http:\/\/www.w3.org\/2000\/svg\" width=\"10px\" height=\"10px\" viewBox=\"0 0 24 24\" version=\"1.2\" baseProfile=\"tiny\"><path d=\"M18.2 9.3l-6.2-6.3-6.2 6.3c-.2.2-.3.4-.3.7s.1.5.3.7c.2.2.4.3.7.3h11c.3 0 .5-.1.7-.3.2-.2.3-.5.3-.7s-.1-.5-.3-.7zM5.8 14.7l6.2 6.3 6.2-6.3c.2-.2.3-.5.3-.7s-.1-.5-.3-.7c-.2-.2-.4-.3-.7-.3h-11c-.3 0-.5.1-.7.3-.2.2-.3.5-.3.7s.1.5.3.7z\"\/><\/svg><\/span><\/span><\/label><input type=\"checkbox\"  id=\"ez-toc-cssicon-toggle-item-69ed03b73c5ba\" checked aria-label=\"Alternar\" \/><nav><ul class='ez-toc-list ez-toc-list-level-1 ' ><li class='ez-toc-page-1 ez-toc-heading-level-2'><a class=\"ez-toc-link ez-toc-heading-1\" href=\"https:\/\/www.proptradingscam.com\/es\/advertencia-de-riesgo\/#riesgos-del-mercado-y-financieros\" >Riesgos del Mercado y Financieros<\/a><\/li><li class='ez-toc-page-1 ez-toc-heading-level-2'><a class=\"ez-toc-link ez-toc-heading-2\" href=\"https:\/\/www.proptradingscam.com\/es\/advertencia-de-riesgo\/#sin-responsabilidad-por-el-contenido\" >Sin Responsabilidad por el Contenido<\/a><\/li><li class='ez-toc-page-1 ez-toc-heading-level-2'><a class=\"ez-toc-link ez-toc-heading-3\" href=\"https:\/\/www.proptradingscam.com\/es\/advertencia-de-riesgo\/#sin-asesoramiento-financiero\" >Sin Asesoramiento Financiero<\/a><\/li><li class='ez-toc-page-1 ez-toc-heading-level-2'><a class=\"ez-toc-link ez-toc-heading-4\" href=\"https:\/\/www.proptradingscam.com\/es\/advertencia-de-riesgo\/#requisitos-para-el-prop-trading\" >Requisitos para el Prop Trading<\/a><\/li><li class='ez-toc-page-1 ez-toc-heading-level-2'><a class=\"ez-toc-link ez-toc-heading-5\" href=\"https:\/\/www.proptradingscam.com\/es\/advertencia-de-riesgo\/#advertencia-contra-expectativas-irrealistas\" >Advertencia contra Expectativas Irrealistas<\/a><\/li><li class='ez-toc-page-1 ez-toc-heading-level-2'><a class=\"ez-toc-link ez-toc-heading-6\" href=\"https:\/\/www.proptradingscam.com\/es\/advertencia-de-riesgo\/#aspectos-psicologicos\" >Aspectos Psicol\u00f3gicos<\/a><\/li><li class='ez-toc-page-1 ez-toc-heading-level-2'><a class=\"ez-toc-link ez-toc-heading-7\" href=\"https:\/\/www.proptradingscam.com\/es\/advertencia-de-riesgo\/#nota-final\" >Nota Final<\/a><\/li><\/ul><\/nav><\/div>\n\n<h2><span class=\"ez-toc-section\" id=\"riesgos-del-mercado-y-financieros\"><\/span>Riesgos del Mercado y Financieros<span class=\"ez-toc-section-end\"><\/span><\/h2>\n<p>Operar con productos financieros, especialmente en trading y prop trading, implica riesgos significativos. Existe el peligro real de perder todo el capital invertido. Por lo tanto, invierte solo dinero que puedas permitirte perder a largo plazo y cuya p\u00e9rdida puedas soportar financieramente.<\/p>\n<h2><span class=\"ez-toc-section\" id=\"sin-responsabilidad-por-el-contenido\"><\/span>Sin Responsabilidad por el Contenido<span class=\"ez-toc-section-end\"><\/span><\/h2>\n<p>Aunque toda la informaci\u00f3n en <a href=\"\/es\/\">PropTradingScam.com<\/a> ha sido investigada con el m\u00e1ximo cuidado y se actualiza regularmente por nuestros autores, no aceptamos responsabilidad alguna por la precisi\u00f3n, integridad o actualidad de la informaci\u00f3n presentada.<\/p>\n<h2><span class=\"ez-toc-section\" id=\"sin-asesoramiento-financiero\"><\/span>Sin Asesoramiento Financiero<span class=\"ez-toc-section-end\"><\/span><\/h2>\n<p>El contenido de nuestro sitio web no constituye asesoramiento financiero y no debe interpretarse como tal. Tampoco el contenido es una recomendaci\u00f3n para comprar o vender productos financieros.<\/p>\n<h2><span class=\"ez-toc-section\" id=\"requisitos-para-el-prop-trading\"><\/span>Requisitos para el Prop Trading<span class=\"ez-toc-section-end\"><\/span><\/h2>\n<p>Comienza con el prop trading solo si:<\/p>\n<ul>\n<li>has comprendido completamente el producto financiero y sus reglas asociadas<\/li>\n<li>has elegido una firma de prop trading fiable y de buena reputaci\u00f3n<\/li>\n<li>has asegurado que el prop trading es legal en tu pa\u00eds<\/li>\n<li>te has informado sobre posibles impuestos que puedan aplicarse en tu pa\u00eds<\/li>\n<li>eres consciente de que solo una peque\u00f1a parte de los traders tienen \u00e9xito permanente<\/li>\n<li>eres consciente de que la mayor\u00eda de los desaf\u00edos iniciados no tienen \u00e9xito<\/li>\n<li>ya has adquirido suficiente experiencia en el sector del trading<\/li>\n<\/ul>\n<h2><span class=\"ez-toc-section\" id=\"advertencia-contra-expectativas-irrealistas\"><\/span>Advertencia contra Expectativas Irrealistas<span class=\"ez-toc-section-end\"><\/span><\/h2>\n<p>No comiences con el prop trading si:<\/p>\n<ul>\n<li>lo consideras una manera r\u00e1pida y f\u00e1cil de enriquecerte<\/li>\n<li>no est\u00e1s dispuesto a invertir tiempo y esfuerzo en aprender y comprender el trading<\/li>\n<li>no has comprendido completamente el producto financiero y sus mecanismos<\/li>\n<\/ul>\n<h2><span class=\"ez-toc-section\" id=\"aspectos-psicologicos\"><\/span>Aspectos Psicol\u00f3gicos<span class=\"ez-toc-section-end\"><\/span><\/h2>\n<p>S\u00e9 consciente de los desaf\u00edos emocionales y psicol\u00f3gicos del trading. Operar bajo estr\u00e9s o influencias emocionales puede llevar a decisiones sub\u00f3ptimas y p\u00e9rdidas.<\/p>\n<h2><span class=\"ez-toc-section\" id=\"nota-final\"><\/span>Nota Final<span class=\"ez-toc-section-end\"><\/span><\/h2>\n<p>Esta advertencia de riesgo tiene como objetivo hacerte consciente de los riesgos potenciales asociados con el prop trading. Tu decisi\u00f3n de entrar en este campo debe ser cuidadosamente considerada y basada en un conocimiento s\u00f3lido y una evaluaci\u00f3n realista de tu situaci\u00f3n personal y financiera.<\/p>\n","protected":false},"excerpt":{"rendered":"<p>Al utilizar nuestro sitio web, aceptas la siguiente advertencia de riesgo. Riesgos del Mercado y Financieros Operar con productos financieros, especialmente en trading y prop trading, implica riesgos significativos. Existe el peligro real de perder todo el capital invertido. Por lo tanto, invierte solo dinero que puedas permitirte perder a largo plazo y cuya p\u00e9rdida &#8230; <a title=\"Advertencia de Riesgo\" class=\"read-more\" href=\"https:\/\/www.proptradingscam.com\/es\/advertencia-de-riesgo\/\" aria-label=\"Leer m\u00e1s sobre Advertencia de Riesgo\">Leer m\u00e1s<\/a><\/p>\n","protected":false},"author":4,"featured_media":0,"parent":0,"menu_order":0,"comment_status":"closed","ping_status":"closed","template":"","meta":{"footnotes":""},"class_list":["post-961","page","type-page","status-publish"],"_links":{"self":[{"href":"https:\/\/www.proptradingscam.com\/es\/wp-json\/wp\/v2\/pages\/961","targetHints":{"allow":["GET"]}}],"collection":[{"href":"https:\/\/www.proptradingscam.com\/es\/wp-json\/wp\/v2\/pages"}],"about":[{"href":"https:\/\/www.proptradingscam.com\/es\/wp-json\/wp\/v2\/types\/page"}],"author":[{"embeddable":true,"href":"https:\/\/www.proptradingscam.com\/es\/wp-json\/wp\/v2\/users\/4"}],"replies":[{"embeddable":true,"href":"https:\/\/www.proptradingscam.com\/es\/wp-json\/wp\/v2\/comments?post=961"}],"version-history":[{"count":0,"href":"https:\/\/www.proptradingscam.com\/es\/wp-json\/wp\/v2\/pages\/961\/revisions"}],"wp:attachment":[{"href":"https:\/\/www.proptradingscam.com\/es\/wp-json\/wp\/v2\/media?parent=961"}],"curies":[{"name":"wp","href":"https:\/\/api.w.org\/{rel}","templated":true}]}}