{"id":905,"date":"2023-12-07T10:28:49","date_gmt":"2023-12-07T10:28:49","guid":{"rendered":"https:\/\/www.proptradingscam.com\/?page_id=905"},"modified":"2024-08-04T17:06:41","modified_gmt":"2024-08-04T17:06:41","slug":"oneup-trader","status":"publish","type":"page","link":"https:\/\/www.proptradingscam.com\/es\/oneup-trader\/","title":{"rendered":"OneUp Trader Opiniones"},"content":{"rendered":"<p><img decoding=\"async\" src=\"https:\/\/www.proptradingscam.com\/wp-content\/uploads\/2023\/12\/oneup-trader-300x153.png\" alt=\"OneUp Trader\" width=\"300\" height=\"153\" class=\"alignright size-medium wp-image-774\" srcset=\"https:\/\/www.proptradingscam.com\/wp-content\/uploads\/2023\/12\/oneup-trader-300x153.png 300w, https:\/\/www.proptradingscam.com\/wp-content\/uploads\/2023\/12\/oneup-trader-1024x523.png 1024w, https:\/\/www.proptradingscam.com\/wp-content\/uploads\/2023\/12\/oneup-trader-768x392.png 768w, https:\/\/www.proptradingscam.com\/wp-content\/uploads\/2023\/12\/oneup-trader-1536x784.png 1536w, https:\/\/www.proptradingscam.com\/wp-content\/uploads\/2023\/12\/oneup-trader-2048x1045.png 2048w\" sizes=\"(max-width: 300px) 100vw, 300px\" \/>OneUp Trader es <strong>una conocida empresa de prop trading de Estados Unidos<\/strong>.<\/p>\n<p><u>\u00bfPero es OneUp Trader una estafa?<\/u><\/p>\n<p><strong>No, \u00a1no lo es!<\/strong><\/p>\n<p>Nuestras opiniones y experiencia demuestran que <strong>OneUp Trader es una empresa segura de trading por cuenta propia<\/strong>.<\/p>\n<p style=\"text-align: center;\"><a class=\"button\" href=\"\/es\/to\/oneup-trader\" target=\"_blank\" rel=\"noopener sponsored\">\u00a1Reg\u00edstrate en OneUp Trader ahora!<\/a><\/p>\n<p>Puedes compartir tus experiencias con OneUp Trader <a href=\"#comments\">en nuestra secci\u00f3n de comentarios<\/a>.<\/p>\n<h2>Acerca de OneUp Trader<\/h2>\n<p>En la siguiente tabla encontrar\u00e1 <strong>la informaci\u00f3n m\u00e1s esencial sobre OneUp Trader<\/strong>:<\/p>\n<table>\n<caption><u>Descripci\u00f3n de OneUp Trader<\/u><\/caption>\n<tbody>\n<tr>\n<th>Nombre<\/th>\n<td>OneUp Trader<\/td>\n<\/tr>\n<tr>\n<th>P\u00e1gina web<\/th>\n<td><a href=\"\/es\/to\/oneup-trader\" target=\"_blank\" rel=\"noopener sponsored\">www.oneuptrader.com<\/a><\/td>\n<\/tr>\n<tr>\n<th>Empresa<\/th>\n<td>OneUp Trader LLC<\/td>\n<\/tr>\n<tr>\n<th>Direcci\u00f3n<\/th>\n<td>1007 Orange St 4th floor, Wilmington, DE 19801, Estados Unidos<\/td>\n<\/tr>\n<tr>\n<th>CEO<\/th>\n<td>desconocido<\/td>\n<\/tr>\n<tr>\n<th>Fundador<\/th>\n<td>desconocido<\/td>\n<\/tr>\n<tr>\n<th>Fundada<\/th>\n<td>2017<\/td>\n<\/tr>\n<tr>\n<th>Contacto<\/th>\n<td>Chat en vivo, Mail, Tel\u00e9fono<\/td>\n<\/tr>\n<tr>\n<th>E-Mail<\/th>\n<td>support@oneuptrader.com<\/td>\n<\/tr>\n<tr>\n<th>N\u00famero de tel\u00e9fono<\/th>\n<td>+1 (0)302 2310217<\/td>\n<\/tr>\n<tr>\n<th>Capital inicial<\/th>\n<td>$25.000 a $250.000<\/td>\n<\/tr>\n<tr>\n<th>Participaci\u00f3n en beneficios<\/th>\n<td>100% para los primeros $10.000, 90% despu\u00e9s<\/td>\n<\/tr>\n<tr>\n<th>Evaluaci\u00f3n<\/th>\n<td>al menos 15 d\u00edas<\/td>\n<\/tr>\n<tr>\n<th>Tarifa<\/th>\n<td>$125 a $650 al mes<\/td>\n<\/tr>\n<tr>\n<th>M\u00e9todos de pago<\/th>\n<td>Tarjeta de cr\u00e9dito<\/td>\n<\/tr>\n<tr>\n<th>Instrumentos<\/th>\n<td>Futures<\/td>\n<\/tr>\n<tr>\n<th>Plataforma<\/th>\n<td>Ninjatrader, R | Trader, R | Trader Pro, Agena Trader, Inside Edge Trader, Investor RT, Motive Wave, MultiCharts, Photon, QScalp, QST- Quick Screen Trading, Track\u2019n Trade, Trade Navigator, Volfix.net, eSignal, Jigsaw Trading, ATAS Order Flow Trading, Bookmap, Quantower, Sierra Chart, Medved Trader<\/td>\n<\/tr>\n<tr>\n<th>Retiros<\/th>\n<td>a petici\u00f3n<\/td>\n<\/tr>\n<tr>\n<th>Idiomas<\/th>\n<td>Ingl\u00e9s<\/td>\n<\/tr>\n<\/tbody>\n<\/table>\n","protected":false},"excerpt":{"rendered":"<p>OneUp Trader es una conocida empresa de prop trading de Estados Unidos. \u00bfPero es OneUp Trader una estafa? No, \u00a1no lo es! Nuestras opiniones y experiencia demuestran que OneUp Trader es una empresa segura de trading por cuenta propia. \u00a1Reg\u00edstrate en OneUp Trader ahora! Puedes compartir tus experiencias con OneUp Trader en nuestra secci\u00f3n de &#8230; <a title=\"OneUp Trader Opiniones\" class=\"read-more\" href=\"https:\/\/www.proptradingscam.com\/es\/oneup-trader\/\" aria-label=\"Leer m\u00e1s sobre OneUp Trader Opiniones\">Leer m\u00e1s<\/a><\/p>\n","protected":false},"author":4,"featured_media":0,"parent":0,"menu_order":0,"comment_status":"open","ping_status":"closed","template":"","meta":{"footnotes":""},"class_list":["post-905","page","type-page","status-publish"],"_links":{"self":[{"href":"https:\/\/www.proptradingscam.com\/es\/wp-json\/wp\/v2\/pages\/905","targetHints":{"allow":["GET"]}}],"collection":[{"href":"https:\/\/www.proptradingscam.com\/es\/wp-json\/wp\/v2\/pages"}],"about":[{"href":"https:\/\/www.proptradingscam.com\/es\/wp-json\/wp\/v2\/types\/page"}],"author":[{"embeddable":true,"href":"https:\/\/www.proptradingscam.com\/es\/wp-json\/wp\/v2\/users\/4"}],"replies":[{"embeddable":true,"href":"https:\/\/www.proptradingscam.com\/es\/wp-json\/wp\/v2\/comments?post=905"}],"version-history":[{"count":0,"href":"https:\/\/www.proptradingscam.com\/es\/wp-json\/wp\/v2\/pages\/905\/revisions"}],"wp:attachment":[{"href":"https:\/\/www.proptradingscam.com\/es\/wp-json\/wp\/v2\/media?parent=905"}],"curies":[{"name":"wp","href":"https:\/\/api.w.org\/{rel}","templated":true}]}}