{"id":904,"date":"2023-12-07T10:26:11","date_gmt":"2023-12-07T10:26:11","guid":{"rendered":"https:\/\/www.proptradingscam.com\/?page_id=904"},"modified":"2024-08-04T17:06:38","modified_gmt":"2024-08-04T17:06:38","slug":"nextproptrader","status":"publish","type":"page","link":"https:\/\/www.proptradingscam.com\/es\/nextproptrader\/","title":{"rendered":"Nextproptrader Opiniones"},"content":{"rendered":"<p><img decoding=\"async\" src=\"https:\/\/www.proptradingscam.com\/wp-content\/uploads\/2024\/02\/nextproptrader-300x153.png\" alt=\"Nextproptrader\" width=\"300\" height=\"153\" class=\"alignright size-medium wp-image-1977\" srcset=\"https:\/\/www.proptradingscam.com\/wp-content\/uploads\/2024\/02\/nextproptrader-300x153.png 300w, https:\/\/www.proptradingscam.com\/wp-content\/uploads\/2024\/02\/nextproptrader-1024x523.png 1024w, https:\/\/www.proptradingscam.com\/wp-content\/uploads\/2024\/02\/nextproptrader-768x392.png 768w, https:\/\/www.proptradingscam.com\/wp-content\/uploads\/2024\/02\/nextproptrader-1536x784.png 1536w, https:\/\/www.proptradingscam.com\/wp-content\/uploads\/2024\/02\/nextproptrader-2048x1045.png 2048w\" sizes=\"(max-width: 300px) 100vw, 300px\" \/>Nextproptrader es <strong>una conocida empresa de prop trading de los Emiratos \u00c1rabes Unidos<\/strong>.<\/p>\n<p><u>\u00bfPero es Nextproptrader una estafa?<\/u><\/p>\n<p><strong>No, \u00a1no lo es!<\/strong><\/p>\n<p>Nuestras opiniones y experiencia demuestran que <strong>Nextproptrader es una empresa segura de trading por cuenta propia<\/strong>.<\/p>\n<p style=\"text-align: center;\"><a class=\"button\" href=\"\/es\/to\/nextproptrader\" target=\"_blank\" rel=\"noopener sponsored\">\u00a1Reg\u00edstrate en Nextproptrader ahora!<\/a><\/p>\n<p>Puedes compartir tus experiencias con Nextproptrader <a href=\"#comments\">en nuestra secci\u00f3n de comentarios<\/a>.<\/p>\n<h2>Acerca de Nextproptrader<\/h2>\n<p>En la siguiente tabla encontrar\u00e1 <strong>la informaci\u00f3n m\u00e1s esencial sobre Nextproptrader<\/strong>:<\/p>\n<table>\n<caption><u>Descripci\u00f3n de Nextproptrader<\/u><\/caption>\n<tbody>\n<tr>\n<th>Nombre<\/th>\n<td>Nextproptrader<\/td>\n<\/tr>\n<tr>\n<th>P\u00e1gina web<\/th>\n<td><a href=\"\/es\/to\/nextproptrader\" target=\"_blank\" rel=\"noopener sponsored\">nextproptrader.com<\/a><\/td>\n<\/tr>\n<tr>\n<th>Empresa<\/th>\n<td>Nextproptrader LLC<\/td>\n<\/tr>\n<tr>\n<th>Direcci\u00f3n<\/th>\n<td>Business Center 1, M Floor, The Meydan Hotel, Nad Al Sheba, Dubai, Emiratos \u00c1rabes Unidos<\/td>\n<\/tr>\n<tr>\n<th>CEO<\/th>\n<td>desconocido<\/td>\n<\/tr>\n<tr>\n<th>Fundador<\/th>\n<td>desconocido<\/td>\n<\/tr>\n<tr>\n<th>Fundada<\/th>\n<td>desconocido<\/td>\n<\/tr>\n<tr>\n<th>Contacto<\/th>\n<td>Mail, Ticket System<\/td>\n<\/tr>\n<tr>\n<th>E-Mail<\/th>\n<td>support@nextproptrader.com<\/td>\n<\/tr>\n<tr>\n<th>N\u00famero de tel\u00e9fono<\/th>\n<td>no disponible<\/td>\n<\/tr>\n<tr>\n<th>Capital inicial<\/th>\n<td>$10.000 a $250.000<\/td>\n<\/tr>\n<tr>\n<th>Participaci\u00f3n en beneficios<\/th>\n<td>95%<\/td>\n<\/tr>\n<tr>\n<th>Evaluaci\u00f3n<\/th>\n<td>al menos 10 d\u00edas<\/td>\n<\/tr>\n<tr>\n<th>Tarifa<\/th>\n<td>$109 a $499<\/td>\n<\/tr>\n<tr>\n<th>M\u00e9todos de pago<\/th>\n<td>Tarjeta de cr\u00e9dito<\/td>\n<\/tr>\n<tr>\n<th>Instrumentos<\/th>\n<td>CFDs<\/td>\n<\/tr>\n<tr>\n<th>Plataforma<\/th>\n<td>Rithmic<\/td>\n<\/tr>\n<tr>\n<th>Retiros<\/th>\n<td>a petici\u00f3n<\/td>\n<\/tr>\n<tr>\n<th>Idiomas<\/th>\n<td>Ingl\u00e9s<\/td>\n<\/tr>\n<\/tbody>\n<\/table>\n","protected":false},"excerpt":{"rendered":"<p>Nextproptrader es una conocida empresa de prop trading de los Emiratos \u00c1rabes Unidos. \u00bfPero es Nextproptrader una estafa? No, \u00a1no lo es! Nuestras opiniones y experiencia demuestran que Nextproptrader es una empresa segura de trading por cuenta propia. \u00a1Reg\u00edstrate en Nextproptrader ahora! Puedes compartir tus experiencias con Nextproptrader en nuestra secci\u00f3n de comentarios. Acerca de &#8230; <a title=\"Nextproptrader Opiniones\" class=\"read-more\" href=\"https:\/\/www.proptradingscam.com\/es\/nextproptrader\/\" aria-label=\"Leer m\u00e1s sobre Nextproptrader Opiniones\">Leer m\u00e1s<\/a><\/p>\n","protected":false},"author":4,"featured_media":0,"parent":0,"menu_order":0,"comment_status":"open","ping_status":"closed","template":"","meta":{"footnotes":""},"class_list":["post-904","page","type-page","status-publish"],"_links":{"self":[{"href":"https:\/\/www.proptradingscam.com\/es\/wp-json\/wp\/v2\/pages\/904","targetHints":{"allow":["GET"]}}],"collection":[{"href":"https:\/\/www.proptradingscam.com\/es\/wp-json\/wp\/v2\/pages"}],"about":[{"href":"https:\/\/www.proptradingscam.com\/es\/wp-json\/wp\/v2\/types\/page"}],"author":[{"embeddable":true,"href":"https:\/\/www.proptradingscam.com\/es\/wp-json\/wp\/v2\/users\/4"}],"replies":[{"embeddable":true,"href":"https:\/\/www.proptradingscam.com\/es\/wp-json\/wp\/v2\/comments?post=904"}],"version-history":[{"count":0,"href":"https:\/\/www.proptradingscam.com\/es\/wp-json\/wp\/v2\/pages\/904\/revisions"}],"wp:attachment":[{"href":"https:\/\/www.proptradingscam.com\/es\/wp-json\/wp\/v2\/media?parent=904"}],"curies":[{"name":"wp","href":"https:\/\/api.w.org\/{rel}","templated":true}]}}