{"id":902,"date":"2023-12-07T10:23:04","date_gmt":"2023-12-07T10:23:04","guid":{"rendered":"https:\/\/www.proptradingscam.com\/?page_id=902"},"modified":"2024-08-04T17:06:29","modified_gmt":"2024-08-04T17:06:29","slug":"leeloo-trading","status":"publish","type":"page","link":"https:\/\/www.proptradingscam.com\/es\/leeloo-trading\/","title":{"rendered":"Leeloo Trading Opiniones"},"content":{"rendered":"<p><img decoding=\"async\" src=\"https:\/\/www.proptradingscam.com\/wp-content\/uploads\/2023\/12\/leeloo-trading-300x153.png\" alt=\"Leeloo Trading\" width=\"300\" height=\"153\" class=\"alignright size-medium wp-image-766\" srcset=\"https:\/\/www.proptradingscam.com\/wp-content\/uploads\/2023\/12\/leeloo-trading-300x153.png 300w, https:\/\/www.proptradingscam.com\/wp-content\/uploads\/2023\/12\/leeloo-trading-1024x523.png 1024w, https:\/\/www.proptradingscam.com\/wp-content\/uploads\/2023\/12\/leeloo-trading-768x392.png 768w, https:\/\/www.proptradingscam.com\/wp-content\/uploads\/2023\/12\/leeloo-trading-1536x784.png 1536w, https:\/\/www.proptradingscam.com\/wp-content\/uploads\/2023\/12\/leeloo-trading-2048x1045.png 2048w\" sizes=\"(max-width: 300px) 100vw, 300px\" \/>Leeloo Trading es <strong>una conocida empresa de prop trading de Estados Unidos<\/strong>.<\/p>\n<p><u>\u00bfPero es Leeloo Trading una estafa?<\/u><\/p>\n<p><strong>No, \u00a1no lo es!<\/strong><\/p>\n<p>Nuestras opiniones y experiencia demuestran que <strong>Leeloo Trading es una empresa segura de trading por cuenta propia<\/strong>.<\/p>\n<p style=\"text-align: center;\"><a class=\"button\" href=\"\/es\/to\/leeloo-trading\" target=\"_blank\" rel=\"noopener sponsored\">\u00a1Reg\u00edstrate en Leeloo Trading ahora!<\/a><\/p>\n<p>Puedes compartir tus experiencias con Leeloo Trading <a href=\"#comments\">en nuestra secci\u00f3n de comentarios<\/a>.<\/p>\n<h2>Acerca de Leeloo Trading<\/h2>\n<p>En la siguiente tabla encontrar\u00e1 <strong>la informaci\u00f3n m\u00e1s esencial sobre Leeloo Trading<\/strong>:<\/p>\n<table>\n<caption><u>Descripci\u00f3n de Leeloo Trading<\/u><\/caption>\n<tbody>\n<tr>\n<th>Nombre<\/th>\n<td>Leeloo Trading<\/td>\n<\/tr>\n<tr>\n<th>P\u00e1gina web<\/th>\n<td><a href=\"\/es\/to\/leeloo-trading\" target=\"_blank\" rel=\"noopener sponsored\">www.leelootrading.com<\/a><\/td>\n<\/tr>\n<tr>\n<th>Empresa<\/th>\n<td>Natural Trading, LLC<\/td>\n<\/tr>\n<tr>\n<th>Direcci\u00f3n<\/th>\n<td>260 Number 4 Rd, Roundup, MT 59072, Estados Unidos<\/td>\n<\/tr>\n<tr>\n<th>CEO<\/th>\n<td>Chris<\/td>\n<\/tr>\n<tr>\n<th>Fundador<\/th>\n<td>Jody Dahl<\/td>\n<\/tr>\n<tr>\n<th>Fundada<\/th>\n<td>2019<\/td>\n<\/tr>\n<tr>\n<th>Contacto<\/th>\n<td>Chat en vivo, Ticket System<\/td>\n<\/tr>\n<tr>\n<th>E-Mail<\/th>\n<td>no disponible<\/td>\n<\/tr>\n<tr>\n<th>N\u00famero de tel\u00e9fono<\/th>\n<td>no disponible<\/td>\n<\/tr>\n<tr>\n<th>Capital inicial<\/th>\n<td>$25.000 a $300.000<\/td>\n<\/tr>\n<tr>\n<th>Participaci\u00f3n en beneficios<\/th>\n<td>100% para los primeros $12.500, 90% despu\u00e9s<\/td>\n<\/tr>\n<tr>\n<th>Evaluaci\u00f3n<\/th>\n<td>al menos 10 d\u00edas<\/td>\n<\/tr>\n<tr>\n<th>Tarifa<\/th>\n<td>$26 a $775 al mes<\/td>\n<\/tr>\n<tr>\n<th>M\u00e9todos de pago<\/th>\n<td>Tarjeta de cr\u00e9dito, PayPal<\/td>\n<\/tr>\n<tr>\n<th>Instrumentos<\/th>\n<td>Futures<\/td>\n<\/tr>\n<tr>\n<th>Plataforma<\/th>\n<td>Ninjatrader, Rithmic Pro, EdgeProX, Motive Wave, Multicharts, ATAS, Jigsaw Daytradr, Trade Navigator, VolFix, Bookmap X-Ray, Investor\/RT, Sierra Charts, OptimusFLOW<\/td>\n<\/tr>\n<tr>\n<th>Retiros<\/th>\n<td>una vez al mes<\/td>\n<\/tr>\n<tr>\n<th>Idiomas<\/th>\n<td>Ingl\u00e9s<\/td>\n<\/tr>\n<\/tbody>\n<\/table>\n","protected":false},"excerpt":{"rendered":"<p>Leeloo Trading es una conocida empresa de prop trading de Estados Unidos. \u00bfPero es Leeloo Trading una estafa? No, \u00a1no lo es! Nuestras opiniones y experiencia demuestran que Leeloo Trading es una empresa segura de trading por cuenta propia. \u00a1Reg\u00edstrate en Leeloo Trading ahora! Puedes compartir tus experiencias con Leeloo Trading en nuestra secci\u00f3n de &#8230; <a title=\"Leeloo Trading Opiniones\" class=\"read-more\" href=\"https:\/\/www.proptradingscam.com\/es\/leeloo-trading\/\" aria-label=\"Leer m\u00e1s sobre Leeloo Trading Opiniones\">Leer m\u00e1s<\/a><\/p>\n","protected":false},"author":4,"featured_media":0,"parent":0,"menu_order":0,"comment_status":"open","ping_status":"closed","template":"","meta":{"footnotes":""},"class_list":["post-902","page","type-page","status-publish"],"_links":{"self":[{"href":"https:\/\/www.proptradingscam.com\/es\/wp-json\/wp\/v2\/pages\/902","targetHints":{"allow":["GET"]}}],"collection":[{"href":"https:\/\/www.proptradingscam.com\/es\/wp-json\/wp\/v2\/pages"}],"about":[{"href":"https:\/\/www.proptradingscam.com\/es\/wp-json\/wp\/v2\/types\/page"}],"author":[{"embeddable":true,"href":"https:\/\/www.proptradingscam.com\/es\/wp-json\/wp\/v2\/users\/4"}],"replies":[{"embeddable":true,"href":"https:\/\/www.proptradingscam.com\/es\/wp-json\/wp\/v2\/comments?post=902"}],"version-history":[{"count":0,"href":"https:\/\/www.proptradingscam.com\/es\/wp-json\/wp\/v2\/pages\/902\/revisions"}],"wp:attachment":[{"href":"https:\/\/www.proptradingscam.com\/es\/wp-json\/wp\/v2\/media?parent=902"}],"curies":[{"name":"wp","href":"https:\/\/api.w.org\/{rel}","templated":true}]}}