{"id":901,"date":"2023-12-07T10:14:10","date_gmt":"2023-12-07T10:14:10","guid":{"rendered":"https:\/\/www.proptradingscam.com\/?page_id=901"},"modified":"2024-08-04T17:07:12","modified_gmt":"2024-08-04T17:07:12","slug":"heldental","status":"publish","type":"page","link":"https:\/\/www.proptradingscam.com\/es\/heldental\/","title":{"rendered":"Heldental Opiniones"},"content":{"rendered":"<p><img decoding=\"async\" src=\"https:\/\/www.proptradingscam.com\/wp-content\/uploads\/2023\/12\/heldental-300x153.png\" alt=\"Heldental\" width=\"300\" height=\"153\" class=\"alignright size-medium wp-image-743\" srcset=\"https:\/\/www.proptradingscam.com\/wp-content\/uploads\/2023\/12\/heldental-300x153.png 300w, https:\/\/www.proptradingscam.com\/wp-content\/uploads\/2023\/12\/heldental-1024x523.png 1024w, https:\/\/www.proptradingscam.com\/wp-content\/uploads\/2023\/12\/heldental-768x392.png 768w, https:\/\/www.proptradingscam.com\/wp-content\/uploads\/2023\/12\/heldental-1536x784.png 1536w, https:\/\/www.proptradingscam.com\/wp-content\/uploads\/2023\/12\/heldental-2048x1045.png 2048w\" sizes=\"(max-width: 300px) 100vw, 300px\" \/>Heldental es <strong>una conocida empresa de prop trading de los Pa\u00edses Bajos<\/strong>.<\/p>\n<p><u>\u00bfPero es Heldental una estafa?<\/u><\/p>\n<p><strong>No, \u00a1no lo es!<\/strong><\/p>\n<p>Nuestras opiniones y experiencia demuestran que <strong>Heldental es una empresa segura de trading por cuenta propia<\/strong>.<\/p>\n<p>Puedes compartir tus experiencias con Heldental <a href=\"#comments\">en nuestra secci\u00f3n de comentarios<\/a>.<\/p>\n<h2>Acerca de Heldental<\/h2>\n<p>En la siguiente tabla encontrar\u00e1 <strong>la informaci\u00f3n m\u00e1s esencial sobre Heldental<\/strong>:<\/p>\n<table>\n<caption><u>Descripci\u00f3n de Heldental<\/u><\/caption>\n<tbody>\n<tr>\n<th>Nombre<\/th>\n<td>Heldental<\/td>\n<\/tr>\n<tr>\n<th>P\u00e1gina web<\/th>\n<td><a href=\"https:\/\/heldental.com\/\" target=\"_blank\" rel=\"noopener\">heldental.com<\/a><\/td>\n<\/tr>\n<tr>\n<th>Empresa<\/th>\n<td>Heldental Europe B.V.<\/td>\n<\/tr>\n<tr>\n<th>Direcci\u00f3n<\/th>\n<td>Maastrichterlaan 94a, 6291ET Vaals, Pa\u00edses Bajos<\/td>\n<\/tr>\n<tr>\n<th>CEO<\/th>\n<td>Marco Merenda<\/td>\n<\/tr>\n<tr>\n<th>Fundador<\/th>\n<td>Marco Merenda<\/td>\n<\/tr>\n<tr>\n<th>Fundada<\/th>\n<td>2016<\/td>\n<\/tr>\n<tr>\n<th>Contacto<\/th>\n<td>Mail, Tel\u00e9fono<\/td>\n<\/tr>\n<tr>\n<th>E-Mail<\/th>\n<td>info@heldental.com<\/td>\n<\/tr>\n<tr>\n<th>N\u00famero de tel\u00e9fono<\/th>\n<td>+31 (0)43 8553107<\/td>\n<\/tr>\n<tr>\n<th>Capital inicial<\/th>\n<td>$50.000 a $100.000.000<\/td>\n<\/tr>\n<tr>\n<th>Participaci\u00f3n en beneficios<\/th>\n<td>60% a 80%<\/td>\n<\/tr>\n<tr>\n<th>Evaluaci\u00f3n<\/th>\n<td>al menos 30 d\u00edas<\/td>\n<\/tr>\n<tr>\n<th>Tarifa<\/th>\n<td>3.300\u20ac a 5.500\u20ac de cuota de activaci\u00f3n (reembolsable), 135 euros al mes (cuota de plataforma)<\/td>\n<\/tr>\n<tr>\n<th>M\u00e9todos de pago<\/th>\n<td>Tarjeta de cr\u00e9dito, Transferencia bancaria<\/td>\n<\/tr>\n<tr>\n<th>Instrumentos<\/th>\n<td>CFDs<\/td>\n<\/tr>\n<tr>\n<th>Plataforma<\/th>\n<td>HeldenTrader PRO<\/td>\n<\/tr>\n<tr>\n<th>Retiros<\/th>\n<td>a petici\u00f3n<\/td>\n<\/tr>\n<tr>\n<th>Idiomas<\/th>\n<td>Alem\u00e1n<\/td>\n<\/tr>\n<\/tbody>\n<\/table>\n","protected":false},"excerpt":{"rendered":"<p>Heldental es una conocida empresa de prop trading de los Pa\u00edses Bajos. \u00bfPero es Heldental una estafa? No, \u00a1no lo es! Nuestras opiniones y experiencia demuestran que Heldental es una empresa segura de trading por cuenta propia. Puedes compartir tus experiencias con Heldental en nuestra secci\u00f3n de comentarios. Acerca de Heldental En la siguiente tabla &#8230; <a title=\"Heldental Opiniones\" class=\"read-more\" href=\"https:\/\/www.proptradingscam.com\/es\/heldental\/\" aria-label=\"Leer m\u00e1s sobre Heldental Opiniones\">Leer m\u00e1s<\/a><\/p>\n","protected":false},"author":4,"featured_media":0,"parent":0,"menu_order":0,"comment_status":"open","ping_status":"closed","template":"","meta":{"footnotes":""},"class_list":["post-901","page","type-page","status-publish"],"_links":{"self":[{"href":"https:\/\/www.proptradingscam.com\/es\/wp-json\/wp\/v2\/pages\/901","targetHints":{"allow":["GET"]}}],"collection":[{"href":"https:\/\/www.proptradingscam.com\/es\/wp-json\/wp\/v2\/pages"}],"about":[{"href":"https:\/\/www.proptradingscam.com\/es\/wp-json\/wp\/v2\/types\/page"}],"author":[{"embeddable":true,"href":"https:\/\/www.proptradingscam.com\/es\/wp-json\/wp\/v2\/users\/4"}],"replies":[{"embeddable":true,"href":"https:\/\/www.proptradingscam.com\/es\/wp-json\/wp\/v2\/comments?post=901"}],"version-history":[{"count":0,"href":"https:\/\/www.proptradingscam.com\/es\/wp-json\/wp\/v2\/pages\/901\/revisions"}],"wp:attachment":[{"href":"https:\/\/www.proptradingscam.com\/es\/wp-json\/wp\/v2\/media?parent=901"}],"curies":[{"name":"wp","href":"https:\/\/api.w.org\/{rel}","templated":true}]}}