{"id":900,"date":"2023-12-07T10:10:46","date_gmt":"2023-12-07T10:10:46","guid":{"rendered":"https:\/\/www.proptradingscam.com\/?page_id=900"},"modified":"2024-08-04T17:05:03","modified_gmt":"2024-08-04T17:05:03","slug":"fundednext","status":"publish","type":"page","link":"https:\/\/www.proptradingscam.com\/es\/fundednext\/","title":{"rendered":"FundedNext Opiniones"},"content":{"rendered":"<p><img decoding=\"async\" src=\"https:\/\/www.proptradingscam.com\/wp-content\/uploads\/2023\/12\/fundednext-es-300x153.png\" alt=\"FundedNext\" width=\"300\" height=\"153\" class=\"alignright size-medium wp-image-916\" srcset=\"https:\/\/www.proptradingscam.com\/wp-content\/uploads\/2023\/12\/fundednext-es-300x153.png 300w, https:\/\/www.proptradingscam.com\/wp-content\/uploads\/2023\/12\/fundednext-es-1024x523.png 1024w, https:\/\/www.proptradingscam.com\/wp-content\/uploads\/2023\/12\/fundednext-es-768x392.png 768w, https:\/\/www.proptradingscam.com\/wp-content\/uploads\/2023\/12\/fundednext-es-1536x784.png 1536w, https:\/\/www.proptradingscam.com\/wp-content\/uploads\/2023\/12\/fundednext-es-2048x1045.png 2048w\" sizes=\"(max-width: 300px) 100vw, 300px\" \/>FundedNext es <strong>una conocida empresa de prop trading de los Emiratos \u00c1rabes Unidos<\/strong>.<\/p>\n<p><u>\u00bfPero es FundedNext una estafa?<\/u><\/p>\n<p>No, \u00a1no lo es!<\/p>\n<p><strong><u>Actualizaci\u00f3n:<\/u><\/strong><\/p>\n<p>Ya no podemos recomendar FundedNext, ya que nuestra cuenta fue eliminada sin previo aviso. El soporte respondi\u00f3 a nuestra solicitud despu\u00e9s de m\u00e1s de dos semanas (!) pero no puede o no quiere encontrar una soluci\u00f3n. Este comportamiento tambi\u00e9n se puede ver <a href=\"https:\/\/www.trustpilot.com\/review\/fundednext.com?sort=recency&#038;stars=1\" target=\"_blank\" rel=\"noopener\">en varias rese\u00f1as negativas en Trustpilot<\/a>.<\/p>\n<p><strong>Por favor, considere en su lugar las firmas de trading propietario <a href=\"\/ftmo\/\">FTMO<\/a> o <a href=\"\/the-trading-pit\/\">The Trading Pit<\/a>.<\/strong><\/p>\n<p>Puedes compartir tus experiencias con FundedNext <a href=\"#comments\">en nuestra secci\u00f3n de comentarios<\/a>.<\/p>\n<h2>Acerca de FundedNext<\/h2>\n<p>En la siguiente tabla encontrar\u00e1 <strong>la informaci\u00f3n m\u00e1s esencial sobre FundedNext<\/strong>:<\/p>\n<table>\n<caption><u>Descripci\u00f3n de FundedNext<\/u><\/caption>\n<tbody>\n<tr>\n<th>Nombre<\/th>\n<td>FundedNext<\/td>\n<\/tr>\n<tr>\n<th>P\u00e1gina web<\/th>\n<td>fundednext.com<\/td>\n<\/tr>\n<tr>\n<th>Empresa<\/th>\n<td>GrowthNext F.Z.C<\/td>\n<\/tr>\n<tr>\n<th>Direcci\u00f3n<\/th>\n<td>Office no. 7, AI Robotics HUB, C1 Building, AFZ, Ajman, Emiratos \u00c1rabes Unidos<\/td>\n<\/tr>\n<tr>\n<th>CEO<\/th>\n<td>Abdullah Jayed<\/td>\n<\/tr>\n<tr>\n<th>Fundador<\/th>\n<td>Abdullah Jayed<\/td>\n<\/tr>\n<tr>\n<th>Fundada<\/th>\n<td>2021<\/td>\n<\/tr>\n<tr>\n<th>Contacto<\/th>\n<td>Chat en vivo, Mail<\/td>\n<\/tr>\n<tr>\n<th>E-Mail<\/th>\n<td>support@fundednext.com<\/td>\n<\/tr>\n<tr>\n<th>N\u00famero de tel\u00e9fono<\/th>\n<td>no disponible<\/td>\n<\/tr>\n<tr>\n<th>Capital inicial<\/th>\n<td>$6.000 a $200.000<\/td>\n<\/tr>\n<tr>\n<th>Participaci\u00f3n en beneficios<\/th>\n<td>60% a 95%<\/td>\n<\/tr>\n<tr>\n<th>Evaluaci\u00f3n<\/th>\n<td>al menos 5 d\u00edas<\/td>\n<\/tr>\n<tr>\n<th>Tarifa<\/th>\n<td>$49 a $999 (reembolsable)<\/td>\n<\/tr>\n<tr>\n<th>M\u00e9todos de pago<\/th>\n<td>Tarjeta de cr\u00e9dito, Transferencia bancaria, Perfect Money, Criptomonedas (Bitcoin, Ethereum, Litecoin, Dogecoin, Solana, USDC, USDT)<\/td>\n<\/tr>\n<tr>\n<th>Instrumentos<\/th>\n<td>CFDs<\/td>\n<\/tr>\n<tr>\n<th>Plataforma<\/th>\n<td>MetaTrader 4, MetaTrader 5<\/td>\n<\/tr>\n<tr>\n<th>Retiros<\/th>\n<td>en las 24 horas siguientes a la solicitud<\/td>\n<\/tr>\n<tr>\n<th>Idiomas<\/th>\n<td>Espa\u00f1ol, Ingl\u00e9s, Neerland\u00e9s, Persa, Portugu\u00e9s, Alem\u00e1n, Tailand\u00e9s, Malayo, Indonesio, Turco, Polaco, Italiano, \u00c1rabe, Franc\u00e9s<\/td>\n<\/tr>\n<\/tbody>\n<\/table>\n","protected":false},"excerpt":{"rendered":"<p>FundedNext es una conocida empresa de prop trading de los Emiratos \u00c1rabes Unidos. \u00bfPero es FundedNext una estafa? No, \u00a1no lo es! Actualizaci\u00f3n: Ya no podemos recomendar FundedNext, ya que nuestra cuenta fue eliminada sin previo aviso. El soporte respondi\u00f3 a nuestra solicitud despu\u00e9s de m\u00e1s de dos semanas (!) pero no puede o no &#8230; <a title=\"FundedNext Opiniones\" class=\"read-more\" href=\"https:\/\/www.proptradingscam.com\/es\/fundednext\/\" aria-label=\"Leer m\u00e1s sobre FundedNext Opiniones\">Leer m\u00e1s<\/a><\/p>\n","protected":false},"author":4,"featured_media":0,"parent":0,"menu_order":0,"comment_status":"open","ping_status":"closed","template":"","meta":{"footnotes":""},"class_list":["post-900","page","type-page","status-publish"],"_links":{"self":[{"href":"https:\/\/www.proptradingscam.com\/es\/wp-json\/wp\/v2\/pages\/900","targetHints":{"allow":["GET"]}}],"collection":[{"href":"https:\/\/www.proptradingscam.com\/es\/wp-json\/wp\/v2\/pages"}],"about":[{"href":"https:\/\/www.proptradingscam.com\/es\/wp-json\/wp\/v2\/types\/page"}],"author":[{"embeddable":true,"href":"https:\/\/www.proptradingscam.com\/es\/wp-json\/wp\/v2\/users\/4"}],"replies":[{"embeddable":true,"href":"https:\/\/www.proptradingscam.com\/es\/wp-json\/wp\/v2\/comments?post=900"}],"version-history":[{"count":0,"href":"https:\/\/www.proptradingscam.com\/es\/wp-json\/wp\/v2\/pages\/900\/revisions"}],"wp:attachment":[{"href":"https:\/\/www.proptradingscam.com\/es\/wp-json\/wp\/v2\/media?parent=900"}],"curies":[{"name":"wp","href":"https:\/\/api.w.org\/{rel}","templated":true}]}}