{"id":5141,"date":"2024-09-14T19:16:15","date_gmt":"2024-09-14T19:16:15","guid":{"rendered":"https:\/\/www.proptradingscam.com\/?page_id=5141"},"modified":"2024-09-14T19:16:55","modified_gmt":"2024-09-14T19:16:55","slug":"challenge4trading","status":"publish","type":"page","link":"https:\/\/www.proptradingscam.com\/es\/challenge4trading\/","title":{"rendered":"Challenge4Trading Opiniones"},"content":{"rendered":"<p><img decoding=\"async\" src=\"https:\/\/www.proptradingscam.com\/wp-content\/uploads\/2024\/09\/challenge4trading-300x153.png\" alt=\"Challenge4Trading\" width=\"300\" height=\"153\" class=\"alignright size-medium wp-image-5120\" srcset=\"https:\/\/www.proptradingscam.com\/wp-content\/uploads\/2024\/09\/challenge4trading-300x153.png 300w, https:\/\/www.proptradingscam.com\/wp-content\/uploads\/2024\/09\/challenge4trading-1024x523.png 1024w, https:\/\/www.proptradingscam.com\/wp-content\/uploads\/2024\/09\/challenge4trading-768x392.png 768w, https:\/\/www.proptradingscam.com\/wp-content\/uploads\/2024\/09\/challenge4trading-1536x784.png 1536w, https:\/\/www.proptradingscam.com\/wp-content\/uploads\/2024\/09\/challenge4trading-2048x1045.png 2048w\" sizes=\"(max-width: 300px) 100vw, 300px\" \/>Challenge4Trading es <strong>una conocida empresa de prop trading de Francia<\/strong>.<\/p>\n<p><u>\u00bfPero es Challenge4Trading una estafa?<\/u><\/p>\n<p><strong>No, \u00a1no lo es!<\/strong><\/p>\n<p>Nuestras opiniones y experiencia demuestran que <strong>Challenge4Trading es una empresa segura de trading por cuenta propia<\/strong>.<\/p>\n<p style=\"text-align: center;\"><a class=\"button\" href=\"\/es\/to\/challenge4trading\" target=\"_blank\" rel=\"noopener sponsored\">\u00a1Reg\u00edstrate en Challenge4Trading ahora!<\/a><\/p>\n<p>Puedes compartir tus experiencias con Challenge4Trading <a href=\"#comments\">en nuestra secci\u00f3n de comentarios<\/a>.<\/p>\n<h2>Acerca de Challenge4Trading<\/h2>\n<p>En la siguiente tabla encontrar\u00e1 <strong>la informaci\u00f3n m\u00e1s esencial sobre Challenge4Trading<\/strong>:<\/p>\n<table>\n<caption><u>Descripci\u00f3n de Challenge4Trading<\/u><\/caption>\n<tbody>\n<tr>\n<th>Nombre<\/th>\n<td>Challenge4Trading<\/td>\n<\/tr>\n<tr>\n<th>P\u00e1gina web<\/th>\n<td><a href=\"\/es\/to\/challenge4trading\" target=\"_blank\" rel=\"noopener sponsored\">www.challenge4trading.com<\/a><\/td>\n<\/tr>\n<tr>\n<th>Empresa<\/th>\n<td>Adnessy SAS<\/td>\n<\/tr>\n<tr>\n<th>Direcci\u00f3n<\/th>\n<td>80 Rue de Crim\u00e9e, 75019 Paris, Francia<\/td>\n<\/tr>\n<tr>\n<th>CEO<\/th>\n<td>Lydia Behar<\/td>\n<\/tr>\n<tr>\n<th>Fundador<\/th>\n<td>desconocido<\/td>\n<\/tr>\n<tr>\n<th>Fundada<\/th>\n<td>2024<\/td>\n<\/tr>\n<tr>\n<th>Contacto<\/th>\n<td>Live Chat, Tel\u00e9fono, Phone<\/td>\n<\/tr>\n<tr>\n<th>E-Mail<\/th>\n<td>support@challenge4trading.com<\/td>\n<\/tr>\n<tr>\n<th>N\u00famero de tel\u00e9fono<\/th>\n<td>+33 (0)1 89715887<\/td>\n<\/tr>\n<tr>\n<th>Capital inicial<\/th>\n<td>15.000\u20ac a 500.000\u20ac<\/td>\n<\/tr>\n<tr>\n<th>Participaci\u00f3n en beneficios<\/th>\n<td>hasta el 90%<\/td>\n<\/tr>\n<tr>\n<th>Evaluaci\u00f3n<\/th>\n<td>al menos 1 d\u00eda<\/td>\n<\/tr>\n<tr>\n<th>Tarifa<\/th>\n<td>150\u20ac a 2.160\u20ac<\/td>\n<\/tr>\n<tr>\n<th>M\u00e9todos de pago<\/th>\n<td>Tarjeta de cr\u00e9dito, Crypto<\/td>\n<\/tr>\n<tr>\n<th>Instrumentos<\/th>\n<td>CFDs<\/td>\n<\/tr>\n<tr>\n<th>Plataforma<\/th>\n<td>Sirix<\/td>\n<\/tr>\n<tr>\n<th>Retiros<\/th>\n<td>una vez al mes<\/td>\n<\/tr>\n<tr>\n<th>Idiomas<\/th>\n<td>Espa\u00f1ol, Ingl\u00e9s, Franc\u00e9s, Alem\u00e1n, Italiano, Japon\u00e9s<\/td>\n<\/tr>\n<\/tbody>\n<\/table>\n","protected":false},"excerpt":{"rendered":"<p>Challenge4Trading es una conocida empresa de prop trading de Francia. \u00bfPero es Challenge4Trading una estafa? No, \u00a1no lo es! Nuestras opiniones y experiencia demuestran que Challenge4Trading es una empresa segura de trading por cuenta propia. \u00a1Reg\u00edstrate en Challenge4Trading ahora! Puedes compartir tus experiencias con Challenge4Trading en nuestra secci\u00f3n de comentarios. Acerca de Challenge4Trading En la &#8230; <a title=\"Challenge4Trading Opiniones\" class=\"read-more\" href=\"https:\/\/www.proptradingscam.com\/es\/challenge4trading\/\" aria-label=\"Leer m\u00e1s sobre Challenge4Trading Opiniones\">Leer m\u00e1s<\/a><\/p>\n","protected":false},"author":4,"featured_media":0,"parent":0,"menu_order":0,"comment_status":"open","ping_status":"closed","template":"","meta":{"footnotes":""},"class_list":["post-5141","page","type-page","status-publish"],"_links":{"self":[{"href":"https:\/\/www.proptradingscam.com\/es\/wp-json\/wp\/v2\/pages\/5141","targetHints":{"allow":["GET"]}}],"collection":[{"href":"https:\/\/www.proptradingscam.com\/es\/wp-json\/wp\/v2\/pages"}],"about":[{"href":"https:\/\/www.proptradingscam.com\/es\/wp-json\/wp\/v2\/types\/page"}],"author":[{"embeddable":true,"href":"https:\/\/www.proptradingscam.com\/es\/wp-json\/wp\/v2\/users\/4"}],"replies":[{"embeddable":true,"href":"https:\/\/www.proptradingscam.com\/es\/wp-json\/wp\/v2\/comments?post=5141"}],"version-history":[{"count":0,"href":"https:\/\/www.proptradingscam.com\/es\/wp-json\/wp\/v2\/pages\/5141\/revisions"}],"wp:attachment":[{"href":"https:\/\/www.proptradingscam.com\/es\/wp-json\/wp\/v2\/media?parent=5141"}],"curies":[{"name":"wp","href":"https:\/\/api.w.org\/{rel}","templated":true}]}}