{"id":513,"date":"2023-11-16T16:51:58","date_gmt":"2023-11-16T16:51:58","guid":{"rendered":"https:\/\/www.proptradingscam.com\/?page_id=513"},"modified":"2024-08-04T17:06:07","modified_gmt":"2024-08-04T17:06:07","slug":"uprofit","status":"publish","type":"page","link":"https:\/\/www.proptradingscam.com\/es\/uprofit\/","title":{"rendered":"UProfit Opiniones"},"content":{"rendered":"<p><img decoding=\"async\" src=\"https:\/\/www.proptradingscam.com\/wp-content\/uploads\/2023\/11\/uprofit-es-300x153.png\" alt=\"UProfit\" width=\"300\" height=\"153\" class=\"alignright size-medium wp-image-555\" srcset=\"https:\/\/www.proptradingscam.com\/wp-content\/uploads\/2023\/11\/uprofit-es-300x153.png 300w, https:\/\/www.proptradingscam.com\/wp-content\/uploads\/2023\/11\/uprofit-es-1024x523.png 1024w, https:\/\/www.proptradingscam.com\/wp-content\/uploads\/2023\/11\/uprofit-es-768x392.png 768w, https:\/\/www.proptradingscam.com\/wp-content\/uploads\/2023\/11\/uprofit-es-1536x784.png 1536w, https:\/\/www.proptradingscam.com\/wp-content\/uploads\/2023\/11\/uprofit-es-2048x1045.png 2048w\" sizes=\"(max-width: 300px) 100vw, 300px\" \/>UProfit es <strong>una conocida empresa de prop trading de Estados Unidos<\/strong>.<\/p>\n<p><u>\u00bfPero es UProfit una estafa?<\/u><\/p>\n<p><strong>No, \u00a1no lo es!<\/strong><\/p>\n<p>Nuestras opiniones y experiencia demuestran que <strong>UProfit es una empresa segura de trading por cuenta propia<\/strong>.<\/p>\n<p style=\"text-align: center;\"><a class=\"button\" href=\"\/es\/to\/uprofit\" target=\"_blank\" rel=\"noopener sponsored\">\u00a1Reg\u00edstrate en UProfit ahora!<\/a><\/p>\n<p>Puedes compartir tus experiencias con UProfit <a href=\"#comments\">en nuestra secci\u00f3n de comentarios<\/a>.<\/p>\n<h2>Acerca de UProfit<\/h2>\n<p>En la siguiente tabla encontrar\u00e1 <strong>la informaci\u00f3n m\u00e1s esencial sobre UProfit<\/strong>:<\/p>\n<table>\n<caption><u>Descripci\u00f3n de UProfit<\/u><\/caption>\n<tbody>\n<tr>\n<th>Nombre<\/th>\n<td>UProfit<\/td>\n<\/tr>\n<tr>\n<th>P\u00e1gina web<\/th>\n<td><a href=\"\/es\/to\/uprofit\" target=\"_blank\" rel=\"noopener sponsored\">uprofit.com<\/a><\/td>\n<\/tr>\n<tr>\n<th>Company<\/th>\n<td>UProfit Trader LLC<\/td>\n<\/tr>\n<tr>\n<th>Empresa<\/th>\n<td>4090 Southwest Freeway, Suite 300, Sugar Land, TX 77478, Estados Unidos<\/td>\n<\/tr>\n<tr>\n<th>CEO<\/th>\n<td>Lindsay Duff<\/td>\n<\/tr>\n<tr>\n<th>Fundador<\/th>\n<td>Lindsay Duff<\/td>\n<\/tr>\n<tr>\n<th>Fundada<\/th>\n<td>2019<\/td>\n<\/tr>\n<tr>\n<th>Contacto<\/th>\n<td>Chat en vivo, Mail, Tel\u00e9fono, Ticket System<\/td>\n<\/tr>\n<tr>\n<th>E-Mail<\/th>\n<td>support@uprofittrader.com<\/td>\n<\/tr>\n<tr>\n<th>N\u00famero de tel\u00e9fono<\/th>\n<td>+1 (0)844 5004776<\/td>\n<\/tr>\n<tr>\n<th>Capital inicial<\/th>\n<td>$9.000 a $100.000<\/td>\n<\/tr>\n<tr>\n<th>Participaci\u00f3n en beneficios<\/th>\n<td>100% de la primera retirada (m\u00e1x. $15.000), 80% despu\u00e9s<\/td>\n<\/tr>\n<tr>\n<th>Evaluaci\u00f3n<\/th>\n<td>al menos 5 d\u00edas<\/td>\n<\/tr>\n<tr>\n<th>Tarifa<\/th>\n<td>$89 a $580 al mes<\/td>\n<\/tr>\n<tr>\n<th>M\u00e9todos de pago<\/th>\n<td>Tarjeta de cr\u00e9dito, PayPal, Criptomonedas, PayRetailers<\/td>\n<\/tr>\n<tr>\n<th>Instrumentos<\/th>\n<td>Futures<\/td>\n<\/tr>\n<tr>\n<th>Plataforma<\/th>\n<td>NinjaTrader<\/td>\n<\/tr>\n<tr>\n<th>Retiros<\/th>\n<td>diario<\/td>\n<\/tr>\n<tr>\n<th>Idiomas<\/th>\n<td>Espa\u00f1ol, Ingl\u00e9s, Franc\u00e9s, Portugu\u00e9s<\/td>\n<\/tr>\n<\/tbody>\n<\/table>\n","protected":false},"excerpt":{"rendered":"<p>UProfit es una conocida empresa de prop trading de Estados Unidos. \u00bfPero es UProfit una estafa? No, \u00a1no lo es! Nuestras opiniones y experiencia demuestran que UProfit es una empresa segura de trading por cuenta propia. \u00a1Reg\u00edstrate en UProfit ahora! Puedes compartir tus experiencias con UProfit en nuestra secci\u00f3n de comentarios. Acerca de UProfit En &#8230; <a title=\"UProfit Opiniones\" class=\"read-more\" href=\"https:\/\/www.proptradingscam.com\/es\/uprofit\/\" aria-label=\"Leer m\u00e1s sobre UProfit Opiniones\">Leer m\u00e1s<\/a><\/p>\n","protected":false},"author":4,"featured_media":0,"parent":0,"menu_order":0,"comment_status":"open","ping_status":"closed","template":"","meta":{"footnotes":""},"class_list":["post-513","page","type-page","status-publish"],"_links":{"self":[{"href":"https:\/\/www.proptradingscam.com\/es\/wp-json\/wp\/v2\/pages\/513","targetHints":{"allow":["GET"]}}],"collection":[{"href":"https:\/\/www.proptradingscam.com\/es\/wp-json\/wp\/v2\/pages"}],"about":[{"href":"https:\/\/www.proptradingscam.com\/es\/wp-json\/wp\/v2\/types\/page"}],"author":[{"embeddable":true,"href":"https:\/\/www.proptradingscam.com\/es\/wp-json\/wp\/v2\/users\/4"}],"replies":[{"embeddable":true,"href":"https:\/\/www.proptradingscam.com\/es\/wp-json\/wp\/v2\/comments?post=513"}],"version-history":[{"count":0,"href":"https:\/\/www.proptradingscam.com\/es\/wp-json\/wp\/v2\/pages\/513\/revisions"}],"wp:attachment":[{"href":"https:\/\/www.proptradingscam.com\/es\/wp-json\/wp\/v2\/media?parent=513"}],"curies":[{"name":"wp","href":"https:\/\/api.w.org\/{rel}","templated":true}]}}