{"id":512,"date":"2023-11-16T16:52:12","date_gmt":"2023-11-16T16:52:12","guid":{"rendered":"https:\/\/www.proptradingscam.com\/?page_id=512"},"modified":"2024-08-04T17:04:54","modified_gmt":"2024-08-04T17:04:54","slug":"topstep","status":"publish","type":"page","link":"https:\/\/www.proptradingscam.com\/es\/topstep\/","title":{"rendered":"Topstep Opiniones"},"content":{"rendered":"<p><img decoding=\"async\" src=\"https:\/\/www.proptradingscam.com\/wp-content\/uploads\/2023\/09\/topstep-300x153.png\" alt=\"Topstep\" width=\"300\" height=\"153\" class=\"alignright size-medium wp-image-147\" srcset=\"https:\/\/www.proptradingscam.com\/wp-content\/uploads\/2023\/09\/topstep-300x153.png 300w, https:\/\/www.proptradingscam.com\/wp-content\/uploads\/2023\/09\/topstep-1024x523.png 1024w, https:\/\/www.proptradingscam.com\/wp-content\/uploads\/2023\/09\/topstep-768x392.png 768w, https:\/\/www.proptradingscam.com\/wp-content\/uploads\/2023\/09\/topstep-1536x784.png 1536w, https:\/\/www.proptradingscam.com\/wp-content\/uploads\/2023\/09\/topstep-2048x1045.png 2048w\" sizes=\"(max-width: 300px) 100vw, 300px\" \/>Topstep es <strong>una conocida empresa de prop trading de Estados Unidos<\/strong>.<\/p>\n<p><u>\u00bfPero es Topstep una estafa?<\/u><\/p>\n<p>No, \u00a1no lo es!<\/p>\n<p><strong><u>Actualizaci\u00f3n:<\/u><\/strong><\/p>\n<p><u>No podemos recomendar Topstep m\u00e1s, ya que nuestra cuenta fue eliminada sin una raz\u00f3n o explicaci\u00f3n suficiente<\/u>. Contactamos con el soporte, pero no est\u00e1n dispuestos a encontrar una soluci\u00f3n. Puede ver este comportamiento <a href=\"https:\/\/www.trustpilot.com\/review\/topstep.com?sort=recency&amp;stars=1\" target=\"_blank\" rel=\"noopener\">en varias rese\u00f1as negativas en Trustpilot<\/a> tambi\u00e9n.<\/p>\n<p><strong>Por favor, echa un vistazo a <a href=\"\/ftmo\/\">FTMO<\/a> o <a href=\"\/the-trading-pit\/\">The Trading Pit<\/a> en su lugar.<\/strong><\/p>\n<p>Puedes compartir tus experiencias con Topstep <a href=\"#comments\">en nuestra secci\u00f3n de comentarios<\/a>.<\/p>\n<h2>Acerca de Topstep<\/h2>\n<p>En la siguiente tabla encontrar\u00e1 <strong>la informaci\u00f3n m\u00e1s esencial sobre Topstep<\/strong>:<\/p>\n<table>\n<caption><u>Descripci\u00f3n de Topstep<\/u><\/caption>\n<tbody>\n<tr>\n<th>Nombre<\/th>\n<td>Topstep<\/td>\n<\/tr>\n<tr>\n<th>P\u00e1gina web<\/th>\n<td>www.topstep.com<\/td>\n<\/tr>\n<tr>\n<th>Empresa<\/th>\n<td>Topstep LLC<\/td>\n<\/tr>\n<tr>\n<th>Direcci\u00f3n<\/th>\n<td>Chicago Board of Trade Building, 141 W Jackson Blvd, #4240, Chicago, IL 60604, Estados Unidos<\/td>\n<\/tr>\n<tr>\n<th>CEO<\/th>\n<td>Michael Patak<\/td>\n<\/tr>\n<tr>\n<th>Fundador<\/th>\n<td>Michael Patak<\/td>\n<\/tr>\n<tr>\n<th>Fundada<\/th>\n<td>2010<\/td>\n<\/tr>\n<tr>\n<th>Contacto<\/th>\n<td>Chat en vivo, Mail, Discord<\/td>\n<\/tr>\n<tr>\n<th>E-Mail<\/th>\n<td>support@topstep.com<\/td>\n<\/tr>\n<tr>\n<th>E-Mail<\/th>\n<td>no disponsible<\/td>\n<\/tr>\n<tr>\n<th>Capital inicial<\/th>\n<td>$50.000 a $150.000<\/td>\n<\/tr>\n<tr>\n<th>Participaci\u00f3n en beneficios<\/th>\n<td>100% para los primeros $10.000, 90% despu\u00e9s<\/td>\n<\/tr>\n<tr>\n<th>Evaluaci\u00f3n<\/th>\n<td>al menos 2 d\u00edas<\/td>\n<\/tr>\n<tr>\n<th>Tarifa<\/th>\n<td>$165 a $375 al mes, tarifa \u00fanica de activaci\u00f3n de $149<\/td>\n<\/tr>\n<tr>\n<th>M\u00e9todos de pago<\/th>\n<td>Tarjeta de cr\u00e9dito, PayPal<\/td>\n<\/tr>\n<tr>\n<th>Instrumentos<\/th>\n<td>Futures<\/td>\n<\/tr>\n<tr>\n<th>Plataforma<\/th>\n<td>NinjaTrader, Quantower, and more<\/td>\n<\/tr>\n<tr>\n<th>Retiros<\/th>\n<td>diario<\/td>\n<\/tr>\n<tr>\n<th>Idiomas<\/th>\n<td>Espa\u00f1ol, Ingl\u00e9s, Franc\u00e9s, Chino<\/td>\n<\/tr>\n<\/tbody>\n<\/table>\n","protected":false},"excerpt":{"rendered":"<p>Topstep es una conocida empresa de prop trading de Estados Unidos. \u00bfPero es Topstep una estafa? No, \u00a1no lo es! Actualizaci\u00f3n: No podemos recomendar Topstep m\u00e1s, ya que nuestra cuenta fue eliminada sin una raz\u00f3n o explicaci\u00f3n suficiente. Contactamos con el soporte, pero no est\u00e1n dispuestos a encontrar una soluci\u00f3n. Puede ver este comportamiento en &#8230; <a title=\"Topstep Opiniones\" class=\"read-more\" href=\"https:\/\/www.proptradingscam.com\/es\/topstep\/\" aria-label=\"Leer m\u00e1s sobre Topstep Opiniones\">Leer m\u00e1s<\/a><\/p>\n","protected":false},"author":4,"featured_media":0,"parent":0,"menu_order":0,"comment_status":"open","ping_status":"closed","template":"","meta":{"footnotes":""},"class_list":["post-512","page","type-page","status-publish"],"_links":{"self":[{"href":"https:\/\/www.proptradingscam.com\/es\/wp-json\/wp\/v2\/pages\/512","targetHints":{"allow":["GET"]}}],"collection":[{"href":"https:\/\/www.proptradingscam.com\/es\/wp-json\/wp\/v2\/pages"}],"about":[{"href":"https:\/\/www.proptradingscam.com\/es\/wp-json\/wp\/v2\/types\/page"}],"author":[{"embeddable":true,"href":"https:\/\/www.proptradingscam.com\/es\/wp-json\/wp\/v2\/users\/4"}],"replies":[{"embeddable":true,"href":"https:\/\/www.proptradingscam.com\/es\/wp-json\/wp\/v2\/comments?post=512"}],"version-history":[{"count":0,"href":"https:\/\/www.proptradingscam.com\/es\/wp-json\/wp\/v2\/pages\/512\/revisions"}],"wp:attachment":[{"href":"https:\/\/www.proptradingscam.com\/es\/wp-json\/wp\/v2\/media?parent=512"}],"curies":[{"name":"wp","href":"https:\/\/api.w.org\/{rel}","templated":true}]}}