{"id":511,"date":"2023-11-16T16:47:13","date_gmt":"2023-11-16T16:47:13","guid":{"rendered":"https:\/\/www.proptradingscam.com\/?page_id=511"},"modified":"2024-08-30T10:32:48","modified_gmt":"2024-08-30T10:32:48","slug":"the-trading-pit","status":"publish","type":"page","link":"https:\/\/www.proptradingscam.com\/es\/the-trading-pit\/","title":{"rendered":"The Trading Pit Opiniones"},"content":{"rendered":"<p><img decoding=\"async\" src=\"https:\/\/www.proptradingscam.com\/wp-content\/uploads\/2024\/04\/the-trading-pit-es-300x153.png\" alt=\"The Trading Pit\" width=\"300\" height=\"153\" class=\"alignright size-medium wp-image-2960\" srcset=\"https:\/\/www.proptradingscam.com\/wp-content\/uploads\/2024\/04\/the-trading-pit-es-300x153.png 300w, https:\/\/www.proptradingscam.com\/wp-content\/uploads\/2024\/04\/the-trading-pit-es-1024x523.png 1024w, https:\/\/www.proptradingscam.com\/wp-content\/uploads\/2024\/04\/the-trading-pit-es-768x392.png 768w, https:\/\/www.proptradingscam.com\/wp-content\/uploads\/2024\/04\/the-trading-pit-es-1536x784.png 1536w, https:\/\/www.proptradingscam.com\/wp-content\/uploads\/2024\/04\/the-trading-pit-es-2048x1045.png 2048w\" sizes=\"(max-width: 300px) 100vw, 300px\" \/>The Trading Pit es <strong>una conocida empresa de prop trading de Liechtenstein<\/strong>.<\/p>\n<p><u>\u00bfPero es The Trading Pit una estafa?<\/u><\/p>\n<p><strong>No, \u00a1no lo es!<\/strong><\/p>\n<p>Nuestras opiniones y experiencia demuestran que <strong>The Trading Pit es una empresa segura de trading por cuenta propia<\/strong>.<\/p>\n<p style=\"text-align: center;\"><a class=\"button\" href=\"\/es\/to\/the-trading-pit\" target=\"_blank\" rel=\"noopener sponsored\">\u00a1Reg\u00edstrate en The Trading Pit ahora!<\/a><\/p>\n<p>Puedes compartir tus experiencias con The Trading Pit <a href=\"#comments\">en nuestra secci\u00f3n de comentarios<\/a>.<\/p>\n<h2>Acerca de The Trading Pit<\/h2>\n<p>En la siguiente tabla encontrar\u00e1 <strong>la informaci\u00f3n m\u00e1s esencial sobre The Trading Pit<\/strong>:<\/p>\n<table>\n<caption><u>Descripci\u00f3n de The Trading Pit<\/u><\/caption>\n<tbody>\n<tr>\n<th>Nombre<\/th>\n<td>The Trading Pit<\/td>\n<\/tr>\n<tr>\n<th>P\u00e1gina web<\/th>\n<td><a href=\"\/es\/to\/the-trading-pit\" target=\"_blank\" rel=\"noopener sponsored\">www.thetradingpit.com<\/a><\/td>\n<\/tr>\n<tr>\n<th>Empresa<\/th>\n<td>The Trading Pit Challenge GmbH<\/td>\n<\/tr>\n<tr>\n<th>Direcci\u00f3n<\/th>\n<td>Heiligkreuz 6, 9490 Vaduz, Liechtenstein<\/td>\n<\/tr>\n<tr>\n<th>CEO<\/th>\n<td>Daniela Egli<\/td>\n<\/tr>\n<tr>\n<th>Fundador<\/th>\n<td>Illimar Mattus<\/td>\n<\/tr>\n<tr>\n<th>Fundada<\/th>\n<td>2022<\/td>\n<\/tr>\n<tr>\n<th>Contacto<\/th>\n<td>Chat en vivo, Mail, Tel\u00e9fono, Ticket System<\/td>\n<\/tr>\n<tr>\n<th>E-Mail<\/th>\n<td>support@thetradingpit.com<\/td>\n<\/tr>\n<tr>\n<th>N\u00famero de tel\u00e9fono<\/th>\n<td>+423 (0)23 79000<\/td>\n<\/tr>\n<tr>\n<th>Capital inicial<\/th>\n<td>10.000\u20ac a 200.000\u20ac para CFDs, $20.000 a $250.000 para Futures<\/td>\n<\/tr>\n<tr>\n<th>Participaci\u00f3n en beneficios<\/th>\n<td>50% a 80% para CFDs, 60% a 80% para Futures<\/td>\n<\/tr>\n<tr>\n<th>Evaluaci\u00f3n<\/th>\n<td>al menos 3 d\u00edas<\/td>\n<\/tr>\n<tr>\n<th>Tarifa<\/th>\n<td>99\u20ac a 999\u20ac para CFDs, 99\u20ac a 599\u20ac para Futures<\/td>\n<\/tr>\n<tr>\n<th>M\u00e9todos de pago<\/th>\n<td>Tarjeta de cr\u00e9dito, Apple Pay, Google Pay, Criptomonedas, giropay, Binance Pay, Perfect Money<\/td>\n<\/tr>\n<tr>\n<th>Instrumentos<\/th>\n<td>CFDs, Futures<\/td>\n<\/tr>\n<tr>\n<th>Plataforma<\/th>\n<td>ATAS, Rithmic, Quantower, Bookmap<\/td>\n<\/tr>\n<tr>\n<th>Retiros<\/th>\n<td>diario<\/td>\n<\/tr>\n<tr>\n<th>Idiomas<\/th>\n<td>Ingl\u00e9s, Alem\u00e1n, Espa\u00f1ol, Italiano, Polaco, Malayo, Chino, \u00c1rabe, Portugu\u00e9s, Vietnamita<\/td>\n<\/tr>\n<\/tbody>\n<\/table>\n","protected":false},"excerpt":{"rendered":"<p>The Trading Pit es una conocida empresa de prop trading de Liechtenstein. \u00bfPero es The Trading Pit una estafa? No, \u00a1no lo es! Nuestras opiniones y experiencia demuestran que The Trading Pit es una empresa segura de trading por cuenta propia. \u00a1Reg\u00edstrate en The Trading Pit ahora! Puedes compartir tus experiencias con The Trading Pit &#8230; <a title=\"The Trading Pit Opiniones\" class=\"read-more\" href=\"https:\/\/www.proptradingscam.com\/es\/the-trading-pit\/\" aria-label=\"Leer m\u00e1s sobre The Trading Pit Opiniones\">Leer m\u00e1s<\/a><\/p>\n","protected":false},"author":4,"featured_media":0,"parent":0,"menu_order":0,"comment_status":"open","ping_status":"closed","template":"","meta":{"footnotes":""},"class_list":["post-511","page","type-page","status-publish"],"_links":{"self":[{"href":"https:\/\/www.proptradingscam.com\/es\/wp-json\/wp\/v2\/pages\/511","targetHints":{"allow":["GET"]}}],"collection":[{"href":"https:\/\/www.proptradingscam.com\/es\/wp-json\/wp\/v2\/pages"}],"about":[{"href":"https:\/\/www.proptradingscam.com\/es\/wp-json\/wp\/v2\/types\/page"}],"author":[{"embeddable":true,"href":"https:\/\/www.proptradingscam.com\/es\/wp-json\/wp\/v2\/users\/4"}],"replies":[{"embeddable":true,"href":"https:\/\/www.proptradingscam.com\/es\/wp-json\/wp\/v2\/comments?post=511"}],"version-history":[{"count":0,"href":"https:\/\/www.proptradingscam.com\/es\/wp-json\/wp\/v2\/pages\/511\/revisions"}],"wp:attachment":[{"href":"https:\/\/www.proptradingscam.com\/es\/wp-json\/wp\/v2\/media?parent=511"}],"curies":[{"name":"wp","href":"https:\/\/api.w.org\/{rel}","templated":true}]}}