{"id":411,"date":"2023-11-16T11:21:08","date_gmt":"2023-11-16T11:21:08","guid":{"rendered":"https:\/\/www.proptradingscam.com\/?page_id=411"},"modified":"2023-11-16T11:23:57","modified_gmt":"2023-11-16T11:23:57","slug":"welcome-on-proptradingscam-com","status":"publish","type":"page","link":"https:\/\/www.proptradingscam.com\/es\/","title":{"rendered":"Bienvenido a PropTradingScam.com"},"content":{"rendered":"<p>Hola compa\u00f1eros traders,<\/p>\n<p>\u00a1bienvenido a mi sitio web <strong>sobre Prop Trading y Prop Trading Estafas<\/strong>!<\/p>\n<p>Puedes encontrar todo sobre Prop Trading en esta web, como <strong>gu\u00edas para principiantes y rese\u00f1as de las Prop Trading Firms m\u00e1s conocidas<\/strong>.<\/p>\n<p>Comenc\u00e9 este sitio web para <strong>ayudarle a detectar las malas y reconocer las buenas<\/strong> dentro de las m\u00e1s de 100 Firmas de Trading disponibles. Y espero que esto le ayude a evitar caer en una estafa.<\/p>\n<p>Si <strong>ha tenido ya una experiencia (buena o mala) con una de las Prop Trading Firms listadas<\/strong> en la web, por favor, comp\u00e1rtala con el resto de visitantes en la secci\u00f3n de comentarios bajo la rese\u00f1a.<\/p>\n<p>En caso de que tenga alguna pregunta o sugerencia para PropTradingScam.com, no dude en <a href=\"\/es\/contacto\/\">ponerse en contacto a trav\u00e9s del formulario de contacto<\/a>.<\/p>\n<p>Su Prop Trader Danilo Orta Cadena<\/p>\n","protected":false},"excerpt":{"rendered":"<p>Hola compa\u00f1eros traders, \u00a1bienvenido a mi sitio web sobre Prop Trading y Prop Trading Estafas! Puedes encontrar todo sobre Prop Trading en esta web, como gu\u00edas para principiantes y rese\u00f1as de las Prop Trading Firms m\u00e1s conocidas. Comenc\u00e9 este sitio web para ayudarle a detectar las malas y reconocer las buenas dentro de las m\u00e1s &#8230; <a title=\"Bienvenido a PropTradingScam.com\" class=\"read-more\" href=\"https:\/\/www.proptradingscam.com\/es\/\" aria-label=\"Leer m\u00e1s sobre Bienvenido a PropTradingScam.com\">Leer m\u00e1s<\/a><\/p>\n","protected":false},"author":4,"featured_media":0,"parent":0,"menu_order":0,"comment_status":"closed","ping_status":"closed","template":"","meta":{"footnotes":""},"class_list":["post-411","page","type-page","status-publish"],"_links":{"self":[{"href":"https:\/\/www.proptradingscam.com\/es\/wp-json\/wp\/v2\/pages\/411","targetHints":{"allow":["GET"]}}],"collection":[{"href":"https:\/\/www.proptradingscam.com\/es\/wp-json\/wp\/v2\/pages"}],"about":[{"href":"https:\/\/www.proptradingscam.com\/es\/wp-json\/wp\/v2\/types\/page"}],"author":[{"embeddable":true,"href":"https:\/\/www.proptradingscam.com\/es\/wp-json\/wp\/v2\/users\/4"}],"replies":[{"embeddable":true,"href":"https:\/\/www.proptradingscam.com\/es\/wp-json\/wp\/v2\/comments?post=411"}],"version-history":[{"count":0,"href":"https:\/\/www.proptradingscam.com\/es\/wp-json\/wp\/v2\/pages\/411\/revisions"}],"wp:attachment":[{"href":"https:\/\/www.proptradingscam.com\/es\/wp-json\/wp\/v2\/media?parent=411"}],"curies":[{"name":"wp","href":"https:\/\/api.w.org\/{rel}","templated":true}]}}