{"id":3349,"date":"2024-04-29T09:46:40","date_gmt":"2024-04-29T09:46:40","guid":{"rendered":"https:\/\/www.proptradingscam.com\/?page_id=3349"},"modified":"2024-08-04T17:05:40","modified_gmt":"2024-08-04T17:05:40","slug":"rebelsfunding","status":"publish","type":"page","link":"https:\/\/www.proptradingscam.com\/es\/rebelsfunding\/","title":{"rendered":"RebelsFunding Opiniones"},"content":{"rendered":"<p><img decoding=\"async\" src=\"https:\/\/www.proptradingscam.com\/wp-content\/uploads\/2024\/04\/rebelsfunding-300x153.png\" alt=\"RebelsFunding\" width=\"300\" height=\"153\" class=\"alignright size-medium wp-image-3161\" srcset=\"https:\/\/www.proptradingscam.com\/wp-content\/uploads\/2024\/04\/rebelsfunding-300x153.png 300w, https:\/\/www.proptradingscam.com\/wp-content\/uploads\/2024\/04\/rebelsfunding-1024x523.png 1024w, https:\/\/www.proptradingscam.com\/wp-content\/uploads\/2024\/04\/rebelsfunding-768x392.png 768w, https:\/\/www.proptradingscam.com\/wp-content\/uploads\/2024\/04\/rebelsfunding-1536x784.png 1536w, https:\/\/www.proptradingscam.com\/wp-content\/uploads\/2024\/04\/rebelsfunding-2048x1045.png 2048w\" sizes=\"(max-width: 300px) 100vw, 300px\" \/>RebelsFunding es <strong>una conocida empresa de prop trading de Eslovaquia<\/strong>.<\/p>\n<p><u>\u00bfPero es RebelsFunding una estafa?<\/u><\/p>\n<p><strong>No, \u00a1no lo es!<\/strong><\/p>\n<p>Nuestras opiniones y experiencia demuestran que <strong>RebelsFunding es una empresa segura de trading por cuenta propia<\/strong>.<\/p>\n<p style=\"text-align: center;\"><a class=\"button\" href=\"\/es\/to\/rebelsfunding\" target=\"_blank\" rel=\"noopener sponsored\">\u00a1Reg\u00edstrate en RebelsFunding ahora!<\/a><\/p>\n<p>Puedes compartir tus experiencias con RebelsFunding <a href=\"#comments\">en nuestra secci\u00f3n de comentarios<\/a>.<\/p>\n<h2>Acerca de RebelsFunding<\/h2>\n<p>En la siguiente tabla encontrar\u00e1 <strong>la informaci\u00f3n m\u00e1s esencial sobre RebelsFunding<\/strong>:<\/p>\n<table>\n<caption><u>Descripci\u00f3n de RebelsFunding<\/u><\/caption>\n<tbody>\n<tr>\n<th>Nombre<\/th>\n<td>RebelsFunding<\/td>\n<\/tr>\n<tr>\n<th>P\u00e1gina web<\/th>\n<td><a href=\"\/es\/to\/rebelsfunding\" target=\"_blank\" rel=\"noopener sponsored\">www.rebelsfunding.com<\/a><\/td>\n<\/tr>\n<tr>\n<th>Empresa<\/th>\n<td>RIFM, s.r.o.<\/td>\n<\/tr>\n<tr>\n<th>Direcci\u00f3n<\/th>\n<td>Landererova 8, 811 09 Bratislava, Eslovaquia<\/td>\n<\/tr>\n<tr>\n<th>CEO<\/th>\n<td>Marek Soska<\/td>\n<\/tr>\n<tr>\n<th>Fundador<\/th>\n<td>Martin Najat, Daniel Martin<\/td>\n<\/tr>\n<tr>\n<th>Fundada<\/th>\n<td>2015<\/td>\n<\/tr>\n<tr>\n<th>Contacto<\/th>\n<td>Chat en vivo, Mail, Formulario de contacto<\/td>\n<\/tr>\n<tr>\n<th>E-Mail<\/th>\n<td>info@rebelsfunding.com<\/td>\n<\/tr>\n<tr>\n<th>N\u00famero de tel\u00e9fono<\/th>\n<td>no disponible<\/td>\n<\/tr>\n<tr>\n<th>Capital inicial<\/th>\n<td>$1.000 a $320.000<\/td>\n<\/tr>\n<tr>\n<th>Participaci\u00f3n en beneficios<\/th>\n<td>50% a 90%<\/td>\n<\/tr>\n<tr>\n<th>Evaluaci\u00f3n<\/th>\n<td>0 d\u00edas<\/td>\n<\/tr>\n<tr>\n<th>Tarifa<\/th>\n<td>$25 a $890 (reembolsable hasta el doble de la tarifa inicial)<\/td>\n<\/tr>\n<tr>\n<th>M\u00e9todos de pago<\/th>\n<td>Tarjeta de cr\u00e9dito, Crypto, Transferencia bancaria, Wise, PayPal<\/td>\n<\/tr>\n<tr>\n<th>Instrumentos<\/th>\n<td>CFDs, Forex<\/td>\n<\/tr>\n<tr>\n<th>Plataforma<\/th>\n<td>RF-Trader<\/td>\n<\/tr>\n<tr>\n<th>Retiros<\/th>\n<td>a petici\u00f3n<\/td>\n<\/tr>\n<tr>\n<th>Languages<\/th>\n<td>Ingl\u00e9s, Checo, Portugu\u00e9s, Eslovaco, Swahili, Tailand\u00e9s, Vietnamita<\/td>\n<\/tr>\n<\/tbody>\n<\/table>\n","protected":false},"excerpt":{"rendered":"<p>RebelsFunding es una conocida empresa de prop trading de Eslovaquia. \u00bfPero es RebelsFunding una estafa? No, \u00a1no lo es! Nuestras opiniones y experiencia demuestran que RebelsFunding es una empresa segura de trading por cuenta propia. \u00a1Reg\u00edstrate en RebelsFunding ahora! Puedes compartir tus experiencias con RebelsFunding en nuestra secci\u00f3n de comentarios. Acerca de RebelsFunding En la &#8230; <a title=\"RebelsFunding Opiniones\" class=\"read-more\" href=\"https:\/\/www.proptradingscam.com\/es\/rebelsfunding\/\" aria-label=\"Leer m\u00e1s sobre RebelsFunding Opiniones\">Leer m\u00e1s<\/a><\/p>\n","protected":false},"author":4,"featured_media":0,"parent":0,"menu_order":0,"comment_status":"open","ping_status":"closed","template":"","meta":{"footnotes":""},"class_list":["post-3349","page","type-page","status-publish"],"_links":{"self":[{"href":"https:\/\/www.proptradingscam.com\/es\/wp-json\/wp\/v2\/pages\/3349","targetHints":{"allow":["GET"]}}],"collection":[{"href":"https:\/\/www.proptradingscam.com\/es\/wp-json\/wp\/v2\/pages"}],"about":[{"href":"https:\/\/www.proptradingscam.com\/es\/wp-json\/wp\/v2\/types\/page"}],"author":[{"embeddable":true,"href":"https:\/\/www.proptradingscam.com\/es\/wp-json\/wp\/v2\/users\/4"}],"replies":[{"embeddable":true,"href":"https:\/\/www.proptradingscam.com\/es\/wp-json\/wp\/v2\/comments?post=3349"}],"version-history":[{"count":0,"href":"https:\/\/www.proptradingscam.com\/es\/wp-json\/wp\/v2\/pages\/3349\/revisions"}],"wp:attachment":[{"href":"https:\/\/www.proptradingscam.com\/es\/wp-json\/wp\/v2\/media?parent=3349"}],"curies":[{"name":"wp","href":"https:\/\/api.w.org\/{rel}","templated":true}]}}