{"id":3348,"date":"2024-04-29T09:44:09","date_gmt":"2024-04-29T09:44:09","guid":{"rendered":"https:\/\/www.proptradingscam.com\/?page_id=3348"},"modified":"2024-08-04T17:06:25","modified_gmt":"2024-08-04T17:06:25","slug":"lark-funding","status":"publish","type":"page","link":"https:\/\/www.proptradingscam.com\/es\/lark-funding\/","title":{"rendered":"Lark Funding Opiniones"},"content":{"rendered":"<p><img decoding=\"async\" src=\"https:\/\/www.proptradingscam.com\/wp-content\/uploads\/2024\/04\/lark-funding-300x153.png\" alt=\"Lark Funding\" width=\"300\" height=\"153\" class=\"alignright size-medium wp-image-3147\" srcset=\"https:\/\/www.proptradingscam.com\/wp-content\/uploads\/2024\/04\/lark-funding-300x153.png 300w, https:\/\/www.proptradingscam.com\/wp-content\/uploads\/2024\/04\/lark-funding-1024x523.png 1024w, https:\/\/www.proptradingscam.com\/wp-content\/uploads\/2024\/04\/lark-funding-768x392.png 768w, https:\/\/www.proptradingscam.com\/wp-content\/uploads\/2024\/04\/lark-funding-1536x784.png 1536w, https:\/\/www.proptradingscam.com\/wp-content\/uploads\/2024\/04\/lark-funding-2048x1045.png 2048w\" sizes=\"(max-width: 300px) 100vw, 300px\" \/>Lark Funding es <strong>una conocida empresa de prop trading de Canad\u00e1<\/strong>.<\/p>\n<p><u>\u00bfPero es Lark Funding una estafa?<\/u><\/p>\n<p><strong>No, \u00a1no lo es!<\/strong><\/p>\n<p>Nuestras opiniones y experiencia demuestran que <strong>Lark Funding es una empresa segura de trading por cuenta propia<\/strong>.<\/p>\n<p style=\"text-align: center;\"><a class=\"button\" href=\"\/es\/to\/lark-funding\" target=\"_blank\" rel=\"noopener sponsored\">\u00a1Reg\u00edstrate en Lark Funding ahora!<\/a><\/p>\n<p>Puedes compartir tus experiencias con Lark Funding <a href=\"#comments\">en nuestra secci\u00f3n de comentarios<\/a>.<\/p>\n<h2>Acerca de Lark Funding<\/h2>\n<p>En la siguiente tabla encontrar\u00e1 <strong>la informaci\u00f3n m\u00e1s esencial sobre Lark Funding<\/strong>:<\/p>\n<table>\n<caption><u>Descripci\u00f3n de Lark Funding<\/u><\/caption>\n<tbody>\n<tr>\n<th>Nombre<\/th>\n<td>Lark Funding<\/td>\n<\/tr>\n<tr>\n<th>P\u00e1gina web<\/th>\n<td><a href=\"\/es\/to\/lark-funding\" target=\"_blank\" rel=\"noopener sponsored\">larkfunding.com<\/a><\/td>\n<\/tr>\n<tr>\n<th>Empresa<\/th>\n<td>Lark Funding Inc.<\/td>\n<\/tr>\n<tr>\n<th>Direcci\u00f3n<\/th>\n<td>3 Pl. Ville-Marie, Montr\u00e9al, QC H3B 4W8, Canad\u00e1<\/td>\n<\/tr>\n<tr>\n<th>CEO<\/th>\n<td>Matt L.<\/td>\n<\/tr>\n<tr>\n<th>Fundador<\/th>\n<td>Matt L.<\/td>\n<\/tr>\n<tr>\n<th>Fundada<\/th>\n<td>2022<\/td>\n<\/tr>\n<tr>\n<th>Contacto<\/th>\n<td>Chat en vivo, Mail, Contact Form<\/td>\n<\/tr>\n<tr>\n<th>E-Mail<\/th>\n<td>support@larkfunding.com<\/td>\n<\/tr>\n<tr>\n<th>N\u00famero de tel\u00e9fono<\/th>\n<td>no disponible<\/td>\n<\/tr>\n<tr>\n<th>Capital inicial<\/th>\n<td>$5.000 a $200.000<\/td>\n<\/tr>\n<tr>\n<th>Participaci\u00f3n en beneficios<\/th>\n<td>80% a 90%<\/td>\n<\/tr>\n<tr>\n<th>Evaluaci\u00f3n<\/th>\n<td>0 d\u00edas<\/td>\n<\/tr>\n<tr>\n<th>Tarifa<\/th>\n<td>$60 a $1.000<\/td>\n<\/tr>\n<tr>\n<th>M\u00e9todos de pago<\/th>\n<td>Tarjeta de cr\u00e9dito<\/td>\n<\/tr>\n<tr>\n<th>Instrumentos<\/th>\n<td>CFDs, Forex<\/td>\n<\/tr>\n<tr>\n<th>Plataforma<\/th>\n<td>DXTrade, cTrader<\/td>\n<\/tr>\n<tr>\n<th>Retiros<\/th>\n<td>a petici\u00f3n<\/td>\n<\/tr>\n<tr>\n<th>Idiomas<\/th>\n<td>Ingl\u00e9s<\/td>\n<\/tr>\n<\/tbody>\n<\/table>\n","protected":false},"excerpt":{"rendered":"<p>Lark Funding es una conocida empresa de prop trading de Canad\u00e1. \u00bfPero es Lark Funding una estafa? No, \u00a1no lo es! Nuestras opiniones y experiencia demuestran que Lark Funding es una empresa segura de trading por cuenta propia. \u00a1Reg\u00edstrate en Lark Funding ahora! Puedes compartir tus experiencias con Lark Funding en nuestra secci\u00f3n de comentarios. &#8230; <a title=\"Lark Funding Opiniones\" class=\"read-more\" href=\"https:\/\/www.proptradingscam.com\/es\/lark-funding\/\" aria-label=\"Leer m\u00e1s sobre Lark Funding Opiniones\">Leer m\u00e1s<\/a><\/p>\n","protected":false},"author":4,"featured_media":0,"parent":0,"menu_order":0,"comment_status":"open","ping_status":"closed","template":"","meta":{"footnotes":""},"class_list":["post-3348","page","type-page","status-publish"],"_links":{"self":[{"href":"https:\/\/www.proptradingscam.com\/es\/wp-json\/wp\/v2\/pages\/3348","targetHints":{"allow":["GET"]}}],"collection":[{"href":"https:\/\/www.proptradingscam.com\/es\/wp-json\/wp\/v2\/pages"}],"about":[{"href":"https:\/\/www.proptradingscam.com\/es\/wp-json\/wp\/v2\/types\/page"}],"author":[{"embeddable":true,"href":"https:\/\/www.proptradingscam.com\/es\/wp-json\/wp\/v2\/users\/4"}],"replies":[{"embeddable":true,"href":"https:\/\/www.proptradingscam.com\/es\/wp-json\/wp\/v2\/comments?post=3348"}],"version-history":[{"count":0,"href":"https:\/\/www.proptradingscam.com\/es\/wp-json\/wp\/v2\/pages\/3348\/revisions"}],"wp:attachment":[{"href":"https:\/\/www.proptradingscam.com\/es\/wp-json\/wp\/v2\/media?parent=3348"}],"curies":[{"name":"wp","href":"https:\/\/api.w.org\/{rel}","templated":true}]}}