{"id":3347,"date":"2024-04-29T09:42:04","date_gmt":"2024-04-29T09:42:04","guid":{"rendered":"https:\/\/www.proptradingscam.com\/?page_id=3347"},"modified":"2024-08-04T17:07:08","modified_gmt":"2024-08-04T17:07:08","slug":"goat-funded-trader","status":"publish","type":"page","link":"https:\/\/www.proptradingscam.com\/es\/goat-funded-trader\/","title":{"rendered":"Goat Funded Trader Opiniones"},"content":{"rendered":"<p><img decoding=\"async\" src=\"https:\/\/www.proptradingscam.com\/wp-content\/uploads\/2024\/04\/goat-funded-trader-es-300x153.png\" alt=\"Goat Funded Trader\" width=\"300\" height=\"153\" class=\"alignright size-medium wp-image-3395\" srcset=\"https:\/\/www.proptradingscam.com\/wp-content\/uploads\/2024\/04\/goat-funded-trader-es-300x153.png 300w, https:\/\/www.proptradingscam.com\/wp-content\/uploads\/2024\/04\/goat-funded-trader-es-1024x523.png 1024w, https:\/\/www.proptradingscam.com\/wp-content\/uploads\/2024\/04\/goat-funded-trader-es-768x392.png 768w, https:\/\/www.proptradingscam.com\/wp-content\/uploads\/2024\/04\/goat-funded-trader-es-1536x784.png 1536w, https:\/\/www.proptradingscam.com\/wp-content\/uploads\/2024\/04\/goat-funded-trader-es-2048x1045.png 2048w\" sizes=\"(max-width: 300px) 100vw, 300px\" \/>Goat Funded Trader es <strong>una conocida empresa de prop trading de Hong Kong<\/strong>.<\/p>\n<p><u>\u00bfPero es Goat Funded Trader una estafa?<\/u><\/p>\n<p><strong>No, \u00a1no lo es!<\/strong><\/p>\n<p>Nuestras opiniones y experiencia demuestran que <strong>Goat Funded Trader es una empresa segura de trading por cuenta propia<\/strong>.<\/p>\n<p style=\"text-align: center;\"><a class=\"button\" href=\"\/es\/to\/goat-funded-trader\" target=\"_blank\" rel=\"noopener sponsored\">\u00a1Reg\u00edstrate en Goat Funded Trader ahora!<\/a><\/p>\n<p>Puedes compartir tus experiencias con Goat Funded Trader <a href=\"#comments\">en nuestra secci\u00f3n de comentarios<\/a>.<\/p>\n<h2>Acerca de Goat Funded Trader<\/h2>\n<p>En la siguiente tabla encontrar\u00e1 <strong>la informaci\u00f3n m\u00e1s esencial sobre Goat Funded Trader<\/strong>:<\/p>\n<table>\n<caption><u>Descripci\u00f3n de Goat Funded Trader<\/u><\/caption>\n<tbody>\n<tr>\n<th>Nombre<\/th>\n<td>Goat Funded Trader<\/td>\n<\/tr>\n<tr>\n<th>P\u00e1gina web<\/th>\n<td><a href=\"\/es\/to\/goat-funded-trader\" target=\"_blank\" rel=\"noopener sponsored\">goatfundedtrader.com<\/a><\/td>\n<\/tr>\n<tr>\n<th>Empresa<\/th>\n<td>Wishes Tower International Limited<\/td>\n<\/tr>\n<tr>\n<th>Direcci\u00f3n<\/th>\n<td>Rm 1205, 12\/f. Beverly House, 93 Lockhart Rd, Wan Chai, Hong Kong<\/td>\n<\/tr>\n<tr>\n<th>CEO<\/th>\n<td>Edoardo Dalla Torre<\/td>\n<\/tr>\n<tr>\n<th>Fundador<\/th>\n<td>Edoardo Dalla Torre<\/td>\n<\/tr>\n<tr>\n<th>Fundada<\/th>\n<td>2023<\/td>\n<\/tr>\n<tr>\n<th>Contacto<\/th>\n<td>Chat en vivo, Mail, Formulario de contacto<\/td>\n<\/tr>\n<tr>\n<th>E-Mail<\/th>\n<td>support@goatfundedtrader.com<\/td>\n<\/tr>\n<tr>\n<th>Contacto<\/th>\n<td>no disponible<\/td>\n<\/tr>\n<tr>\n<th>Capital inicial<\/th>\n<td>$5.000 a $200.000<\/td>\n<\/tr>\n<tr>\n<th>Participaci\u00f3n en beneficios<\/th>\n<td>40% a 80%<\/td>\n<\/tr>\n<tr>\n<th>Evaluaci\u00f3n<\/th>\n<td>0 d\u00edas<\/td>\n<\/tr>\n<tr>\n<th>Tarifa<\/th>\n<td>$30 a $1.065<\/td>\n<\/tr>\n<tr>\n<th>M\u00e9todos de pago<\/th>\n<td>Tarjeta de cr\u00e9dito, Crypto<\/td>\n<\/tr>\n<tr>\n<th>Instrumentos<\/th>\n<td>CFDs, Forex<\/td>\n<\/tr>\n<tr>\n<th>Plataforma<\/th>\n<td>Match Trader, TradeLocker<\/td>\n<\/tr>\n<tr>\n<th>Retiros<\/th>\n<td>a petici\u00f3n<\/td>\n<\/tr>\n<tr>\n<th>Idiomas<\/th>\n<td>Espa\u00f1ol, Ingl\u00e9s, Italiano, Alem\u00e1n, Griego, Turco, Checo, Japon\u00e9s<\/td>\n<\/tr>\n<\/tbody>\n<\/table>\n","protected":false},"excerpt":{"rendered":"<p>Goat Funded Trader es una conocida empresa de prop trading de Hong Kong. \u00bfPero es Goat Funded Trader una estafa? No, \u00a1no lo es! Nuestras opiniones y experiencia demuestran que Goat Funded Trader es una empresa segura de trading por cuenta propia. \u00a1Reg\u00edstrate en Goat Funded Trader ahora! Puedes compartir tus experiencias con Goat Funded &#8230; <a title=\"Goat Funded Trader Opiniones\" class=\"read-more\" href=\"https:\/\/www.proptradingscam.com\/es\/goat-funded-trader\/\" aria-label=\"Leer m\u00e1s sobre Goat Funded Trader Opiniones\">Leer m\u00e1s<\/a><\/p>\n","protected":false},"author":4,"featured_media":0,"parent":0,"menu_order":0,"comment_status":"open","ping_status":"closed","template":"","meta":{"footnotes":""},"class_list":["post-3347","page","type-page","status-publish"],"_links":{"self":[{"href":"https:\/\/www.proptradingscam.com\/es\/wp-json\/wp\/v2\/pages\/3347","targetHints":{"allow":["GET"]}}],"collection":[{"href":"https:\/\/www.proptradingscam.com\/es\/wp-json\/wp\/v2\/pages"}],"about":[{"href":"https:\/\/www.proptradingscam.com\/es\/wp-json\/wp\/v2\/types\/page"}],"author":[{"embeddable":true,"href":"https:\/\/www.proptradingscam.com\/es\/wp-json\/wp\/v2\/users\/4"}],"replies":[{"embeddable":true,"href":"https:\/\/www.proptradingscam.com\/es\/wp-json\/wp\/v2\/comments?post=3347"}],"version-history":[{"count":0,"href":"https:\/\/www.proptradingscam.com\/es\/wp-json\/wp\/v2\/pages\/3347\/revisions"}],"wp:attachment":[{"href":"https:\/\/www.proptradingscam.com\/es\/wp-json\/wp\/v2\/media?parent=3347"}],"curies":[{"name":"wp","href":"https:\/\/api.w.org\/{rel}","templated":true}]}}