{"id":3346,"date":"2024-04-29T09:38:11","date_gmt":"2024-04-29T09:38:11","guid":{"rendered":"https:\/\/www.proptradingscam.com\/?page_id=3346"},"modified":"2024-08-04T17:07:05","modified_gmt":"2024-08-04T17:07:05","slug":"glow-node","status":"publish","type":"page","link":"https:\/\/www.proptradingscam.com\/es\/glow-node\/","title":{"rendered":"Glow Node Opiniones"},"content":{"rendered":"<p><img decoding=\"async\" src=\"https:\/\/www.proptradingscam.com\/wp-content\/uploads\/2024\/04\/glow-node-300x153.png\" alt=\"Glow Node\" width=\"300\" height=\"153\" class=\"alignright size-medium wp-image-3122\" srcset=\"https:\/\/www.proptradingscam.com\/wp-content\/uploads\/2024\/04\/glow-node-300x153.png 300w, https:\/\/www.proptradingscam.com\/wp-content\/uploads\/2024\/04\/glow-node-1024x523.png 1024w, https:\/\/www.proptradingscam.com\/wp-content\/uploads\/2024\/04\/glow-node-768x392.png 768w, https:\/\/www.proptradingscam.com\/wp-content\/uploads\/2024\/04\/glow-node-1536x784.png 1536w, https:\/\/www.proptradingscam.com\/wp-content\/uploads\/2024\/04\/glow-node-2048x1045.png 2048w\" sizes=\"(max-width: 300px) 100vw, 300px\" \/>Glow Node es <strong>una conocida empresa de prop trading del Reino Unido<\/strong>.<\/p>\n<p><u>\u00bfPero es Glow Node una estafa?<\/u><\/p>\n<p><strong>No, \u00a1no lo es!<\/strong><\/p>\n<p>Nuestras opiniones y experiencia demuestran que <strong>Glow Node es una empresa segura de trading por cuenta propia<\/strong>.<\/p>\n<p style=\"text-align: center;\"><a class=\"button\" href=\"\/es\/to\/glow-node\" target=\"_blank\" rel=\"noopener sponsored\">\u00a1Reg\u00edstrate en Glow Node ahora!<\/a><\/p>\n<p>Puedes compartir tus experiencias con Glow Node <a href=\"#comments\">en nuestra secci\u00f3n de comentarios<\/a>.<\/p>\n<h2>Acerca de Glow Node<\/h2>\n<p>En la siguiente tabla encontrar\u00e1 <strong>la informaci\u00f3n m\u00e1s esencial sobre Glow Node<\/strong>:<\/p>\n<table>\n<caption><u>Descripci\u00f3n de Glow Node<\/u><\/caption>\n<tbody>\n<tr>\n<th>Nombre<\/th>\n<td>Glow Node<\/td>\n<\/tr>\n<tr>\n<th>P\u00e1gina web<\/th>\n<td><a href=\"\/es\/to\/glow-node\" target=\"_blank\" rel=\"noopener sponsored\">www.glow-node.com<\/a><\/td>\n<\/tr>\n<tr>\n<th>Empresa<\/th>\n<td>Glow Node Ltd.<\/td>\n<\/tr>\n<tr>\n<th>Direcci\u00f3n<\/th>\n<td>89-90 Paul St, London EC2A 4NE, Reino Unido<\/td>\n<\/tr>\n<tr>\n<th>CEO<\/th>\n<td>Sam Bradbury, Ryan Beasley<\/td>\n<\/tr>\n<tr>\n<th>Fundador<\/th>\n<td>Sam Bradbury, Ryan Beasley<\/td>\n<\/tr>\n<tr>\n<th>Fundada<\/th>\n<td>2022<\/td>\n<\/tr>\n<tr>\n<th>Contacto<\/th>\n<td>Chat en vivo, Mail<\/td>\n<\/tr>\n<tr>\n<th>E-Mail<\/th>\n<td>support@glow-node.com<\/td>\n<\/tr>\n<tr>\n<th>N\u00famero de tel\u00e9fono<\/th>\n<td>no disponible<\/td>\n<\/tr>\n<tr>\n<th>Capital inicial<\/th>\n<td>$5.000 a $100.000<\/td>\n<\/tr>\n<tr>\n<th>Participaci\u00f3n en beneficios<\/th>\n<td>80%<\/td>\n<\/tr>\n<tr>\n<th>Evaluaci\u00f3n<\/th>\n<td>0 d\u00edas<\/td>\n<\/tr>\n<tr>\n<th>Tarifa<\/th>\n<td>$29 a $4.900<\/td>\n<\/tr>\n<tr>\n<th>M\u00e9todos de pago<\/th>\n<td>Tarjeta de cr\u00e9dito, Crypto<\/td>\n<\/tr>\n<tr>\n<th>Instrumentos<\/th>\n<td>Forex, CFDs<\/td>\n<\/tr>\n<tr>\n<th>Plataforma<\/th>\n<td>Match Trader<\/td>\n<\/tr>\n<tr>\n<th>Retiros<\/th>\n<td>dos veces al mes<\/td>\n<\/tr>\n<tr>\n<th>Idiomas<\/th>\n<td>Ingl\u00e9s<\/td>\n<\/tr>\n<\/tbody>\n<\/table>\n","protected":false},"excerpt":{"rendered":"<p>Glow Node es una conocida empresa de prop trading del Reino Unido. \u00bfPero es Glow Node una estafa? No, \u00a1no lo es! Nuestras opiniones y experiencia demuestran que Glow Node es una empresa segura de trading por cuenta propia. \u00a1Reg\u00edstrate en Glow Node ahora! Puedes compartir tus experiencias con Glow Node en nuestra secci\u00f3n de &#8230; <a title=\"Glow Node Opiniones\" class=\"read-more\" href=\"https:\/\/www.proptradingscam.com\/es\/glow-node\/\" aria-label=\"Leer m\u00e1s sobre Glow Node Opiniones\">Leer m\u00e1s<\/a><\/p>\n","protected":false},"author":4,"featured_media":0,"parent":0,"menu_order":0,"comment_status":"open","ping_status":"closed","template":"","meta":{"footnotes":""},"class_list":["post-3346","page","type-page","status-publish"],"_links":{"self":[{"href":"https:\/\/www.proptradingscam.com\/es\/wp-json\/wp\/v2\/pages\/3346","targetHints":{"allow":["GET"]}}],"collection":[{"href":"https:\/\/www.proptradingscam.com\/es\/wp-json\/wp\/v2\/pages"}],"about":[{"href":"https:\/\/www.proptradingscam.com\/es\/wp-json\/wp\/v2\/types\/page"}],"author":[{"embeddable":true,"href":"https:\/\/www.proptradingscam.com\/es\/wp-json\/wp\/v2\/users\/4"}],"replies":[{"embeddable":true,"href":"https:\/\/www.proptradingscam.com\/es\/wp-json\/wp\/v2\/comments?post=3346"}],"version-history":[{"count":0,"href":"https:\/\/www.proptradingscam.com\/es\/wp-json\/wp\/v2\/pages\/3346\/revisions"}],"wp:attachment":[{"href":"https:\/\/www.proptradingscam.com\/es\/wp-json\/wp\/v2\/media?parent=3346"}],"curies":[{"name":"wp","href":"https:\/\/api.w.org\/{rel}","templated":true}]}}