{"id":3345,"date":"2024-04-29T09:36:15","date_gmt":"2024-04-29T09:36:15","guid":{"rendered":"https:\/\/www.proptradingscam.com\/?page_id=3345"},"modified":"2024-09-19T09:13:53","modified_gmt":"2024-09-19T09:13:53","slug":"funded-trading-plus","status":"publish","type":"page","link":"https:\/\/www.proptradingscam.com\/es\/funded-trading-plus\/","title":{"rendered":"Funded Trading Plus Opiniones"},"content":{"rendered":"<p><img decoding=\"async\" src=\"https:\/\/www.proptradingscam.com\/wp-content\/uploads\/2024\/04\/funded-trading-plus-300x153.png\" alt=\"Funded Trading Plus\" width=\"300\" height=\"153\" class=\"alignright size-medium wp-image-3109\" srcset=\"https:\/\/www.proptradingscam.com\/wp-content\/uploads\/2024\/04\/funded-trading-plus-300x153.png 300w, https:\/\/www.proptradingscam.com\/wp-content\/uploads\/2024\/04\/funded-trading-plus-1024x523.png 1024w, https:\/\/www.proptradingscam.com\/wp-content\/uploads\/2024\/04\/funded-trading-plus-768x392.png 768w, https:\/\/www.proptradingscam.com\/wp-content\/uploads\/2024\/04\/funded-trading-plus-1536x784.png 1536w, https:\/\/www.proptradingscam.com\/wp-content\/uploads\/2024\/04\/funded-trading-plus-2048x1045.png 2048w\" sizes=\"(max-width: 300px) 100vw, 300px\" \/>Funded Trading Plus es <strong>una conocida empresa de prop trading del Reino Unido<\/strong>.<\/p>\n<p><u>\u00bfPero es Funded Trading Plus una estafa?<\/u><\/p>\n<p><strong>No, \u00a1no lo es!<\/strong><\/p>\n<p>Nuestras opiniones y experiencia demuestran que <strong>Funded Trading Plus es una empresa segura de trading por cuenta propia<\/strong>.<\/p>\n<p style=\"text-align: center;\"><a class=\"button\" href=\"\/es\/to\/funded-trading-plus\" target=\"_blank\" rel=\"noopener sponsored\">\u00a1Reg\u00edstrate en Funded Trading Plus ahora!<\/a><\/p>\n<p>Puedes compartir tus experiencias con Funded Trading Plus <a href=\"#comments\">en nuestra secci\u00f3n de comentarios<\/a>.<\/p>\n<h2>Acerca de Funded Trading Plus<\/h2>\n<p>En la siguiente tabla encontrar\u00e1 <strong>la informaci\u00f3n m\u00e1s esencial sobre Funded Trading Plus<\/strong>:<\/p>\n<table>\n<caption><u>Descripci\u00f3n de Funded Trading Plus<\/u><\/caption>\n<tbody>\n<tr>\n<th>Nombre<\/th>\n<td>Funded Trading Plus<\/td>\n<\/tr>\n<tr>\n<th>P\u00e1gina web<\/th>\n<td><a href=\"\/es\/to\/funded-trading-plus\" target=\"_blank\" rel=\"noopener sponsored\">www.fundedtradingplus.com<\/a><\/td>\n<\/tr>\n<tr>\n<th>Empresa<\/th>\n<td>FTP London Ltd.<\/td>\n<\/tr>\n<tr>\n<th>Direcci\u00f3n<\/th>\n<td>7 Bell Yard, London WC2A 2JR, Reino Unido<\/td>\n<\/tr>\n<tr>\n<th>CEO<\/th>\n<td>Simon Paul Massey<\/td>\n<\/tr>\n<tr>\n<th>Fundador<\/th>\n<td>Simon Paul Massey, James Anthony Frangleton, Michael Christopher Cogswell<\/td>\n<\/tr>\n<tr>\n<th>Fundada<\/th>\n<td>2021<\/td>\n<\/tr>\n<tr>\n<th>Contacto<\/th>\n<td>Chat en vivo, Tel\u00e9fono, Mail, Formulario de contacto<\/td>\n<\/tr>\n<tr>\n<th>E-Mail<\/th>\n<td>info@fundedtradingplus.com<\/td>\n<\/tr>\n<tr>\n<th>N\u00famero de tel\u00e9fono<\/th>\n<td>+44 (0)333 0909800<\/td>\n<\/tr>\n<tr>\n<th>Capital inicial<\/th>\n<td>$5.000 a $200.000<\/td>\n<\/tr>\n<tr>\n<th>Participaci\u00f3n en beneficios<\/th>\n<td>80% a 100%<\/td>\n<\/tr>\n<tr>\n<th>Evaluaci\u00f3n<\/th>\n<td>0 d\u00edas<\/td>\n<\/tr>\n<tr>\n<th>Tarifa<\/th>\n<td>$119 a $4.500<\/td>\n<\/tr>\n<tr>\n<th>M\u00e9todos de pago<\/th>\n<td>Tarjeta de cr\u00e9dito, Crypto<\/td>\n<\/tr>\n<tr>\n<th>Instrumentos<\/th>\n<td>Forex, CFDs<\/td>\n<\/tr>\n<tr>\n<th>Plataforma<\/th>\n<td>MetaTrader 4, MetaTrader 5, Match Trader, DXTrade, cTrader<\/td>\n<\/tr>\n<tr>\n<th>Retiros<\/th>\n<td>una vez por semana<\/td>\n<\/tr>\n<tr>\n<th>Idiomas<\/th>\n<td>Ingl\u00e9s<\/td>\n<\/tr>\n<\/tbody>\n<\/table>\n","protected":false},"excerpt":{"rendered":"<p>Funded Trading Plus es una conocida empresa de prop trading del Reino Unido. \u00bfPero es Funded Trading Plus una estafa? No, \u00a1no lo es! Nuestras opiniones y experiencia demuestran que Funded Trading Plus es una empresa segura de trading por cuenta propia. \u00a1Reg\u00edstrate en Funded Trading Plus ahora! Puedes compartir tus experiencias con Funded Trading &#8230; <a title=\"Funded Trading Plus Opiniones\" class=\"read-more\" href=\"https:\/\/www.proptradingscam.com\/es\/funded-trading-plus\/\" aria-label=\"Leer m\u00e1s sobre Funded Trading Plus Opiniones\">Leer m\u00e1s<\/a><\/p>\n","protected":false},"author":4,"featured_media":0,"parent":0,"menu_order":0,"comment_status":"open","ping_status":"closed","template":"","meta":{"footnotes":""},"class_list":["post-3345","page","type-page","status-publish"],"_links":{"self":[{"href":"https:\/\/www.proptradingscam.com\/es\/wp-json\/wp\/v2\/pages\/3345","targetHints":{"allow":["GET"]}}],"collection":[{"href":"https:\/\/www.proptradingscam.com\/es\/wp-json\/wp\/v2\/pages"}],"about":[{"href":"https:\/\/www.proptradingscam.com\/es\/wp-json\/wp\/v2\/types\/page"}],"author":[{"embeddable":true,"href":"https:\/\/www.proptradingscam.com\/es\/wp-json\/wp\/v2\/users\/4"}],"replies":[{"embeddable":true,"href":"https:\/\/www.proptradingscam.com\/es\/wp-json\/wp\/v2\/comments?post=3345"}],"version-history":[{"count":0,"href":"https:\/\/www.proptradingscam.com\/es\/wp-json\/wp\/v2\/pages\/3345\/revisions"}],"wp:attachment":[{"href":"https:\/\/www.proptradingscam.com\/es\/wp-json\/wp\/v2\/media?parent=3345"}],"curies":[{"name":"wp","href":"https:\/\/api.w.org\/{rel}","templated":true}]}}