{"id":3344,"date":"2024-04-29T09:29:31","date_gmt":"2024-04-29T09:29:31","guid":{"rendered":"https:\/\/www.proptradingscam.com\/?page_id=3344"},"modified":"2024-08-04T17:05:07","modified_gmt":"2024-08-04T17:05:07","slug":"funded-engineer","status":"publish","type":"page","link":"https:\/\/www.proptradingscam.com\/es\/funded-engineer\/","title":{"rendered":"Funded Engineer Opiniones"},"content":{"rendered":"<p><img decoding=\"async\" src=\"https:\/\/www.proptradingscam.com\/wp-content\/uploads\/2024\/04\/funded-engineer-es-300x153.png\" alt=\"Funded Engineer\" width=\"300\" height=\"153\" class=\"alignright size-medium wp-image-3384\" srcset=\"https:\/\/www.proptradingscam.com\/wp-content\/uploads\/2024\/04\/funded-engineer-es-300x153.png 300w, https:\/\/www.proptradingscam.com\/wp-content\/uploads\/2024\/04\/funded-engineer-es-1024x523.png 1024w, https:\/\/www.proptradingscam.com\/wp-content\/uploads\/2024\/04\/funded-engineer-es-768x392.png 768w, https:\/\/www.proptradingscam.com\/wp-content\/uploads\/2024\/04\/funded-engineer-es-1536x784.png 1536w, https:\/\/www.proptradingscam.com\/wp-content\/uploads\/2024\/04\/funded-engineer-es-2048x1045.png 2048w\" sizes=\"(max-width: 300px) 100vw, 300px\" \/>Funded Engineer es <strong>una conocida empresa de prop trading de los Emiratos \u00c1rabes Unidos<\/strong>.<\/p>\n<p><u>\u00bfPero es Funded Engineer una estafa?<\/u><\/p>\n<p>No, \u00a1no lo es!<\/p>\n<p><strong><u>Actualizaci\u00f3n:<\/u><\/strong><\/p>\n<p>Funded Engineer <u>ha cesado todas las operaciones<\/u> el 15.07.2024 y presentar\u00e1 una solicitud de quiebra.<\/p>\n<p><img decoding=\"async\" src=\"https:\/\/www.proptradingscam.com\/wp-content\/uploads\/2024\/07\/funded-engineer-operations-1024x753.png\" alt=\"Funded Engineer cesado todas las operaciones\" width=\"1024\" height=\"753\" class=\"alignnone size-large wp-image-4314\" srcset=\"https:\/\/www.proptradingscam.com\/wp-content\/uploads\/2024\/07\/funded-engineer-operations-1024x753.png 1024w, https:\/\/www.proptradingscam.com\/wp-content\/uploads\/2024\/07\/funded-engineer-operations-300x221.png 300w, https:\/\/www.proptradingscam.com\/wp-content\/uploads\/2024\/07\/funded-engineer-operations-768x565.png 768w, https:\/\/www.proptradingscam.com\/wp-content\/uploads\/2024\/07\/funded-engineer-operations-1536x1129.png 1536w, https:\/\/www.proptradingscam.com\/wp-content\/uploads\/2024\/07\/funded-engineer-operations.png 1816w\" sizes=\"(max-width: 1024px) 100vw, 1024px\" \/><\/p>\n<p>Nuestras opiniones y experiencia demuestran que <strong>Funded Engineer es una empresa segura de trading por cuenta propia<\/strong>.<\/p>\n<p>Puedes compartir tus experiencias con Funded Engineer <a href=\"#comments\">en nuestra secci\u00f3n de comentarios<\/a>.<\/p>\n<h2>Acerca de Funded Engineer<\/h2>\n<p>En la siguiente tabla encontrar\u00e1 <strong>la informaci\u00f3n m\u00e1s esencial sobre Funded Engineer<\/strong>:<\/p>\n<table>\n<caption><u>Descripci\u00f3n de Funded Engineer<\/u><\/caption>\n<tbody>\n<tr>\n<th>Nombre<\/th>\n<td>Funded Engineer<\/td>\n<\/tr>\n<tr>\n<th>P\u00e1gina web<\/th>\n<td>www.fundedengineer.com<\/td>\n<\/tr>\n<tr>\n<th>Empresa<\/th>\n<td>Funded Engineer FZCO<\/td>\n<\/tr>\n<tr>\n<th>Direcci\u00f3n<\/th>\n<td>Dubai Silicon Oasis, DDP, Building A2, Dubai,Emiratos \u00c1rabes Unidos<\/td>\n<\/tr>\n<tr>\n<th>CEO<\/th>\n<td>Tristian Talbot, Harri Sawicki<\/td>\n<\/tr>\n<tr>\n<th>Fundador<\/th>\n<td>Tristian Talbot, Harri Sawicki<\/td>\n<\/tr>\n<tr>\n<th>Fundada<\/th>\n<td>2023<\/td>\n<\/tr>\n<tr>\n<th>Contacto<\/th>\n<td>Chat en vivo, Mail, Formulario de contacto<\/td>\n<\/tr>\n<tr>\n<th>E-Mail<\/th>\n<td>livesupport@fundedengineer.com<\/td>\n<\/tr>\n<tr>\n<th>N\u00famero de tel\u00e9fono<\/th>\n<td>no disponible<\/td>\n<\/tr>\n<tr>\n<th>Capital inicial<\/th>\n<td>$6.000 a $300,.000<\/td>\n<\/tr>\n<tr>\n<th>Participaci\u00f3n en beneficios<\/th>\n<td>80% a 90%<\/td>\n<\/tr>\n<tr>\n<th>Evaluaci\u00f3n<\/th>\n<td>0 d\u00edas<\/td>\n<\/tr>\n<tr>\n<th>Tarifa<\/th>\n<td>$39 a $1.499 (reembolsable)<\/td>\n<\/tr>\n<tr>\n<th>M\u00e9todos de pago<\/th>\n<td>Tarjeta de cr\u00e9dito, Crypto (Bitcoin, Ethereum, Litecoin, USDT, USDC)<\/td>\n<\/tr>\n<tr>\n<th>Instrumentos<\/th>\n<td>CFDs, Forex<\/td>\n<\/tr>\n<tr>\n<th>Plataforma<\/th>\n<td>Soluci\u00f3n propia<\/td>\n<\/tr>\n<tr>\n<th>Retiros<\/th>\n<td>dos veces al mes<\/td>\n<\/tr>\n<tr>\n<th>Idiomas<\/th>\n<td>Espa\u00f1ol, Ingl\u00e9s, Griego, Alem\u00e1n<\/td>\n<\/tr>\n<\/tbody>\n<\/table>\n","protected":false},"excerpt":{"rendered":"<p>Funded Engineer es una conocida empresa de prop trading de los Emiratos \u00c1rabes Unidos. \u00bfPero es Funded Engineer una estafa? No, \u00a1no lo es! Actualizaci\u00f3n: Funded Engineer ha cesado todas las operaciones el 15.07.2024 y presentar\u00e1 una solicitud de quiebra. Nuestras opiniones y experiencia demuestran que Funded Engineer es una empresa segura de trading por &#8230; <a title=\"Funded Engineer Opiniones\" class=\"read-more\" href=\"https:\/\/www.proptradingscam.com\/es\/funded-engineer\/\" aria-label=\"Leer m\u00e1s sobre Funded Engineer Opiniones\">Leer m\u00e1s<\/a><\/p>\n","protected":false},"author":4,"featured_media":0,"parent":0,"menu_order":0,"comment_status":"open","ping_status":"closed","template":"","meta":{"footnotes":""},"class_list":["post-3344","page","type-page","status-publish"],"_links":{"self":[{"href":"https:\/\/www.proptradingscam.com\/es\/wp-json\/wp\/v2\/pages\/3344","targetHints":{"allow":["GET"]}}],"collection":[{"href":"https:\/\/www.proptradingscam.com\/es\/wp-json\/wp\/v2\/pages"}],"about":[{"href":"https:\/\/www.proptradingscam.com\/es\/wp-json\/wp\/v2\/types\/page"}],"author":[{"embeddable":true,"href":"https:\/\/www.proptradingscam.com\/es\/wp-json\/wp\/v2\/users\/4"}],"replies":[{"embeddable":true,"href":"https:\/\/www.proptradingscam.com\/es\/wp-json\/wp\/v2\/comments?post=3344"}],"version-history":[{"count":0,"href":"https:\/\/www.proptradingscam.com\/es\/wp-json\/wp\/v2\/pages\/3344\/revisions"}],"wp:attachment":[{"href":"https:\/\/www.proptradingscam.com\/es\/wp-json\/wp\/v2\/media?parent=3344"}],"curies":[{"name":"wp","href":"https:\/\/api.w.org\/{rel}","templated":true}]}}