{"id":3343,"date":"2024-04-29T09:25:58","date_gmt":"2024-04-29T09:25:58","guid":{"rendered":"https:\/\/www.proptradingscam.com\/?page_id=3343"},"modified":"2024-08-04T17:09:17","modified_gmt":"2024-08-04T17:09:17","slug":"deifunded","status":"publish","type":"page","link":"https:\/\/www.proptradingscam.com\/es\/deifunded\/","title":{"rendered":"DeiFunded Opiniones"},"content":{"rendered":"<p><img decoding=\"async\" src=\"https:\/\/www.proptradingscam.com\/wp-content\/uploads\/2024\/04\/deifunded-300x153.png\" alt=\"DeiFunded\" width=\"300\" height=\"153\" class=\"alignright size-medium wp-image-3173\" srcset=\"https:\/\/www.proptradingscam.com\/wp-content\/uploads\/2024\/04\/deifunded-300x153.png 300w, https:\/\/www.proptradingscam.com\/wp-content\/uploads\/2024\/04\/deifunded-1024x523.png 1024w, https:\/\/www.proptradingscam.com\/wp-content\/uploads\/2024\/04\/deifunded-768x392.png 768w, https:\/\/www.proptradingscam.com\/wp-content\/uploads\/2024\/04\/deifunded-1536x784.png 1536w, https:\/\/www.proptradingscam.com\/wp-content\/uploads\/2024\/04\/deifunded-2048x1045.png 2048w\" sizes=\"(max-width: 300px) 100vw, 300px\" \/>DeiFunded es <strong>una conocida empresa de prop trading desde Australia<\/strong>.<\/p>\n<p><u>\u00bfPero es DeiFunded una estafa?<\/u><\/p>\n<p><strong>No, \u00a1no lo es!<\/strong><\/p>\n<p>Nuestras opiniones y experiencia demuestran que <strong>DeiFunded es una empresa segura de trading por cuenta propia<\/strong>.<\/p>\n<p style=\"text-align: center;\"><a class=\"button\" href=\"\/es\/to\/deifunded\" target=\"_blank\" rel=\"noopener sponsored\">\u00a1Reg\u00edstrate en DeiFunded ahora!<\/a><\/p>\n<p>Puedes compartir tus experiencias con DeiFunded <a href=\"#comments\">en nuestra secci\u00f3n de comentarios<\/a>.<\/p>\n<h2>Acerca de DeiFunded<\/h2>\n<p>En la siguiente tabla encontrar\u00e1 <strong>la informaci\u00f3n m\u00e1s esencial sobre DeiFunded<\/strong>:<\/p>\n<table>\n<caption><u>Descripci\u00f3n de DeiFunded<\/u><\/caption>\n<tbody>\n<tr>\n<th>Nombre<\/th>\n<td>DeiFunded<\/td>\n<\/tr>\n<tr>\n<th>P\u00e1gina web<\/th>\n<td><a href=\"\/es\/to\/deifunded\" target=\"_blank\" rel=\"noopener sponsored\">deifunded.com<\/a><\/td>\n<\/tr>\n<tr>\n<th>Empresa<\/th>\n<td>DeiFunded Pty Ltd.<\/td>\n<\/tr>\n<tr>\n<th>Direcci\u00f3n<\/th>\n<td>L 45, 680 George St, Sydney NSW 2000, Australia<\/td>\n<\/tr>\n<tr>\n<th>CEO<\/th>\n<td>Dr. Shane Healy<\/td>\n<\/tr>\n<tr>\n<th>Fundador<\/th>\n<td>unknown<\/td>\n<\/tr>\n<tr>\n<th>Fundada<\/th>\n<td>2023<\/td>\n<\/tr>\n<tr>\n<th>Contacto<\/th>\n<td>Mail, Formulario de contacto<\/td>\n<\/tr>\n<tr>\n<th>E-Mail<\/th>\n<td>support@deifunded.com<\/td>\n<\/tr>\n<tr>\n<th>N\u00famero de tel\u00e9fono<\/th>\n<td>no disponible<\/td>\n<\/tr>\n<tr>\n<th>Capital inicial<\/th>\n<td>$5.000 a $200.000<\/td>\n<\/tr>\n<tr>\n<th>Participaci\u00f3n en beneficios<\/th>\n<td>80% a 90%<\/td>\n<\/tr>\n<tr>\n<th>Evaluaci\u00f3n<\/th>\n<td>4 d\u00edas<\/td>\n<\/tr>\n<tr>\n<th>Tarifa<\/th>\n<td>$59 a $899<\/td>\n<\/tr>\n<tr>\n<th>M\u00e9todos de pago<\/th>\n<td>Tarjeta de cr\u00e9dito, Crypto<\/td>\n<\/tr>\n<tr>\n<th>Instrumentos<\/th>\n<td>CFDs, Forex<\/td>\n<\/tr>\n<tr>\n<th>Plataforma<\/th>\n<td>MetaTrader 5<\/td>\n<\/tr>\n<tr>\n<th>Retiros<\/th>\n<td>dos veces al mes<\/td>\n<\/tr>\n<tr>\n<th>Idiomas<\/th>\n<td>Ingl\u00e9s<\/td>\n<\/tr>\n<\/tbody>\n<\/table>\n","protected":false},"excerpt":{"rendered":"<p>DeiFunded es una conocida empresa de prop trading desde Australia. \u00bfPero es DeiFunded una estafa? No, \u00a1no lo es! Nuestras opiniones y experiencia demuestran que DeiFunded es una empresa segura de trading por cuenta propia. \u00a1Reg\u00edstrate en DeiFunded ahora! Puedes compartir tus experiencias con DeiFunded en nuestra secci\u00f3n de comentarios. Acerca de DeiFunded En la &#8230; <a title=\"DeiFunded Opiniones\" class=\"read-more\" href=\"https:\/\/www.proptradingscam.com\/es\/deifunded\/\" aria-label=\"Leer m\u00e1s sobre DeiFunded Opiniones\">Leer m\u00e1s<\/a><\/p>\n","protected":false},"author":4,"featured_media":0,"parent":0,"menu_order":0,"comment_status":"open","ping_status":"closed","template":"","meta":{"footnotes":""},"class_list":["post-3343","page","type-page","status-publish"],"_links":{"self":[{"href":"https:\/\/www.proptradingscam.com\/es\/wp-json\/wp\/v2\/pages\/3343","targetHints":{"allow":["GET"]}}],"collection":[{"href":"https:\/\/www.proptradingscam.com\/es\/wp-json\/wp\/v2\/pages"}],"about":[{"href":"https:\/\/www.proptradingscam.com\/es\/wp-json\/wp\/v2\/types\/page"}],"author":[{"embeddable":true,"href":"https:\/\/www.proptradingscam.com\/es\/wp-json\/wp\/v2\/users\/4"}],"replies":[{"embeddable":true,"href":"https:\/\/www.proptradingscam.com\/es\/wp-json\/wp\/v2\/comments?post=3343"}],"version-history":[{"count":0,"href":"https:\/\/www.proptradingscam.com\/es\/wp-json\/wp\/v2\/pages\/3343\/revisions"}],"wp:attachment":[{"href":"https:\/\/www.proptradingscam.com\/es\/wp-json\/wp\/v2\/media?parent=3343"}],"curies":[{"name":"wp","href":"https:\/\/api.w.org\/{rel}","templated":true}]}}