{"id":3342,"date":"2024-04-29T08:44:03","date_gmt":"2024-04-29T08:44:03","guid":{"rendered":"https:\/\/www.proptradingscam.com\/?page_id=3342"},"modified":"2024-08-04T17:09:28","modified_gmt":"2024-08-04T17:09:28","slug":"blue-guardian","status":"publish","type":"page","link":"https:\/\/www.proptradingscam.com\/es\/blue-guardian\/","title":{"rendered":"Blue Guardian Opiniones"},"content":{"rendered":"<p><img decoding=\"async\" src=\"https:\/\/www.proptradingscam.com\/wp-content\/uploads\/2024\/04\/blue-guardian-300x153.png\" alt=\"Blue Guardian\" width=\"300\" height=\"153\" class=\"alignright size-medium wp-image-3098\" srcset=\"https:\/\/www.proptradingscam.com\/wp-content\/uploads\/2024\/04\/blue-guardian-300x153.png 300w, https:\/\/www.proptradingscam.com\/wp-content\/uploads\/2024\/04\/blue-guardian-1024x523.png 1024w, https:\/\/www.proptradingscam.com\/wp-content\/uploads\/2024\/04\/blue-guardian-768x392.png 768w, https:\/\/www.proptradingscam.com\/wp-content\/uploads\/2024\/04\/blue-guardian-1536x784.png 1536w, https:\/\/www.proptradingscam.com\/wp-content\/uploads\/2024\/04\/blue-guardian-2048x1045.png 2048w\" sizes=\"(max-width: 300px) 100vw, 300px\" \/>Blue Guardian es <strong>una conocida empresa de prop trading de los Emiratos \u00c1rabes Unidos<\/strong>.<\/p>\n<p><u>\u00bfPero es Blue Guardian una estafa?<\/u><\/p>\n<p><strong>No, \u00a1no lo es!<\/strong><\/p>\n<p>Nuestras opiniones y experiencia demuestran que <strong>Blue Guardian es una empresa segura de trading por cuenta propia<\/strong>.<\/p>\n<p style=\"text-align: center;\"><a class=\"button\" href=\"\/es\/to\/blue-guardian\" target=\"_blank\" rel=\"noopener sponsored\">\u00a1Reg\u00edstrate en Blue Guardian ahora!<\/a><\/p>\n<p>Puedes compartir tus experiencias con Blue Guardian <a href=\"#comments\">en nuestra secci\u00f3n de comentarios<\/a>.<\/p>\n<h2>Acerca de Blue Guardian<\/h2>\n<p>En la siguiente tabla encontrar\u00e1 <strong>la informaci\u00f3n m\u00e1s esencial sobre Blue Guardian<\/strong>:<\/p>\n<table>\n<caption><u>Descripci\u00f3n de Blue Guardian<\/u><\/caption>\n<tbody>\n<tr>\n<th>Nombre<\/th>\n<td>Blue Guardian<\/td>\n<\/tr>\n<tr>\n<th>P\u00e1gina web<\/th>\n<td><a href=\"\/es\/to\/blue-guardian\" target=\"_blank\" rel=\"noopener sponsored\">www.blueguardian.com<\/a><\/td>\n<\/tr>\n<tr>\n<th>Empresa<\/th>\n<td>Iconic Exchange FZCO<\/td>\n<\/tr>\n<tr>\n<th>Direcci\u00f3n<\/th>\n<td>Dubai Silicon Oasis, DDP, Building A2, Dubai, Emiratos \u00c1rabes Unidos<\/td>\n<\/tr>\n<tr>\n<th>CEO<\/th>\n<td>Sean Bainton<\/td>\n<\/tr>\n<tr>\n<th>Fundador<\/th>\n<td>Sean Bainton<\/td>\n<\/tr>\n<tr>\n<th>Fundada<\/th>\n<td>2019<\/td>\n<\/tr>\n<tr>\n<th>Contacto<\/th>\n<td>Chat en vivo, Mail, Formulario de contacto<\/td>\n<\/tr>\n<tr>\n<th>E-Mail<\/th>\n<td>support@blueguardian.com<\/td>\n<\/tr>\n<tr>\n<th>N\u00famero de tel\u00e9fono<\/th>\n<td>no disponible<\/td>\n<\/tr>\n<tr>\n<th>Capital inicial<\/th>\n<td>$10.000 a $200.000<\/td>\n<\/tr>\n<tr>\n<th>Participaci\u00f3n en beneficios<\/th>\n<td>85%<\/td>\n<\/tr>\n<tr>\n<th>Evaluaci\u00f3n<\/th>\n<td>0 d\u00edas<\/td>\n<\/tr>\n<tr>\n<th>Tarifa<\/th>\n<td>$87 a $997 (reembolsable)<\/td>\n<\/tr>\n<tr>\n<th>M\u00e9todos de pago<\/th>\n<td>Tarjeta de cr\u00e9dito, Crypto (a trav\u00e9s de Coinbase)<\/td>\n<\/tr>\n<tr>\n<th>Instrumentos<\/th>\n<td>Forex, CFDs<\/td>\n<\/tr>\n<tr>\n<th>Plataforma<\/th>\n<td>Match-Trader, TradeLocker, Platform 5<\/td>\n<\/tr>\n<tr>\n<th>Retiros<\/th>\n<td>dos veces al mes<\/td>\n<\/tr>\n<tr>\n<th>Idiomas<\/th>\n<td>Ingl\u00e9s<\/td>\n<\/tr>\n<\/tbody>\n<\/table>\n","protected":false},"excerpt":{"rendered":"<p>Blue Guardian es una conocida empresa de prop trading de los Emiratos \u00c1rabes Unidos. \u00bfPero es Blue Guardian una estafa? No, \u00a1no lo es! Nuestras opiniones y experiencia demuestran que Blue Guardian es una empresa segura de trading por cuenta propia. \u00a1Reg\u00edstrate en Blue Guardian ahora! Puedes compartir tus experiencias con Blue Guardian en nuestra &#8230; <a title=\"Blue Guardian Opiniones\" class=\"read-more\" href=\"https:\/\/www.proptradingscam.com\/es\/blue-guardian\/\" aria-label=\"Leer m\u00e1s sobre Blue Guardian Opiniones\">Leer m\u00e1s<\/a><\/p>\n","protected":false},"author":4,"featured_media":0,"parent":0,"menu_order":0,"comment_status":"open","ping_status":"closed","template":"","meta":{"footnotes":""},"class_list":["post-3342","page","type-page","status-publish"],"_links":{"self":[{"href":"https:\/\/www.proptradingscam.com\/es\/wp-json\/wp\/v2\/pages\/3342","targetHints":{"allow":["GET"]}}],"collection":[{"href":"https:\/\/www.proptradingscam.com\/es\/wp-json\/wp\/v2\/pages"}],"about":[{"href":"https:\/\/www.proptradingscam.com\/es\/wp-json\/wp\/v2\/types\/page"}],"author":[{"embeddable":true,"href":"https:\/\/www.proptradingscam.com\/es\/wp-json\/wp\/v2\/users\/4"}],"replies":[{"embeddable":true,"href":"https:\/\/www.proptradingscam.com\/es\/wp-json\/wp\/v2\/comments?post=3342"}],"version-history":[{"count":0,"href":"https:\/\/www.proptradingscam.com\/es\/wp-json\/wp\/v2\/pages\/3342\/revisions"}],"wp:attachment":[{"href":"https:\/\/www.proptradingscam.com\/es\/wp-json\/wp\/v2\/media?parent=3342"}],"curies":[{"name":"wp","href":"https:\/\/api.w.org\/{rel}","templated":true}]}}