{"id":3341,"date":"2024-04-29T08:40:53","date_gmt":"2024-04-29T08:40:53","guid":{"rendered":"https:\/\/www.proptradingscam.com\/?page_id=3341"},"modified":"2024-08-04T17:09:33","modified_gmt":"2024-08-04T17:09:33","slug":"audacity-capital","status":"publish","type":"page","link":"https:\/\/www.proptradingscam.com\/es\/audacity-capital\/","title":{"rendered":"Audacity Capital Opiniones"},"content":{"rendered":"<p><img decoding=\"async\" src=\"https:\/\/www.proptradingscam.com\/wp-content\/uploads\/2024\/04\/audacity-capital-es-300x153.png\" alt=\"Audacity Capital\" width=\"300\" height=\"153\" class=\"alignright size-medium wp-image-3376\" srcset=\"https:\/\/www.proptradingscam.com\/wp-content\/uploads\/2024\/04\/audacity-capital-es-300x153.png 300w, https:\/\/www.proptradingscam.com\/wp-content\/uploads\/2024\/04\/audacity-capital-es-1024x523.png 1024w, https:\/\/www.proptradingscam.com\/wp-content\/uploads\/2024\/04\/audacity-capital-es-768x392.png 768w, https:\/\/www.proptradingscam.com\/wp-content\/uploads\/2024\/04\/audacity-capital-es-1536x784.png 1536w, https:\/\/www.proptradingscam.com\/wp-content\/uploads\/2024\/04\/audacity-capital-es-2048x1045.png 2048w\" sizes=\"(max-width: 300px) 100vw, 300px\" \/>Audacity Capital es <strong>una conocida empresa de prop trading del Reino Unido<\/strong>.<\/p>\n<p><u>\u00bfPero es Audacity Capital una estafa?<\/u><\/p>\n<p><strong>No, \u00a1no lo es!<\/strong><\/p>\n<p>Nuestras opiniones y experiencia demuestran que <strong>Audacity Capital es una empresa segura de trading por cuenta propia<\/strong>.<\/p>\n<p style=\"text-align: center;\"><a class=\"button\" href=\"\/es\/to\/audacity-capital\" target=\"_blank\" rel=\"noopener sponsored\">\u00a1Reg\u00edstrate en Audacity Capital ahora!<\/a><\/p>\n<p>Puedes compartir tus experiencias con Audacity Capital <a href=\"#comments\">en nuestra secci\u00f3n de comentarios<\/a>.<\/p>\n<h2>Acerca de Audacity Capital<\/h2>\n<p>En la siguiente tabla encontrar\u00e1 <strong>la informaci\u00f3n m\u00e1s esencial sobre Audacity Capital<\/strong>:<\/p>\n<table>\n<caption><u>Descripci\u00f3n de Audacity Capital<\/u><\/caption>\n<tbody>\n<tr>\n<th>Nombre<\/th>\n<td>Audacity Capital<\/td>\n<\/tr>\n<tr>\n<th>P\u00e1gina web<\/th>\n<td><a href=\"\/es\/to\/audacity-capital\" target=\"_blank\" rel=\"noopener sponsored\">www.audacitycapital.co.uk<\/a><\/td>\n<\/tr>\n<tr>\n<th>Empresa<\/th>\n<td>AudaCity global Ltd.<\/td>\n<\/tr>\n<tr>\n<th>Direcci\u00f3n<\/th>\n<td>One Canada Square, Level 8 \u2013 Office 8.05, London E14 5AA, Reino Unido<\/td>\n<\/tr>\n<tr>\n<th>CEO<\/th>\n<td>Abdelkrim Yousfi<\/td>\n<\/tr>\n<tr>\n<th>Fundador<\/th>\n<td>Abdelkrim Yousfi<\/td>\n<\/tr>\n<tr>\n<th>Fundada<\/th>\n<td>2012<\/td>\n<\/tr>\n<tr>\n<th>Contacto<\/th>\n<td>Tel\u00e9fono, Mail<\/td>\n<\/tr>\n<tr>\n<th>E-Mail<\/th>\n<td>support@audacitycapital.co.uk<\/td>\n<\/tr>\n<tr>\n<th>N\u00famero de tel\u00e9fono<\/th>\n<td>+44 (0)20 80501985<\/td>\n<\/tr>\n<tr>\n<th>Capital inicial<\/th>\n<td>$7.500 a $240.000<\/td>\n<\/tr>\n<tr>\n<th>Participaci\u00f3n en beneficios<\/th>\n<td>75% a 85%<\/td>\n<\/tr>\n<tr>\n<th>Evaluaci\u00f3n<\/th>\n<td>4 d\u00edas<\/td>\n<\/tr>\n<tr>\n<th>Tarifa<\/th>\n<td>$129 a $2.399<\/td>\n<\/tr>\n<tr>\n<th>M\u00e9todos de pago<\/th>\n<td>Tarjeta de cr\u00e9dito, Crypto (a trav\u00e9s de Coinbase), Transferencia bancaria, PayPal<\/td>\n<\/tr>\n<tr>\n<th>Instrumentos<\/th>\n<td>Forex, CFDs<\/td>\n<\/tr>\n<tr>\n<th>Plataforma<\/th>\n<td>MetaTrader 4, MetaTrader 5<\/td>\n<\/tr>\n<tr>\n<th>Retiros<\/th>\n<td>una vez al mes<\/td>\n<\/tr>\n<tr>\n<th>Idiomas<\/th>\n<td>Espa\u00f1ol, Ingl\u00e9s, Italiano, Malayo, Indonesio, Franc\u00e9s, Alem\u00e1n, \u00c1rabe<\/td>\n<\/tr>\n<\/tbody>\n<\/table>\n","protected":false},"excerpt":{"rendered":"<p>Audacity Capital es una conocida empresa de prop trading del Reino Unido. \u00bfPero es Audacity Capital una estafa? No, \u00a1no lo es! Nuestras opiniones y experiencia demuestran que Audacity Capital es una empresa segura de trading por cuenta propia. \u00a1Reg\u00edstrate en Audacity Capital ahora! Puedes compartir tus experiencias con Audacity Capital en nuestra secci\u00f3n de &#8230; <a title=\"Audacity Capital Opiniones\" class=\"read-more\" href=\"https:\/\/www.proptradingscam.com\/es\/audacity-capital\/\" aria-label=\"Leer m\u00e1s sobre Audacity Capital Opiniones\">Leer m\u00e1s<\/a><\/p>\n","protected":false},"author":4,"featured_media":0,"parent":0,"menu_order":0,"comment_status":"open","ping_status":"closed","template":"","meta":{"footnotes":""},"class_list":["post-3341","page","type-page","status-publish"],"_links":{"self":[{"href":"https:\/\/www.proptradingscam.com\/es\/wp-json\/wp\/v2\/pages\/3341","targetHints":{"allow":["GET"]}}],"collection":[{"href":"https:\/\/www.proptradingscam.com\/es\/wp-json\/wp\/v2\/pages"}],"about":[{"href":"https:\/\/www.proptradingscam.com\/es\/wp-json\/wp\/v2\/types\/page"}],"author":[{"embeddable":true,"href":"https:\/\/www.proptradingscam.com\/es\/wp-json\/wp\/v2\/users\/4"}],"replies":[{"embeddable":true,"href":"https:\/\/www.proptradingscam.com\/es\/wp-json\/wp\/v2\/comments?post=3341"}],"version-history":[{"count":0,"href":"https:\/\/www.proptradingscam.com\/es\/wp-json\/wp\/v2\/pages\/3341\/revisions"}],"wp:attachment":[{"href":"https:\/\/www.proptradingscam.com\/es\/wp-json\/wp\/v2\/media?parent=3341"}],"curies":[{"name":"wp","href":"https:\/\/api.w.org\/{rel}","templated":true}]}}