{"id":1927,"date":"2024-02-19T18:42:29","date_gmt":"2024-02-19T18:42:29","guid":{"rendered":"https:\/\/www.proptradingscam.com\/?page_id=1927"},"modified":"2024-08-04T17:05:57","modified_gmt":"2024-08-04T17:05:57","slug":"the5ers","status":"publish","type":"page","link":"https:\/\/www.proptradingscam.com\/es\/the5ers\/","title":{"rendered":"The5ers Opiniones"},"content":{"rendered":"<p><img decoding=\"async\" src=\"https:\/\/www.proptradingscam.com\/wp-content\/uploads\/2024\/02\/the5ers-es-300x153.png\" alt=\"The5ers\" width=\"300\" height=\"153\" class=\"alignright size-medium wp-image-1964\" srcset=\"https:\/\/www.proptradingscam.com\/wp-content\/uploads\/2024\/02\/the5ers-es-300x153.png 300w, https:\/\/www.proptradingscam.com\/wp-content\/uploads\/2024\/02\/the5ers-es-1024x523.png 1024w, https:\/\/www.proptradingscam.com\/wp-content\/uploads\/2024\/02\/the5ers-es-768x392.png 768w, https:\/\/www.proptradingscam.com\/wp-content\/uploads\/2024\/02\/the5ers-es-1536x784.png 1536w, https:\/\/www.proptradingscam.com\/wp-content\/uploads\/2024\/02\/the5ers-es-2048x1045.png 2048w\" sizes=\"(max-width: 300px) 100vw, 300px\" \/>The5ers es <strong>una conocida empresa de prop trading de Israel<\/strong>.<\/p>\n<p><u>\u00bfPero es The5ers una estafa?<\/u><\/p>\n<p><strong>No, \u00a1no lo es!<\/strong><\/p>\n<p>Nuestras opiniones y experiencia demuestran que <strong>The5ers es una empresa segura de trading por cuenta propia<\/strong>.<\/p>\n<p style=\"text-align: center;\"><a class=\"button\" href=\"\/es\/to\/the5ers\" target=\"_blank\" rel=\"noopener sponsored\">\u00a1Reg\u00edstrate en The5ers ahora!<\/a><\/p>\n<p>Puedes compartir tus experiencias con The5ers <a href=\"#comments\">en nuestra secci\u00f3n de comentarios<\/a>.<\/p>\n<h2>Acerca de The5ers<\/h2>\n<p>En la siguiente tabla encontrar\u00e1 <strong>la informaci\u00f3n m\u00e1s esencial sobre The5ers<\/strong>:<\/p>\n<table>\n<caption><u>Descripci\u00f3n de The5ers<\/u><\/caption>\n<tbody>\n<tr>\n<th>Nombre<\/th>\n<td>The5ers<\/td>\n<\/tr>\n<tr>\n<th>P\u00e1gina web<\/th>\n<td><a href=\"\/es\/to\/the5ers\" target=\"_blank\" rel=\"noopener sponsored\">the5ers.com<\/a><\/td>\n<\/tr>\n<tr>\n<th>Empresa<\/th>\n<td>FIVE PERCENT ONLINE LTD.<\/td>\n<\/tr>\n<tr>\n<th>Direcci\u00f3n<\/th>\n<td>HaHaroshet St 14, Ra&#8217;anana, Israel<\/td>\n<\/tr>\n<tr>\n<th>CEO<\/th>\n<td>Saul Lokier<\/td>\n<\/tr>\n<tr>\n<th>Fundador<\/th>\n<td>Gil Ben Hur<\/td>\n<\/tr>\n<tr>\n<th>Fundada<\/th>\n<td>2016<\/td>\n<\/tr>\n<tr>\n<th>Contacto<\/th>\n<td>Chat en vivo, Mail<\/td>\n<\/tr>\n<tr>\n<th>E-Mail<\/th>\n<td>help@the5ers.com<\/td>\n<\/tr>\n<tr>\n<th>N\u00famero de tel\u00e9fono<\/th>\n<td>no disponible<\/td>\n<\/tr>\n<tr>\n<th>Capital inicial<\/th>\n<td>$5.000 a $250.000<\/td>\n<\/tr>\n<tr>\n<th>Participaci\u00f3n en beneficios<\/th>\n<td>50% a 100%<\/td>\n<\/tr>\n<tr>\n<th>Evaluaci\u00f3n<\/th>\n<td>0 d\u00edas<\/td>\n<\/tr>\n<tr>\n<th>Tarifa<\/th>\n<td>$39 a $850<\/td>\n<\/tr>\n<tr>\n<th>M\u00e9todos de pago<\/th>\n<td>Tarjeta de cr\u00e9dito, Crypto, Transferencia bancaria<\/td>\n<\/tr>\n<tr>\n<th>Instrumentos<\/th>\n<td>CFDs<\/td>\n<\/tr>\n<tr>\n<th>Plataforma<\/th>\n<td>MetaTrader 5<\/td>\n<\/tr>\n<tr>\n<th>Retiros<\/th>\n<td>dos veces al mes<\/td>\n<\/tr>\n<tr>\n<th>Idiomas<\/th>\n<td>Espa\u00f1ol, ingl\u00e9s, \u00c1rabe<\/td>\n<\/tr>\n<\/tbody>\n<\/table>\n","protected":false},"excerpt":{"rendered":"<p>The5ers es una conocida empresa de prop trading de Israel. \u00bfPero es The5ers una estafa? No, \u00a1no lo es! Nuestras opiniones y experiencia demuestran que The5ers es una empresa segura de trading por cuenta propia. \u00a1Reg\u00edstrate en The5ers ahora! Puedes compartir tus experiencias con The5ers en nuestra secci\u00f3n de comentarios. Acerca de The5ers En la &#8230; <a title=\"The5ers Opiniones\" class=\"read-more\" href=\"https:\/\/www.proptradingscam.com\/es\/the5ers\/\" aria-label=\"Leer m\u00e1s sobre The5ers Opiniones\">Leer m\u00e1s<\/a><\/p>\n","protected":false},"author":4,"featured_media":0,"parent":0,"menu_order":0,"comment_status":"open","ping_status":"closed","template":"","meta":{"footnotes":""},"class_list":["post-1927","page","type-page","status-publish"],"_links":{"self":[{"href":"https:\/\/www.proptradingscam.com\/es\/wp-json\/wp\/v2\/pages\/1927","targetHints":{"allow":["GET"]}}],"collection":[{"href":"https:\/\/www.proptradingscam.com\/es\/wp-json\/wp\/v2\/pages"}],"about":[{"href":"https:\/\/www.proptradingscam.com\/es\/wp-json\/wp\/v2\/types\/page"}],"author":[{"embeddable":true,"href":"https:\/\/www.proptradingscam.com\/es\/wp-json\/wp\/v2\/users\/4"}],"replies":[{"embeddable":true,"href":"https:\/\/www.proptradingscam.com\/es\/wp-json\/wp\/v2\/comments?post=1927"}],"version-history":[{"count":0,"href":"https:\/\/www.proptradingscam.com\/es\/wp-json\/wp\/v2\/pages\/1927\/revisions"}],"wp:attachment":[{"href":"https:\/\/www.proptradingscam.com\/es\/wp-json\/wp\/v2\/media?parent=1927"}],"curies":[{"name":"wp","href":"https:\/\/api.w.org\/{rel}","templated":true}]}}