{"id":1926,"date":"2024-02-19T18:38:07","date_gmt":"2024-02-19T18:38:07","guid":{"rendered":"https:\/\/www.proptradingscam.com\/?page_id=1926"},"modified":"2024-08-04T17:04:59","modified_gmt":"2024-08-04T17:04:59","slug":"surgetrader","status":"publish","type":"page","link":"https:\/\/www.proptradingscam.com\/es\/surgetrader\/","title":{"rendered":"SurgeTrader Opiniones"},"content":{"rendered":"<p><img decoding=\"async\" src=\"https:\/\/www.proptradingscam.com\/wp-content\/uploads\/2024\/02\/surgetrader-es-300x153.png\" alt=\"SurgeTrader\" width=\"300\" height=\"153\" class=\"alignright size-medium wp-image-1955\" srcset=\"https:\/\/www.proptradingscam.com\/wp-content\/uploads\/2024\/02\/surgetrader-es-300x153.png 300w, https:\/\/www.proptradingscam.com\/wp-content\/uploads\/2024\/02\/surgetrader-es-1024x523.png 1024w, https:\/\/www.proptradingscam.com\/wp-content\/uploads\/2024\/02\/surgetrader-es-768x392.png 768w, https:\/\/www.proptradingscam.com\/wp-content\/uploads\/2024\/02\/surgetrader-es-1536x784.png 1536w, https:\/\/www.proptradingscam.com\/wp-content\/uploads\/2024\/02\/surgetrader-es-2048x1045.png 2048w\" sizes=\"(max-width: 300px) 100vw, 300px\" \/>SurgeTrader es <strong>una conocida empresa de prop trading de Estados Unidos<\/strong>.<\/p>\n<p><u>\u00bfPero es SurgeTrader una estafa?<\/u><\/p>\n<p>No, \u00a1no lo es!<\/p>\n<p><strong><u>Actualizaci\u00f3n:<\/u><\/strong><\/p>\n<p>SurgeTrader <u>ha cesado todas las operaciones<\/u> el 24.05.2024 (tras la terminaci\u00f3n de la plataforma de trading).<\/p>\n<p><img decoding=\"async\" class=\"alignnone size-large wp-image-3539\" src=\"https:\/\/www.proptradingscam.com\/wp-content\/uploads\/2024\/05\/surgetrader-operation-1024x523.png\" alt=\"SurgeTrader Operation\" width=\"1024\" height=\"523\" srcset=\"https:\/\/www.proptradingscam.com\/wp-content\/uploads\/2024\/05\/surgetrader-operation-1024x523.png 1024w, https:\/\/www.proptradingscam.com\/wp-content\/uploads\/2024\/05\/surgetrader-operation-300x153.png 300w, https:\/\/www.proptradingscam.com\/wp-content\/uploads\/2024\/05\/surgetrader-operation-768x392.png 768w, https:\/\/www.proptradingscam.com\/wp-content\/uploads\/2024\/05\/surgetrader-operation-1536x784.png 1536w, https:\/\/www.proptradingscam.com\/wp-content\/uploads\/2024\/05\/surgetrader-operation-2048x1045.png 2048w\" sizes=\"(max-width: 1024px) 100vw, 1024px\" \/><\/p>\n<p>Nuestras opiniones y experiencia demuestran que <strong>SurgeTrader es una empresa segura de trading por cuenta propia<\/strong>.<\/p>\n<p>Puedes compartir tus experiencias con SurgeTrader <a href=\"#comments\">en nuestra secci\u00f3n de comentarios<\/a>.<\/p>\n<h2>Acerca de SurgeTrader<\/h2>\n<p>En la siguiente tabla encontrar\u00e1 <strong>la informaci\u00f3n m\u00e1s esencial sobre SurgeTrader<\/strong>:<\/p>\n<table>\n<caption><u>Descripci\u00f3n de SurgeTrader<\/u><\/caption>\n<tbody>\n<tr>\n<th>Nombre<\/th>\n<td>SurgeTrader<\/td>\n<\/tr>\n<tr>\n<th>P\u00e1gina web<\/th>\n<td>surgetrader.com<\/td>\n<\/tr>\n<tr>\n<th>Empresa<\/th>\n<td>SurgeTrader, LLC<\/td>\n<\/tr>\n<tr>\n<th>Direcci\u00f3n<\/th>\n<td>4851 Tamiami Trail N Ste 200A, Naples, FL 34103, Estados Unidos<\/td>\n<\/tr>\n<tr>\n<th>CEO<\/th>\n<td>Jana Seaman<\/td>\n<\/tr>\n<tr>\n<th>Fundador<\/th>\n<td>Jana Seaman<\/td>\n<\/tr>\n<tr>\n<th>Fundada<\/th>\n<td>2021<\/td>\n<\/tr>\n<tr>\n<th>Contacto<\/th>\n<td>Chat en vivo, Mail, Tel\u00e9fono<\/td>\n<\/tr>\n<tr>\n<th>E-Mail<\/th>\n<td>info@surgetrader.com<\/td>\n<\/tr>\n<tr>\n<th>N\u00famero de tel\u00e9fono<\/th>\n<td>+1 (0)866 9987652<\/td>\n<\/tr>\n<tr>\n<th>Capital inicial<\/th>\n<td>$25.000 a $1.000.000<\/td>\n<\/tr>\n<tr>\n<th>Participaci\u00f3n en beneficios<\/th>\n<td>75% a 90%<\/td>\n<\/tr>\n<tr>\n<th>Evaluaci\u00f3n<\/th>\n<td>0 d\u00edas<\/td>\n<\/tr>\n<tr>\n<th>Tarifa<\/th>\n<td>$50 a $6.500<\/td>\n<\/tr>\n<tr>\n<th>M\u00e9todos de pago<\/th>\n<td>Tarjeta de cr\u00e9dito, Transferencia bancaria<\/td>\n<\/tr>\n<tr>\n<th>Instrumentos<\/th>\n<td>CFDs<\/td>\n<\/tr>\n<tr>\n<th>Plataforma<\/th>\n<td>SurgeTrader<\/td>\n<\/tr>\n<tr>\n<th>Retiros<\/th>\n<td>en 1-2 d\u00edas laborables (bajo pedido)<\/td>\n<\/tr>\n<tr>\n<th>Idiomas<\/th>\n<td>Espa\u00f1ol, Ingl\u00e9s<\/td>\n<\/tr>\n<\/tbody>\n<\/table>\n","protected":false},"excerpt":{"rendered":"<p>SurgeTrader es una conocida empresa de prop trading de Estados Unidos. \u00bfPero es SurgeTrader una estafa? No, \u00a1no lo es! Actualizaci\u00f3n: SurgeTrader ha cesado todas las operaciones el 24.05.2024 (tras la terminaci\u00f3n de la plataforma de trading). Nuestras opiniones y experiencia demuestran que SurgeTrader es una empresa segura de trading por cuenta propia. Puedes compartir &#8230; <a title=\"SurgeTrader Opiniones\" class=\"read-more\" href=\"https:\/\/www.proptradingscam.com\/es\/surgetrader\/\" aria-label=\"Leer m\u00e1s sobre SurgeTrader Opiniones\">Leer m\u00e1s<\/a><\/p>\n","protected":false},"author":4,"featured_media":0,"parent":0,"menu_order":0,"comment_status":"open","ping_status":"closed","template":"","meta":{"footnotes":""},"class_list":["post-1926","page","type-page","status-publish"],"_links":{"self":[{"href":"https:\/\/www.proptradingscam.com\/es\/wp-json\/wp\/v2\/pages\/1926","targetHints":{"allow":["GET"]}}],"collection":[{"href":"https:\/\/www.proptradingscam.com\/es\/wp-json\/wp\/v2\/pages"}],"about":[{"href":"https:\/\/www.proptradingscam.com\/es\/wp-json\/wp\/v2\/types\/page"}],"author":[{"embeddable":true,"href":"https:\/\/www.proptradingscam.com\/es\/wp-json\/wp\/v2\/users\/4"}],"replies":[{"embeddable":true,"href":"https:\/\/www.proptradingscam.com\/es\/wp-json\/wp\/v2\/comments?post=1926"}],"version-history":[{"count":0,"href":"https:\/\/www.proptradingscam.com\/es\/wp-json\/wp\/v2\/pages\/1926\/revisions"}],"wp:attachment":[{"href":"https:\/\/www.proptradingscam.com\/es\/wp-json\/wp\/v2\/media?parent=1926"}],"curies":[{"name":"wp","href":"https:\/\/api.w.org\/{rel}","templated":true}]}}