{"id":1925,"date":"2024-02-19T18:32:10","date_gmt":"2024-02-19T18:32:10","guid":{"rendered":"https:\/\/www.proptradingscam.com\/?page_id=1925"},"modified":"2024-08-04T17:06:33","modified_gmt":"2024-08-04T17:06:33","slug":"lux-trading-firm","status":"publish","type":"page","link":"https:\/\/www.proptradingscam.com\/es\/lux-trading-firm\/","title":{"rendered":"Lux Trading Firm Opiniones"},"content":{"rendered":"<p><img decoding=\"async\" src=\"https:\/\/www.proptradingscam.com\/wp-content\/uploads\/2024\/02\/lux-trading-firm-300x153.png\" alt=\"Lux Trading Firm\" width=\"300\" height=\"153\" class=\"alignright size-medium wp-image-1794\" srcset=\"https:\/\/www.proptradingscam.com\/wp-content\/uploads\/2024\/02\/lux-trading-firm-300x153.png 300w, https:\/\/www.proptradingscam.com\/wp-content\/uploads\/2024\/02\/lux-trading-firm-1024x523.png 1024w, https:\/\/www.proptradingscam.com\/wp-content\/uploads\/2024\/02\/lux-trading-firm-768x392.png 768w, https:\/\/www.proptradingscam.com\/wp-content\/uploads\/2024\/02\/lux-trading-firm-1536x784.png 1536w, https:\/\/www.proptradingscam.com\/wp-content\/uploads\/2024\/02\/lux-trading-firm-2048x1045.png 2048w\" sizes=\"(max-width: 300px) 100vw, 300px\" \/>Lux Trading Firm es <strong>una conocida empresa de prop trading del Reino Unido<\/strong>.<\/p>\n<p><u>\u00bfPero es Lux Trading Firm una estafa?<\/u><\/p>\n<p><strong>No, \u00a1no lo es!<\/strong><\/p>\n<p>Nuestras opiniones y experiencia demuestran que <strong>Lux Trading Firm es una empresa segura de trading por cuenta propia<\/strong>.<\/p>\n<p style=\"text-align: center;\"><a class=\"button\" href=\"\/es\/to\/lux-trading-firm\" target=\"_blank\" rel=\"noopener sponsored\">\u00a1Reg\u00edstrate en Lux Trading Firm ahora!<\/a><\/p>\n<p>Puedes compartir tus experiencias con Lux Trading Firm <a href=\"#comments\">en nuestra secci\u00f3n de comentarios<\/a>.<\/p>\n<h2>Acerca de Lux Trading Firm<\/h2>\n<p>En la siguiente tabla encontrar\u00e1 <strong>la informaci\u00f3n m\u00e1s esencial sobre Lux Trading Firm<\/strong>:<\/p>\n<table>\n<caption><u>Descripci\u00f3n de Lux Trading Firm<\/u><\/caption>\n<tbody>\n<tr>\n<th>Nombre<\/th>\n<td>Lux Trading Firm<\/td>\n<\/tr>\n<tr>\n<th>P\u00e1gina web<\/th>\n<td><a href=\"\/es\/to\/lux-trading-firm\" target=\"_blank\" rel=\"noopener sponsored\">luxtradingfirm.com<\/a><\/td>\n<\/tr>\n<tr>\n<th>Empresa<\/th>\n<td>Lux Trading Firm Ltd.<\/td>\n<\/tr>\n<tr>\n<th>Direcci\u00f3n<\/th>\n<td>128 City Road, London EC1V 2NX, Reino Unido<\/td>\n<\/tr>\n<tr>\n<th>CEO<\/th>\n<td>Petra Pirova<\/td>\n<\/tr>\n<tr>\n<th>Fundador<\/th>\n<td>Petra Pirova<\/td>\n<\/tr>\n<tr>\n<th>Fundada<\/th>\n<td>2021<\/td>\n<\/tr>\n<tr>\n<th>Contacto<\/th>\n<td>Chat en vivo, Mail, Tel\u00e9fono<\/td>\n<\/tr>\n<tr>\n<th>E-Mail<\/th>\n<td>sales@luxtradingfirm.com<\/td>\n<\/tr>\n<tr>\n<th>N\u00famero de tel\u00e9fono<\/th>\n<td>+44 (0)20 71678107<\/td>\n<\/tr>\n<tr>\n<th>Capital inicial<\/th>\n<td>$50.000 a $1.000.000<\/td>\n<\/tr>\n<tr>\n<th>Participaci\u00f3n en beneficios<\/th>\n<td>75%<\/td>\n<\/tr>\n<tr>\n<th>Evaluaci\u00f3n<\/th>\n<td>al menos 29 d\u00edas<\/td>\n<\/tr>\n<tr>\n<th>Tarifa<\/th>\n<td>\u00a3299 a \u00a33.699<\/td>\n<\/tr>\n<tr>\n<th>M\u00e9todos de pago<\/th>\n<td>Tarjeta de cr\u00e9dito<\/td>\n<\/tr>\n<tr>\n<th>Instrumentos<\/th>\n<td>CFDs, Acciones, Crypto<\/td>\n<\/tr>\n<tr>\n<th>Plataforma<\/th>\n<td>The Lux Trader, MetaTrader 5<\/td>\n<\/tr>\n<tr>\n<th>Retiros<\/th>\n<td>una vez al mes<\/td>\n<\/tr>\n<tr>\n<th>Idiomas<\/th>\n<td>Ingl\u00e9s<\/td>\n<\/tr>\n<\/tbody>\n<\/table>\n","protected":false},"excerpt":{"rendered":"<p>Lux Trading Firm es una conocida empresa de prop trading del Reino Unido. \u00bfPero es Lux Trading Firm una estafa? No, \u00a1no lo es! Nuestras opiniones y experiencia demuestran que Lux Trading Firm es una empresa segura de trading por cuenta propia. \u00a1Reg\u00edstrate en Lux Trading Firm ahora! Puedes compartir tus experiencias con Lux Trading &#8230; <a title=\"Lux Trading Firm Opiniones\" class=\"read-more\" href=\"https:\/\/www.proptradingscam.com\/es\/lux-trading-firm\/\" aria-label=\"Leer m\u00e1s sobre Lux Trading Firm Opiniones\">Leer m\u00e1s<\/a><\/p>\n","protected":false},"author":4,"featured_media":0,"parent":0,"menu_order":0,"comment_status":"open","ping_status":"closed","template":"","meta":{"footnotes":""},"class_list":["post-1925","page","type-page","status-publish"],"_links":{"self":[{"href":"https:\/\/www.proptradingscam.com\/es\/wp-json\/wp\/v2\/pages\/1925","targetHints":{"allow":["GET"]}}],"collection":[{"href":"https:\/\/www.proptradingscam.com\/es\/wp-json\/wp\/v2\/pages"}],"about":[{"href":"https:\/\/www.proptradingscam.com\/es\/wp-json\/wp\/v2\/types\/page"}],"author":[{"embeddable":true,"href":"https:\/\/www.proptradingscam.com\/es\/wp-json\/wp\/v2\/users\/4"}],"replies":[{"embeddable":true,"href":"https:\/\/www.proptradingscam.com\/es\/wp-json\/wp\/v2\/comments?post=1925"}],"version-history":[{"count":0,"href":"https:\/\/www.proptradingscam.com\/es\/wp-json\/wp\/v2\/pages\/1925\/revisions"}],"wp:attachment":[{"href":"https:\/\/www.proptradingscam.com\/es\/wp-json\/wp\/v2\/media?parent=1925"}],"curies":[{"name":"wp","href":"https:\/\/api.w.org\/{rel}","templated":true}]}}