{"id":1924,"date":"2024-02-19T18:27:14","date_gmt":"2024-02-19T18:27:14","guid":{"rendered":"https:\/\/www.proptradingscam.com\/?page_id=1924"},"modified":"2024-08-04T17:09:04","modified_gmt":"2024-08-04T17:09:04","slug":"ftuk","status":"publish","type":"page","link":"https:\/\/www.proptradingscam.com\/es\/ftuk\/","title":{"rendered":"FTUK Opiniones"},"content":{"rendered":"<p><img decoding=\"async\" class=\"alignright size-medium wp-image-1782\" src=\"https:\/\/www.proptradingscam.com\/wp-content\/uploads\/2024\/02\/ftuk-300x153.png\" alt=\"FTUK\" width=\"300\" height=\"153\" srcset=\"https:\/\/www.proptradingscam.com\/wp-content\/uploads\/2024\/02\/ftuk-300x153.png 300w, https:\/\/www.proptradingscam.com\/wp-content\/uploads\/2024\/02\/ftuk-1024x523.png 1024w, https:\/\/www.proptradingscam.com\/wp-content\/uploads\/2024\/02\/ftuk-768x392.png 768w, https:\/\/www.proptradingscam.com\/wp-content\/uploads\/2024\/02\/ftuk-1536x784.png 1536w, https:\/\/www.proptradingscam.com\/wp-content\/uploads\/2024\/02\/ftuk-2048x1045.png 2048w\" sizes=\"(max-width: 300px) 100vw, 300px\" \/>FTUK es <strong>una conocida empresa de prop trading de Estados Unidos<\/strong>.<\/p>\n<p><u>\u00bfPero es FTUK una estafa?<\/u><\/p>\n<p><strong>No, \u00a1no lo es!<\/strong><\/p>\n<p>Nuestras opiniones y experiencia demuestran que <strong>FTUK es una empresa segura de trading por cuenta propia<\/strong>.<\/p>\n<p style=\"text-align: center;\"><a class=\"button\" href=\"\/es\/to\/ftuk\" target=\"_blank\" rel=\"noopener sponsored\">\u00a1Reg\u00edstrate en FTUK ahora!<\/a><\/p>\n<p>Puedes compartir tus experiencias con FTUK <a href=\"#comments\">en nuestra secci\u00f3n de comentarios<\/a>.<\/p>\n<h2>Acerca de FTUK<\/h2>\n<p>En la siguiente tabla encontrar\u00e1 <strong>la informaci\u00f3n m\u00e1s esencial sobre FTUK<\/strong>:<\/p>\n<table>\n<caption><u>Descripci\u00f3n de FTUK<\/u><\/caption>\n<tbody>\n<tr>\n<th>Nombre<\/th>\n<td>FTUK<\/td>\n<\/tr>\n<tr>\n<th>P\u00e1gina web<\/th>\n<td><a href=\"\/es\/to\/ftuk\" target=\"_blank\" rel=\"noopener sponsored\">ftuk.com<\/a><\/td>\n<\/tr>\n<tr>\n<th>Empresa<\/th>\n<td>FTUK Inc.<\/td>\n<\/tr>\n<tr>\n<th>Direcci\u00f3n<\/th>\n<td>3017 Bolling Way NE, Atlanta, GA 30305, Estados Unidos<\/td>\n<\/tr>\n<tr>\n<th>CEO<\/th>\n<td>Haseem Gafer<\/td>\n<\/tr>\n<tr>\n<th>Fundador<\/th>\n<td>Haseem Gafer<\/td>\n<\/tr>\n<tr>\n<th>Fundada<\/th>\n<td>2021<\/td>\n<\/tr>\n<tr>\n<th>Contacto<\/th>\n<td>Chat en vivo, Mail<\/td>\n<\/tr>\n<tr>\n<th>E-Mail<\/th>\n<td>support@ftuk.com<\/td>\n<\/tr>\n<tr>\n<th>N\u00famero de tel\u00e9fono<\/th>\n<td>no disponible<\/td>\n<\/tr>\n<tr>\n<th>Capital inicial<\/th>\n<td>$14.000 a $90.000<\/td>\n<\/tr>\n<tr>\n<th>Participaci\u00f3n en beneficios<\/th>\n<td>80%<\/td>\n<\/tr>\n<tr>\n<th>Evaluaci\u00f3n<\/th>\n<td>0 d\u00edas<\/td>\n<\/tr>\n<tr>\n<th>Tarifa<\/th>\n<td>$149 a $1.200<\/td>\n<\/tr>\n<tr>\n<th>M\u00e9todos de pago<\/th>\n<td>Tarjeta de cr\u00e9dito, Crypto<\/td>\n<\/tr>\n<tr>\n<th>Instrumentos<\/th>\n<td>CFDs<\/td>\n<\/tr>\n<tr>\n<th>Plataforma<\/th>\n<td>cTrader, DXtrade, Match-Trader<\/td>\n<\/tr>\n<tr>\n<th>Retiros<\/th>\n<td>en 2 d\u00edas laborables (a petici\u00f3n)<\/td>\n<\/tr>\n<tr>\n<th>Idiomas<\/th>\n<td>Ingl\u00e9s<\/td>\n<\/tr>\n<\/tbody>\n<\/table>\n","protected":false},"excerpt":{"rendered":"<p>FTUK es una conocida empresa de prop trading de Estados Unidos. \u00bfPero es FTUK una estafa? No, \u00a1no lo es! Nuestras opiniones y experiencia demuestran que FTUK es una empresa segura de trading por cuenta propia. \u00a1Reg\u00edstrate en FTUK ahora! Puedes compartir tus experiencias con FTUK en nuestra secci\u00f3n de comentarios. Acerca de FTUK En &#8230; <a title=\"FTUK Opiniones\" class=\"read-more\" href=\"https:\/\/www.proptradingscam.com\/es\/ftuk\/\" aria-label=\"Leer m\u00e1s sobre FTUK Opiniones\">Leer m\u00e1s<\/a><\/p>\n","protected":false},"author":4,"featured_media":0,"parent":0,"menu_order":0,"comment_status":"open","ping_status":"closed","template":"","meta":{"footnotes":""},"class_list":["post-1924","page","type-page","status-publish"],"_links":{"self":[{"href":"https:\/\/www.proptradingscam.com\/es\/wp-json\/wp\/v2\/pages\/1924","targetHints":{"allow":["GET"]}}],"collection":[{"href":"https:\/\/www.proptradingscam.com\/es\/wp-json\/wp\/v2\/pages"}],"about":[{"href":"https:\/\/www.proptradingscam.com\/es\/wp-json\/wp\/v2\/types\/page"}],"author":[{"embeddable":true,"href":"https:\/\/www.proptradingscam.com\/es\/wp-json\/wp\/v2\/users\/4"}],"replies":[{"embeddable":true,"href":"https:\/\/www.proptradingscam.com\/es\/wp-json\/wp\/v2\/comments?post=1924"}],"version-history":[{"count":0,"href":"https:\/\/www.proptradingscam.com\/es\/wp-json\/wp\/v2\/pages\/1924\/revisions"}],"wp:attachment":[{"href":"https:\/\/www.proptradingscam.com\/es\/wp-json\/wp\/v2\/media?parent=1924"}],"curies":[{"name":"wp","href":"https:\/\/api.w.org\/{rel}","templated":true}]}}