{"id":1923,"date":"2024-02-19T18:20:15","date_gmt":"2024-02-19T18:20:15","guid":{"rendered":"https:\/\/www.proptradingscam.com\/?page_id=1923"},"modified":"2024-08-04T17:05:10","modified_gmt":"2024-08-04T17:05:10","slug":"fidelcrest","status":"publish","type":"page","link":"https:\/\/www.proptradingscam.com\/es\/fidelcrest\/","title":{"rendered":"Fidelcrest Opiniones"},"content":{"rendered":"<p><img decoding=\"async\" src=\"https:\/\/www.proptradingscam.com\/wp-content\/uploads\/2024\/02\/fidelcrest-300x153.png\" alt=\"Fidelcrest\" width=\"300\" height=\"153\" class=\"alignright size-medium wp-image-1773\" srcset=\"https:\/\/www.proptradingscam.com\/wp-content\/uploads\/2024\/02\/fidelcrest-300x153.png 300w, https:\/\/www.proptradingscam.com\/wp-content\/uploads\/2024\/02\/fidelcrest-1024x523.png 1024w, https:\/\/www.proptradingscam.com\/wp-content\/uploads\/2024\/02\/fidelcrest-768x392.png 768w, https:\/\/www.proptradingscam.com\/wp-content\/uploads\/2024\/02\/fidelcrest-1536x784.png 1536w, https:\/\/www.proptradingscam.com\/wp-content\/uploads\/2024\/02\/fidelcrest-2048x1045.png 2048w\" sizes=\"(max-width: 300px) 100vw, 300px\" \/>Fidelcrest es <strong>una conocida empresa de prop trading de Chipre<\/strong>.<\/p>\n<p><u>\u00bfPero es Fidelcrest una estafa?<\/u><\/p>\n<p>No, \u00a1no lo es!<\/p>\n<p>Nuestras opiniones y experiencia demuestran que <strong>Fidelcrest es una empresa segura de trading por cuenta propia<\/strong>.<\/p>\n<p><strong><u>Actualizaci\u00f3n:<\/u><\/strong><\/p>\n<p>El sitio web oficial de Fidelcrest <strong>est\u00e1 actualmente inaccesible y redirige al inicio de sesi\u00f3n<\/strong>. Seg\u00fan la empresa, todas las actividades fueron suspendidas temporalmente el 04.03.2024 debido a la necesidad de buscar un nuevo proveedor tecnol\u00f3gico a ra\u00edz de problemas inesperados. Adem\u00e1s, todas las cuentas de redes sociales han sido desactivadas, y se est\u00e1n publicando <a href=\"https:\/\/www.trustpilot.com\/review\/fidelcrest.com?sort=recency\" target=\"_blank\" rel=\"noopener\">principalmente rese\u00f1as negativas en Trustpilot<\/a>. \u00a1Por favor, tenga cuidado hasta que haya m\u00e1s informaci\u00f3n disponible!<\/p>\n<p>Puedes compartir tus experiencias con Fidelcrest <a href=\"#comments\">en nuestra secci\u00f3n de comentarios<\/a>.<\/p>\n<h2>Acerca de Fidelcrest<\/h2>\n<p>En la siguiente tabla encontrar\u00e1 <strong>la informaci\u00f3n m\u00e1s esencial sobre Fidelcrest<\/strong>:<\/p>\n<table>\n<caption><u>Descripci\u00f3n de Fidelcrest<\/u><\/caption>\n<tbody>\n<tr>\n<th>Nombre<\/th>\n<td>Fidelcrest<\/td>\n<\/tr>\n<tr>\n<th>P\u00e1gina web<\/th>\n<td>fidelcrest.com<\/td>\n<\/tr>\n<tr>\n<th>Empresa<\/th>\n<td>Fidelcrest Ltd.<\/td>\n<\/tr>\n<tr>\n<th>Direcci\u00f3n<\/th>\n<td>Arch. Makariou III &#038; 1-7 Evagorou, MITSI 3, 1st floor, office 102 C, 1065 Nicosia, Chipre<\/td>\n<\/tr>\n<tr>\n<th>CEO<\/th>\n<td>Jussi Hallikas<\/td>\n<\/tr>\n<tr>\n<th>Fundador<\/th>\n<td>Jussi Hallikas<\/td>\n<\/tr>\n<tr>\n<th>Fundada<\/th>\n<td>2018<\/td>\n<\/tr>\n<tr>\n<th>Contacto<\/th>\n<td>Chat en vivo, Mail, Ticket System<\/td>\n<\/tr>\n<tr>\n<th>E-Mail<\/th>\n<td>support@fidelcrest.com<\/td>\n<\/tr>\n<tr>\n<th>N\u00famero de tel\u00e9fono<\/th>\n<td>no disponible<\/td>\n<\/tr>\n<tr>\n<th>Capital inicial<\/th>\n<td>$15.000 a $1.000.000<\/td>\n<\/tr>\n<tr>\n<th>Participaci\u00f3n en beneficios<\/th>\n<td>80% a 90%<\/td>\n<\/tr>\n<tr>\n<th>Evaluaci\u00f3n<\/th>\n<td>0 d\u00edas<\/td>\n<\/tr>\n<tr>\n<th>Tarifa<\/th>\n<td>99\u20ac a 3,499\u20ac (reembolsable)<\/td>\n<\/tr>\n<tr>\n<th>M\u00e9todos de pago<\/th>\n<td>Tarjeta de cr\u00e9dito, Skrill, Neteller, Transferencia bancaria<\/td>\n<\/tr>\n<tr>\n<th>Instrumentos<\/th>\n<td>CFDs<\/td>\n<\/tr>\n<tr>\n<th>Plataforma<\/th>\n<td>Fidelcrest Trader Area<\/td>\n<\/tr>\n<tr>\n<th>Retiros<\/th>\n<td>en 1-3 d\u00edas laborables (bajo pedido)<\/td>\n<\/tr>\n<tr>\n<th>Idiomas<\/th>\n<td>Ingl\u00e9s<\/td>\n<\/tr>\n<\/tbody>\n<\/table>\n","protected":false},"excerpt":{"rendered":"<p>Fidelcrest es una conocida empresa de prop trading de Chipre. \u00bfPero es Fidelcrest una estafa? No, \u00a1no lo es! Nuestras opiniones y experiencia demuestran que Fidelcrest es una empresa segura de trading por cuenta propia. Actualizaci\u00f3n: El sitio web oficial de Fidelcrest est\u00e1 actualmente inaccesible y redirige al inicio de sesi\u00f3n. Seg\u00fan la empresa, todas &#8230; <a title=\"Fidelcrest Opiniones\" class=\"read-more\" href=\"https:\/\/www.proptradingscam.com\/es\/fidelcrest\/\" aria-label=\"Leer m\u00e1s sobre Fidelcrest Opiniones\">Leer m\u00e1s<\/a><\/p>\n","protected":false},"author":4,"featured_media":0,"parent":0,"menu_order":0,"comment_status":"open","ping_status":"closed","template":"","meta":{"footnotes":""},"class_list":["post-1923","page","type-page","status-publish"],"_links":{"self":[{"href":"https:\/\/www.proptradingscam.com\/es\/wp-json\/wp\/v2\/pages\/1923","targetHints":{"allow":["GET"]}}],"collection":[{"href":"https:\/\/www.proptradingscam.com\/es\/wp-json\/wp\/v2\/pages"}],"about":[{"href":"https:\/\/www.proptradingscam.com\/es\/wp-json\/wp\/v2\/types\/page"}],"author":[{"embeddable":true,"href":"https:\/\/www.proptradingscam.com\/es\/wp-json\/wp\/v2\/users\/4"}],"replies":[{"embeddable":true,"href":"https:\/\/www.proptradingscam.com\/es\/wp-json\/wp\/v2\/comments?post=1923"}],"version-history":[{"count":0,"href":"https:\/\/www.proptradingscam.com\/es\/wp-json\/wp\/v2\/pages\/1923\/revisions"}],"wp:attachment":[{"href":"https:\/\/www.proptradingscam.com\/es\/wp-json\/wp\/v2\/media?parent=1923"}],"curies":[{"name":"wp","href":"https:\/\/api.w.org\/{rel}","templated":true}]}}