{"id":1922,"date":"2024-02-19T16:57:54","date_gmt":"2024-02-19T16:57:54","guid":{"rendered":"https:\/\/www.proptradingscam.com\/?page_id=1922"},"modified":"2024-08-04T17:09:23","modified_gmt":"2024-08-04T17:09:23","slug":"city-traders-imperium","status":"publish","type":"page","link":"https:\/\/www.proptradingscam.com\/es\/city-traders-imperium\/","title":{"rendered":"City Traders Imperium Opiniones"},"content":{"rendered":"<p><img decoding=\"async\" src=\"https:\/\/www.proptradingscam.com\/wp-content\/uploads\/2024\/02\/city-traders-imperium-300x153.png\" alt=\"City Traders Imperium\" width=\"300\" height=\"153\" class=\"alignright size-medium wp-image-1761\" srcset=\"https:\/\/www.proptradingscam.com\/wp-content\/uploads\/2024\/02\/city-traders-imperium-300x153.png 300w, https:\/\/www.proptradingscam.com\/wp-content\/uploads\/2024\/02\/city-traders-imperium-1024x523.png 1024w, https:\/\/www.proptradingscam.com\/wp-content\/uploads\/2024\/02\/city-traders-imperium-768x392.png 768w, https:\/\/www.proptradingscam.com\/wp-content\/uploads\/2024\/02\/city-traders-imperium-1536x784.png 1536w, https:\/\/www.proptradingscam.com\/wp-content\/uploads\/2024\/02\/city-traders-imperium-2048x1045.png 2048w\" sizes=\"(max-width: 300px) 100vw, 300px\" \/>City Traders Imperium es <strong>una conocida empresa de prop trading de los Emiratos \u00c1rabes Unidos<\/strong>.<\/p>\n<p><u>\u00bfPero es City Traders Imperium una estafa?<\/u><\/p>\n<p><strong>No, \u00a1no lo es!<\/strong><\/p>\n<p>Nuestras opiniones y experiencia demuestran que <strong>City Traders Imperium es una empresa segura de trading por cuenta propia<\/strong>.<\/p>\n<p style=\"text-align: center;\"><a class=\"button\" href=\"\/es\/to\/city-traders-imperium\" target=\"_blank\" rel=\"noopener sponsored\">\u00a1Reg\u00edstrate en City Traders Imperium ahora!<\/a><\/p>\n<p>Puedes compartir tus experiencias con City Traders Imperium <a href=\"#comments\">en nuestra secci\u00f3n de comentarios<\/a>.<\/p>\n<h2>Acerca de City Traders Imperium<\/h2>\n<p>En la siguiente tabla encontrar\u00e1 <strong>la informaci\u00f3n m\u00e1s esencial sobre City Traders Imperium<\/strong>:<\/p>\n<table>\n<caption><u>Descripci\u00f3n de City Traders Imperium<\/u><\/caption>\n<tbody>\n<tr>\n<th>Nombre<\/th>\n<td>City Traders Imperium<\/td>\n<\/tr>\n<tr>\n<th>P\u00e1gina web<\/th>\n<td><a href=\"\/es\/to\/city-traders-imperium\" target=\"_blank\" rel=\"noopener sponsored\">citytradersimperium.com<\/a><\/td>\n<\/tr>\n<tr>\n<th>Empresa<\/th>\n<td>CTI FZCO<\/td>\n<\/tr>\n<tr>\n<th>Direcci\u00f3n<\/th>\n<td>IFZA DDP Building A2, OasisIndustrial Area, Industrial Area, Dubai, Emiratos \u00c1rabes Unidos<\/td>\n<\/tr>\n<tr>\n<th>CEO<\/th>\n<td>Daniel Martin<\/td>\n<\/tr>\n<tr>\n<th>Fundador<\/th>\n<td>Martin Najat, Daniel Martin<\/td>\n<\/tr>\n<tr>\n<th>Fundada<\/th>\n<td>2018<\/td>\n<\/tr>\n<tr>\n<th>Contacto<\/th>\n<td>Chat en vivo, Mail<\/td>\n<\/tr>\n<tr>\n<th>E-Mail<\/th>\n<td>support@citytradersimperium.com<\/td>\n<\/tr>\n<tr>\n<th>N\u00famero de tel\u00e9fono<\/th>\n<td>no disponible<\/td>\n<\/tr>\n<tr>\n<th>Capital inicial<\/th>\n<td>$2.500 a $100.000<\/td>\n<\/tr>\n<tr>\n<th>Participaci\u00f3n en beneficios<\/th>\n<td>50% a 100%<\/td>\n<\/tr>\n<tr>\n<th>Evaluaci\u00f3n<\/th>\n<td>0 d\u00edas<\/td>\n<\/tr>\n<tr>\n<th>Tarifa<\/th>\n<td>$39 a $4,799 (reembolsable para cuentas de 2 pasos)<\/td>\n<\/tr>\n<tr>\n<th>M\u00e9todos de pago<\/th>\n<td>Tarjeta de cr\u00e9dito, Crypto (Bitcoin, Ethereum, Tether), Transferencia bancaria, PayPal<\/td>\n<\/tr>\n<tr>\n<th>Instrumentos<\/th>\n<td>CFDs<\/td>\n<\/tr>\n<tr>\n<th>Plataforma<\/th>\n<td>MetaTrader 5<\/td>\n<\/tr>\n<tr>\n<th>Retiros<\/th>\n<td>de dos veces al mes a una vez por semana<\/td>\n<\/tr>\n<tr>\n<th>Idiomas<\/th>\n<td>Ingl\u00e9s<\/td>\n<\/tr>\n<\/tbody>\n<\/table>\n","protected":false},"excerpt":{"rendered":"<p>City Traders Imperium es una conocida empresa de prop trading de los Emiratos \u00c1rabes Unidos. \u00bfPero es City Traders Imperium una estafa? No, \u00a1no lo es! Nuestras opiniones y experiencia demuestran que City Traders Imperium es una empresa segura de trading por cuenta propia. \u00a1Reg\u00edstrate en City Traders Imperium ahora! Puedes compartir tus experiencias con &#8230; <a title=\"City Traders Imperium Opiniones\" class=\"read-more\" href=\"https:\/\/www.proptradingscam.com\/es\/city-traders-imperium\/\" aria-label=\"Leer m\u00e1s sobre City Traders Imperium Opiniones\">Leer m\u00e1s<\/a><\/p>\n","protected":false},"author":4,"featured_media":0,"parent":0,"menu_order":0,"comment_status":"open","ping_status":"closed","template":"","meta":{"footnotes":""},"class_list":["post-1922","page","type-page","status-publish"],"_links":{"self":[{"href":"https:\/\/www.proptradingscam.com\/es\/wp-json\/wp\/v2\/pages\/1922","targetHints":{"allow":["GET"]}}],"collection":[{"href":"https:\/\/www.proptradingscam.com\/es\/wp-json\/wp\/v2\/pages"}],"about":[{"href":"https:\/\/www.proptradingscam.com\/es\/wp-json\/wp\/v2\/types\/page"}],"author":[{"embeddable":true,"href":"https:\/\/www.proptradingscam.com\/es\/wp-json\/wp\/v2\/users\/4"}],"replies":[{"embeddable":true,"href":"https:\/\/www.proptradingscam.com\/es\/wp-json\/wp\/v2\/comments?post=1922"}],"version-history":[{"count":0,"href":"https:\/\/www.proptradingscam.com\/es\/wp-json\/wp\/v2\/pages\/1922\/revisions"}],"wp:attachment":[{"href":"https:\/\/www.proptradingscam.com\/es\/wp-json\/wp\/v2\/media?parent=1922"}],"curies":[{"name":"wp","href":"https:\/\/api.w.org\/{rel}","templated":true}]}}