{"id":60,"date":"2023-08-26T14:01:54","date_gmt":"2023-08-26T14:01:54","guid":{"rendered":"https:\/\/www.proptradingscam.com\/?page_id=60"},"modified":"2023-09-03T14:29:43","modified_gmt":"2023-09-03T14:29:43","slug":"willkommen-auf-proptradingscam-com","status":"publish","type":"page","link":"https:\/\/www.proptradingscam.com\/de\/","title":{"rendered":"Willkommen auf PropTradingScam.com"},"content":{"rendered":"<p>Hallo Tradergef\u00e4hrten,<\/p>\n<p>willkommen auf meiner Website <strong>\u00fcber Prop Trading und Prop Trading Betrug<\/strong>!<\/p>\n<p>Auf dieser Website finden Sie alles \u00fcber Prop Trading, wie z.B. <strong>Anleitungen f\u00fcr Anf\u00e4nger und Bewertungen der bekanntesten Prop Trading Firmen<\/strong>.<\/p>\n<p>Ich habe diese Website ins Leben gerufen, <strong>um Ihnen dabei zu helfen, die schlechten Anbieter zu erkennen und die guten unter den mehr als 100 Trading Firmen zu identifizieren<\/strong>. Und ich hoffe, dass dies Ihnen hilft, nicht auf einen Betrug hereinzufallen.<\/p>\n<p>Wenn Sie <strong>bereits eine (gute oder schlechte) Erfahrung mit einer der auf dieser Website aufgef\u00fchrten Prop Trading Firmen<\/strong> gemacht haben, teilen Sie diese bitte mit den anderen Besuchern im Kommentarbereich unter der Bewertung.<\/p>\n<p>Falls Sie Fragen oder Anregungen f\u00fcr PropTradingScam.com haben, z\u00f6gern Sie nicht, sich <a href=\"\/de\/kontakt\/\">\u00fcber das Kontaktformular zu melden<\/a>.<\/p>\n<p>Ihre Prop Trader<br \/>\nLukas Ritter (Autor) und Liam Matthews (Gr\u00fcnder)<\/p>\n","protected":false},"excerpt":{"rendered":"<p>Hallo Tradergef\u00e4hrten, willkommen auf meiner Website \u00fcber Prop Trading und Prop Trading Betrug! Auf dieser Website finden Sie alles \u00fcber Prop Trading, wie z.B. Anleitungen f\u00fcr Anf\u00e4nger und Bewertungen der bekanntesten Prop Trading Firmen. Ich habe diese Website ins Leben gerufen, um Ihnen dabei zu helfen, die schlechten Anbieter zu erkennen und die guten unter &#8230; <a title=\"Willkommen auf PropTradingScam.com\" class=\"read-more\" href=\"https:\/\/www.proptradingscam.com\/de\/\" aria-label=\"Mehr Informationen \u00fcber Willkommen auf PropTradingScam.com\">Weiterlesen<\/a><\/p>\n","protected":false},"author":2,"featured_media":0,"parent":0,"menu_order":0,"comment_status":"closed","ping_status":"closed","template":"","meta":{"footnotes":""},"class_list":["post-60","page","type-page","status-publish"],"_links":{"self":[{"href":"https:\/\/www.proptradingscam.com\/de\/wp-json\/wp\/v2\/pages\/60","targetHints":{"allow":["GET"]}}],"collection":[{"href":"https:\/\/www.proptradingscam.com\/de\/wp-json\/wp\/v2\/pages"}],"about":[{"href":"https:\/\/www.proptradingscam.com\/de\/wp-json\/wp\/v2\/types\/page"}],"author":[{"embeddable":true,"href":"https:\/\/www.proptradingscam.com\/de\/wp-json\/wp\/v2\/users\/2"}],"replies":[{"embeddable":true,"href":"https:\/\/www.proptradingscam.com\/de\/wp-json\/wp\/v2\/comments?post=60"}],"version-history":[{"count":0,"href":"https:\/\/www.proptradingscam.com\/de\/wp-json\/wp\/v2\/pages\/60\/revisions"}],"wp:attachment":[{"href":"https:\/\/www.proptradingscam.com\/de\/wp-json\/wp\/v2\/media?parent=60"}],"curies":[{"name":"wp","href":"https:\/\/api.w.org\/{rel}","templated":true}]}}