{"id":3219,"date":"2024-04-29T07:29:16","date_gmt":"2024-04-29T07:29:16","guid":{"rendered":"https:\/\/www.proptradingscam.com\/?page_id=3219"},"modified":"2024-05-16T10:14:24","modified_gmt":"2024-05-16T10:14:24","slug":"trade-the-pool","status":"publish","type":"page","link":"https:\/\/www.proptradingscam.com\/de\/trade-the-pool\/","title":{"rendered":"Trade The Pool Erfahrungen"},"content":{"rendered":"<p><img decoding=\"async\" src=\"https:\/\/www.proptradingscam.com\/wp-content\/uploads\/2024\/04\/trade-the-pool-300x153.png\" alt=\"Trade The Pool\" width=\"300\" height=\"153\" class=\"alignright size-medium wp-image-3185\" srcset=\"https:\/\/www.proptradingscam.com\/wp-content\/uploads\/2024\/04\/trade-the-pool-300x153.png 300w, https:\/\/www.proptradingscam.com\/wp-content\/uploads\/2024\/04\/trade-the-pool-1024x523.png 1024w, https:\/\/www.proptradingscam.com\/wp-content\/uploads\/2024\/04\/trade-the-pool-768x392.png 768w, https:\/\/www.proptradingscam.com\/wp-content\/uploads\/2024\/04\/trade-the-pool-1536x784.png 1536w, https:\/\/www.proptradingscam.com\/wp-content\/uploads\/2024\/04\/trade-the-pool-2048x1045.png 2048w\" sizes=\"(max-width: 300px) 100vw, 300px\" \/>Trade The Pool ist <strong>eine bekannte Prop Trading Firma aus Israel<\/strong>.<\/p>\n<p><u>Doch ist Trade The Pool Betrug?<\/u><\/p>\n<p><strong>Nein, ist es nicht!<\/strong><\/p>\n<p>Nach unseren Erfahrungen ist <strong>Trade The Pool seri\u00f6s und sicher<\/strong>.<\/p>\n<p style=\"text-align: center;\"><a class=\"button\" href=\"\/de\/to\/trade-the-pool\" target=\"_blank\" rel=\"noopener sponsored\">Jetzt bei Trade The Pool anmelden!<\/a><\/p>\n<p>Sie k\u00f6nnen Ihre Erfahrung mit Trade The Pool <a href=\"#comments\">in unserem Kommentarbereich teilen<\/a>.<\/p>\n<h2>\u00dcber Trade The Pool<\/h2>\n<p>In der folgenden Tabelle finden Sie <strong>die wichtigsten Informationen \u00fcber Trade The Pool<\/strong>:<\/p>\n<table>\n<caption><u>\u00dcberblick \u00fcber Trade The Pool<\/u><\/caption>\n<tbody>\n<tr>\n<th>Name<\/th>\n<td>Trade The Pool<\/td>\n<\/tr>\n<tr>\n<th>Webseite<\/th>\n<td><a href=\"\/de\/to\/trade-the-pool\" target=\"_blank\" rel=\"noopener sponsored\">tradethepool.com<\/a><\/td>\n<\/tr>\n<tr>\n<th>Unternehmen<\/th>\n<td>FIVE PERCENT ONLINE LTD.<\/td>\n<\/tr>\n<tr>\n<th>Adresse<\/th>\n<td>HaHaroshet St 14, Ra&#8217;anana, Israel<\/td>\n<\/tr>\n<tr>\n<th>CEO<\/th>\n<td>Saul Lokier<\/td>\n<\/tr>\n<tr>\n<th>Gr\u00fcnder<\/th>\n<td>Gil Ben Hur<\/td>\n<\/tr>\n<tr>\n<th>Gr\u00fcndung<\/th>\n<td>2016<\/td>\n<\/tr>\n<tr>\n<th>Kontakt<\/th>\n<td>Live Chat, Mail, Kontaktformular<\/td>\n<\/tr>\n<tr>\n<th>E-Mail<\/th>\n<td>help@tradethepool.com<\/td>\n<\/tr>\n<tr>\n<th>Telefonnummer<\/th>\n<td>nicht verf\u00fcgbar<\/td>\n<\/tr>\n<tr>\n<th>Startkapital<\/th>\n<td>$20.000 bis $160.000<\/td>\n<\/tr>\n<tr>\n<th>Gewinnanteil<\/th>\n<td>50% bis 70%<\/td>\n<\/tr>\n<tr>\n<th>Evaluierung<\/th>\n<td>0 Tage<\/td>\n<\/tr>\n<tr>\n<th>Geb\u00fchren<\/th>\n<td>$97 bis $475<\/td>\n<\/tr>\n<tr>\n<th>Zahlungsmethoden<\/th>\n<td>Kreditkarte, Kryptow\u00e4hrungen, Bank Transfer<\/td>\n<\/tr>\n<tr>\n<th>Instrumente<\/th>\n<td>Aktien<\/td>\n<\/tr>\n<tr>\n<th>Plattform<\/th>\n<td>Trader Evolution<\/td>\n<\/tr>\n<tr>\n<th>Auszahlungen<\/th>\n<td>zweimal pro Monat<\/td>\n<\/tr>\n<tr>\n<th>Sprachen<\/th>\n<td>Englisch<\/td>\n<\/tr>\n<\/tbody>\n<\/table>\n","protected":false},"excerpt":{"rendered":"<p>Trade The Pool ist eine bekannte Prop Trading Firma aus Israel. Doch ist Trade The Pool Betrug? Nein, ist es nicht! Nach unseren Erfahrungen ist Trade The Pool seri\u00f6s und sicher. Jetzt bei Trade The Pool anmelden! Sie k\u00f6nnen Ihre Erfahrung mit Trade The Pool in unserem Kommentarbereich teilen. \u00dcber Trade The Pool In der &#8230; <a title=\"Trade The Pool Erfahrungen\" class=\"read-more\" href=\"https:\/\/www.proptradingscam.com\/de\/trade-the-pool\/\" aria-label=\"Mehr Informationen \u00fcber Trade The Pool Erfahrungen\">Weiterlesen<\/a><\/p>\n","protected":false},"author":2,"featured_media":0,"parent":0,"menu_order":0,"comment_status":"open","ping_status":"closed","template":"","meta":{"footnotes":""},"class_list":["post-3219","page","type-page","status-publish"],"_links":{"self":[{"href":"https:\/\/www.proptradingscam.com\/de\/wp-json\/wp\/v2\/pages\/3219","targetHints":{"allow":["GET"]}}],"collection":[{"href":"https:\/\/www.proptradingscam.com\/de\/wp-json\/wp\/v2\/pages"}],"about":[{"href":"https:\/\/www.proptradingscam.com\/de\/wp-json\/wp\/v2\/types\/page"}],"author":[{"embeddable":true,"href":"https:\/\/www.proptradingscam.com\/de\/wp-json\/wp\/v2\/users\/2"}],"replies":[{"embeddable":true,"href":"https:\/\/www.proptradingscam.com\/de\/wp-json\/wp\/v2\/comments?post=3219"}],"version-history":[{"count":0,"href":"https:\/\/www.proptradingscam.com\/de\/wp-json\/wp\/v2\/pages\/3219\/revisions"}],"wp:attachment":[{"href":"https:\/\/www.proptradingscam.com\/de\/wp-json\/wp\/v2\/media?parent=3219"}],"curies":[{"name":"wp","href":"https:\/\/api.w.org\/{rel}","templated":true}]}}