{"id":3217,"date":"2024-04-29T07:24:49","date_gmt":"2024-04-29T07:24:49","guid":{"rendered":"https:\/\/www.proptradingscam.com\/?page_id=3217"},"modified":"2024-07-29T10:19:39","modified_gmt":"2024-07-29T10:19:39","slug":"lark-funding","status":"publish","type":"page","link":"https:\/\/www.proptradingscam.com\/de\/lark-funding\/","title":{"rendered":"Lark Funding Erfahrungen"},"content":{"rendered":"<p><img decoding=\"async\" src=\"https:\/\/www.proptradingscam.com\/wp-content\/uploads\/2024\/04\/lark-funding-300x153.png\" alt=\"Lark Funding\" width=\"300\" height=\"153\" class=\"alignright size-medium wp-image-3147\" srcset=\"https:\/\/www.proptradingscam.com\/wp-content\/uploads\/2024\/04\/lark-funding-300x153.png 300w, https:\/\/www.proptradingscam.com\/wp-content\/uploads\/2024\/04\/lark-funding-1024x523.png 1024w, https:\/\/www.proptradingscam.com\/wp-content\/uploads\/2024\/04\/lark-funding-768x392.png 768w, https:\/\/www.proptradingscam.com\/wp-content\/uploads\/2024\/04\/lark-funding-1536x784.png 1536w, https:\/\/www.proptradingscam.com\/wp-content\/uploads\/2024\/04\/lark-funding-2048x1045.png 2048w\" sizes=\"(max-width: 300px) 100vw, 300px\" \/>Lark Funding ist <strong>eine bekannte Prop Trading Firma aus Kanada<\/strong>.<\/p>\n<p><u>Doch ist Lark Funding Betrug?<\/u><\/p>\n<p><strong>Nein, ist es nicht!<\/strong><\/p>\n<p>Nach unseren Erfahrungen ist <strong>Lark Funding seri\u00f6s und sicher<\/strong>.<\/p>\n<p style=\"text-align: center;\"><a class=\"button\" href=\"\/de\/to\/lark-funding\" target=\"_blank\" rel=\"noopener sponsored\">Jetzt bei Lark Funding anmelden!<\/a><\/p>\n<p>Sie k\u00f6nnen Ihre Erfahrung mit Lark Funding <a href=\"#comments\">in unserem Kommentarbereich teilen<\/a>.<\/p>\n<h2>\u00dcber Lark Funding<\/h2>\n<p>In der folgenden Tabelle finden Sie <strong>die wichtigsten Informationen \u00fcber Lark Funding<\/strong>:<\/p>\n<table>\n<caption><u>\u00dcberblick \u00fcber Lark Funding<\/u><\/caption>\n<tbody>\n<tr>\n<th>Name<\/th>\n<td>Lark Funding<\/td>\n<\/tr>\n<tr>\n<th>Webseite<\/th>\n<td><a href=\"\/de\/to\/lark-funding\" target=\"_blank\" rel=\"noopener sponsored\">larkfunding.com<\/a><\/td>\n<\/tr>\n<tr>\n<th>Unternehmen<\/th>\n<td>Lark Funding Inc.<\/td>\n<\/tr>\n<tr>\n<th>Adresse<\/th>\n<td>3 Pl. Ville-Marie, Montr\u00e9al, QC H3B 4W8, Kanada<\/td>\n<\/tr>\n<tr>\n<th>CEO<\/th>\n<td>Matt L.<\/td>\n<\/tr>\n<tr>\n<th>Gr\u00fcnder<\/th>\n<td>Matt L.<\/td>\n<\/tr>\n<tr>\n<th>Gr\u00fcndung<\/th>\n<td>2022<\/td>\n<\/tr>\n<tr>\n<th>Kontakt<\/th>\n<td>Live Chat, Mail, Kontaktformular<\/td>\n<\/tr>\n<tr>\n<th>E-Mail<\/th>\n<td>support@larkfunding.com<\/td>\n<\/tr>\n<tr>\n<th>Telefonnummer<\/th>\n<td>nicht verf\u00fcgbar<\/td>\n<\/tr>\n<tr>\n<th>Startkapital<\/th>\n<td>$5.000 bis $200.000<\/td>\n<\/tr>\n<tr>\n<th>Gewinnanteil<\/th>\n<td>80% bis 90%<\/td>\n<\/tr>\n<tr>\n<th>Evaluierung<\/th>\n<td>0 Tage<\/td>\n<\/tr>\n<tr>\n<th>Geb\u00fchren<\/th>\n<td>$60 bis $1.000<\/td>\n<\/tr>\n<tr>\n<th>Zahlungsmethoden<\/th>\n<td>Kreditkarte<\/td>\n<\/tr>\n<tr>\n<th>Instrumente<\/th>\n<td>CFDs, Forex<\/td>\n<\/tr>\n<tr>\n<th>Plattform<\/th>\n<td>DXTrade, cTrader<\/td>\n<\/tr>\n<tr>\n<th>Auszahlungen<\/th>\n<td>auf Anfrage<\/td>\n<\/tr>\n<tr>\n<th>Sprachen<\/th>\n<td>Englisch<\/td>\n<\/tr>\n<\/tbody>\n<\/table>\n","protected":false},"excerpt":{"rendered":"<p>Lark Funding ist eine bekannte Prop Trading Firma aus Kanada. Doch ist Lark Funding Betrug? Nein, ist es nicht! Nach unseren Erfahrungen ist Lark Funding seri\u00f6s und sicher. Jetzt bei Lark Funding anmelden! Sie k\u00f6nnen Ihre Erfahrung mit Lark Funding in unserem Kommentarbereich teilen. \u00dcber Lark Funding In der folgenden Tabelle finden Sie die wichtigsten &#8230; <a title=\"Lark Funding Erfahrungen\" class=\"read-more\" href=\"https:\/\/www.proptradingscam.com\/de\/lark-funding\/\" aria-label=\"Mehr Informationen \u00fcber Lark Funding Erfahrungen\">Weiterlesen<\/a><\/p>\n","protected":false},"author":2,"featured_media":0,"parent":0,"menu_order":0,"comment_status":"open","ping_status":"closed","template":"","meta":{"footnotes":""},"class_list":["post-3217","page","type-page","status-publish"],"_links":{"self":[{"href":"https:\/\/www.proptradingscam.com\/de\/wp-json\/wp\/v2\/pages\/3217","targetHints":{"allow":["GET"]}}],"collection":[{"href":"https:\/\/www.proptradingscam.com\/de\/wp-json\/wp\/v2\/pages"}],"about":[{"href":"https:\/\/www.proptradingscam.com\/de\/wp-json\/wp\/v2\/types\/page"}],"author":[{"embeddable":true,"href":"https:\/\/www.proptradingscam.com\/de\/wp-json\/wp\/v2\/users\/2"}],"replies":[{"embeddable":true,"href":"https:\/\/www.proptradingscam.com\/de\/wp-json\/wp\/v2\/comments?post=3217"}],"version-history":[{"count":0,"href":"https:\/\/www.proptradingscam.com\/de\/wp-json\/wp\/v2\/pages\/3217\/revisions"}],"wp:attachment":[{"href":"https:\/\/www.proptradingscam.com\/de\/wp-json\/wp\/v2\/media?parent=3217"}],"curies":[{"name":"wp","href":"https:\/\/api.w.org\/{rel}","templated":true}]}}