{"id":3216,"date":"2024-04-29T07:21:50","date_gmt":"2024-04-29T07:21:50","guid":{"rendered":"https:\/\/www.proptradingscam.com\/?page_id=3216"},"modified":"2024-07-29T08:54:26","modified_gmt":"2024-07-29T08:54:26","slug":"goat-funded-trader","status":"publish","type":"page","link":"https:\/\/www.proptradingscam.com\/de\/goat-funded-trader\/","title":{"rendered":"Goat Funded Trader Erfahrungen"},"content":{"rendered":"<p><img decoding=\"async\" src=\"https:\/\/www.proptradingscam.com\/wp-content\/uploads\/2024\/04\/goat-funded-trader-de-300x153.png\" alt=\"Goat Funded Trader\" width=\"300\" height=\"153\" class=\"alignright size-medium wp-image-3271\" srcset=\"https:\/\/www.proptradingscam.com\/wp-content\/uploads\/2024\/04\/goat-funded-trader-de-300x153.png 300w, https:\/\/www.proptradingscam.com\/wp-content\/uploads\/2024\/04\/goat-funded-trader-de-1024x523.png 1024w, https:\/\/www.proptradingscam.com\/wp-content\/uploads\/2024\/04\/goat-funded-trader-de-768x392.png 768w, https:\/\/www.proptradingscam.com\/wp-content\/uploads\/2024\/04\/goat-funded-trader-de-1536x784.png 1536w, https:\/\/www.proptradingscam.com\/wp-content\/uploads\/2024\/04\/goat-funded-trader-de-2048x1045.png 2048w\" sizes=\"(max-width: 300px) 100vw, 300px\" \/>Goat Funded Trader ist <strong>eine bekannte Prop Trading Firma aus Hongkong<\/strong>.<\/p>\n<p><u>Doch ist Goat Funded Trader Betrug?<\/u><\/p>\n<p><strong>Nein, ist es nicht!<\/strong><\/p>\n<p>Nach unseren Erfahrungen ist <strong>Goat Funded Trader seri\u00f6s und sicher<\/strong>.<\/p>\n<p style=\"text-align: center;\"><a class=\"button\" href=\"\/de\/to\/goat-funded-trader\" target=\"_blank\" rel=\"noopener sponsored\">Jetzt bei Goat Funded Trader anmelden!<\/a><\/p>\n<p>Sie k\u00f6nnen Ihre Erfahrung mit Goat Funded Trader <a href=\"#comments\">in unserem Kommentarbereich teilen<\/a>.<\/p>\n<h2>\u00dcber Goat Funded Trader<\/h2>\n<p>In der folgenden Tabelle finden Sie <strong>die wichtigsten Informationen \u00fcber Goat Funded Trader<\/strong>:<\/p>\n<table>\n<caption><u>\u00dcberblick \u00fcber Goat Funded Trader<\/u><\/caption>\n<tbody>\n<tr>\n<th>Name<\/th>\n<td>Goat Funded Trader<\/td>\n<\/tr>\n<tr>\n<th>Webseite<\/th>\n<td><a href=\"\/de\/to\/goat-funded-trader\" target=\"_blank\" rel=\"noopener sponsored\">goatfundedtrader.com<\/a><\/td>\n<\/tr>\n<tr>\n<th>Unternehmen<\/th>\n<td>Wishes Tower International Limited<\/td>\n<\/tr>\n<tr>\n<th>Adresse<\/th>\n<td>Rm 1205, 12\/f. Beverly House, 93 Lockhart Rd, Wan Chai, Hongkong<\/td>\n<\/tr>\n<tr>\n<th>CEO<\/th>\n<td>Edoardo Dalla Torre<\/td>\n<\/tr>\n<tr>\n<th>Gr\u00fcnder<\/th>\n<td>Edoardo Dalla Torre<\/td>\n<\/tr>\n<tr>\n<th>Gr\u00fcndung<\/th>\n<td>2023<\/td>\n<\/tr>\n<tr>\n<th>Kontakt<\/th>\n<td>Live Chat, Mail, Kontaktformular<\/td>\n<\/tr>\n<tr>\n<th>E-Mail<\/th>\n<td>support@goatfundedtrader.com<\/td>\n<\/tr>\n<tr>\n<th>Telefonnummer<\/th>\n<td>nicht verf\u00fcgbar<\/td>\n<\/tr>\n<tr>\n<th>Startkapital<\/th>\n<td>$5.000 bis $200.000<\/td>\n<\/tr>\n<tr>\n<th>Gewinnanteil<\/th>\n<td>40% bis 80%<\/td>\n<\/tr>\n<tr>\n<th>Evaluierung<\/th>\n<td>0 Tage<\/td>\n<\/tr>\n<tr>\n<th>Geb\u00fchren<\/th>\n<td>$30 bis $1.065<\/td>\n<\/tr>\n<tr>\n<th>Zahlungsmethoden<\/th>\n<td>Kreditkarte, Kryptow\u00e4hrungen<\/td>\n<\/tr>\n<tr>\n<th>Instrumente<\/th>\n<td>CFDs, Forex<\/td>\n<\/tr>\n<tr>\n<th>Plattform<\/th>\n<td>Match Trader, TradeLocker<\/td>\n<\/tr>\n<tr>\n<th>Auszahlungen<\/th>\n<td>auf Anfrage<\/td>\n<\/tr>\n<tr>\n<th>Sprachen<\/th>\n<td>Deutsch, Englisch, Spanisch, Italienisch, Griechisch, T\u00fcrkisch, Tschechisch, Japanisch<\/td>\n<\/tr>\n<\/tbody>\n<\/table>\n","protected":false},"excerpt":{"rendered":"<p>Goat Funded Trader ist eine bekannte Prop Trading Firma aus Hongkong. Doch ist Goat Funded Trader Betrug? Nein, ist es nicht! Nach unseren Erfahrungen ist Goat Funded Trader seri\u00f6s und sicher. Jetzt bei Goat Funded Trader anmelden! Sie k\u00f6nnen Ihre Erfahrung mit Goat Funded Trader in unserem Kommentarbereich teilen. \u00dcber Goat Funded Trader In der &#8230; <a title=\"Goat Funded Trader Erfahrungen\" class=\"read-more\" href=\"https:\/\/www.proptradingscam.com\/de\/goat-funded-trader\/\" aria-label=\"Mehr Informationen \u00fcber Goat Funded Trader Erfahrungen\">Weiterlesen<\/a><\/p>\n","protected":false},"author":2,"featured_media":0,"parent":0,"menu_order":0,"comment_status":"open","ping_status":"closed","template":"","meta":{"footnotes":""},"class_list":["post-3216","page","type-page","status-publish"],"_links":{"self":[{"href":"https:\/\/www.proptradingscam.com\/de\/wp-json\/wp\/v2\/pages\/3216","targetHints":{"allow":["GET"]}}],"collection":[{"href":"https:\/\/www.proptradingscam.com\/de\/wp-json\/wp\/v2\/pages"}],"about":[{"href":"https:\/\/www.proptradingscam.com\/de\/wp-json\/wp\/v2\/types\/page"}],"author":[{"embeddable":true,"href":"https:\/\/www.proptradingscam.com\/de\/wp-json\/wp\/v2\/users\/2"}],"replies":[{"embeddable":true,"href":"https:\/\/www.proptradingscam.com\/de\/wp-json\/wp\/v2\/comments?post=3216"}],"version-history":[{"count":0,"href":"https:\/\/www.proptradingscam.com\/de\/wp-json\/wp\/v2\/pages\/3216\/revisions"}],"wp:attachment":[{"href":"https:\/\/www.proptradingscam.com\/de\/wp-json\/wp\/v2\/media?parent=3216"}],"curies":[{"name":"wp","href":"https:\/\/api.w.org\/{rel}","templated":true}]}}