{"id":3215,"date":"2024-04-29T07:15:48","date_gmt":"2024-04-29T07:15:48","guid":{"rendered":"https:\/\/www.proptradingscam.com\/?page_id=3215"},"modified":"2024-07-17T09:15:29","modified_gmt":"2024-07-17T09:15:29","slug":"glow-node","status":"publish","type":"page","link":"https:\/\/www.proptradingscam.com\/de\/glow-node\/","title":{"rendered":"Glow Node Erfahrungen"},"content":{"rendered":"<p><img decoding=\"async\" src=\"https:\/\/www.proptradingscam.com\/wp-content\/uploads\/2024\/04\/glow-node-300x153.png\" alt=\"Glow Node\" width=\"300\" height=\"153\" class=\"alignright size-medium wp-image-3122\" srcset=\"https:\/\/www.proptradingscam.com\/wp-content\/uploads\/2024\/04\/glow-node-300x153.png 300w, https:\/\/www.proptradingscam.com\/wp-content\/uploads\/2024\/04\/glow-node-1024x523.png 1024w, https:\/\/www.proptradingscam.com\/wp-content\/uploads\/2024\/04\/glow-node-768x392.png 768w, https:\/\/www.proptradingscam.com\/wp-content\/uploads\/2024\/04\/glow-node-1536x784.png 1536w, https:\/\/www.proptradingscam.com\/wp-content\/uploads\/2024\/04\/glow-node-2048x1045.png 2048w\" sizes=\"(max-width: 300px) 100vw, 300px\" \/>Glow Node ist <strong>eine bekannte Prop Trading Firma aus Gro\u00dfbritannien<\/strong>.<\/p>\n<p><u>Doch ist Glow Node Betrug?<\/u><\/p>\n<p><strong>Nein, ist es nicht!<\/strong><\/p>\n<p>Nach unseren Erfahrungen ist <strong>Glow Node seri\u00f6s und sicher<\/strong>.<\/p>\n<p style=\"text-align: center;\"><a class=\"button\" href=\"\/de\/to\/glow-node\" target=\"_blank\" rel=\"noopener sponsored\">Jetzt bei Glow Node anmelden!<\/a><\/p>\n<p>Sie k\u00f6nnen Ihre Erfahrung mit Glow Node <a href=\"#comments\">in unserem Kommentarbereich teilen<\/a>.<\/p>\n<h2>\u00dcber Glow Node<\/h2>\n<p>In der folgenden Tabelle finden Sie <strong>die wichtigsten Informationen \u00fcber Glow Node<\/strong>:<\/p>\n<table>\n<caption><u>\u00dcberblick \u00fcber Glow Node<\/u><\/caption>\n<tbody>\n<tr>\n<th>Name<\/th>\n<td>Glow Node<\/td>\n<\/tr>\n<tr>\n<th>Webseite<\/th>\n<td><a href=\"\/de\/to\/glow-node\" target=\"_blank\" rel=\"noopener sponsored\">www.glow-node.com<\/a><\/td>\n<\/tr>\n<tr>\n<th>Unternehmen<\/th>\n<td>Glow Node Ltd.<\/td>\n<\/tr>\n<tr>\n<th>Adresse<\/th>\n<td>89-90 Paul St, London EC2A 4NE, Gro\u00dfbritannien<\/td>\n<\/tr>\n<tr>\n<th>CEO<\/th>\n<td>Sam Bradbury, Ryan Beasley<\/td>\n<\/tr>\n<tr>\n<th>Gr\u00fcnder<\/th>\n<td>Sam Bradbury, Ryan Beasley<\/td>\n<\/tr>\n<tr>\n<th>Gr\u00fcndung<\/th>\n<td>2022<\/td>\n<\/tr>\n<tr>\n<th>Kontakt<\/th>\n<td>Live Chat, Mail<\/td>\n<\/tr>\n<tr>\n<th>E-Mail<\/th>\n<td>support@glow-node.com<\/td>\n<\/tr>\n<tr>\n<th>Telefonnummer<\/th>\n<td>nicht verf\u00fcgbar<\/td>\n<\/tr>\n<tr>\n<th>Startkapital<\/th>\n<td>$5.000 bis $100.000<\/td>\n<\/tr>\n<tr>\n<th>Gewinnanteil<\/th>\n<td>80%<\/td>\n<\/tr>\n<tr>\n<th>Evaluierung<\/th>\n<td>0 Tage<\/td>\n<\/tr>\n<tr>\n<th>Geb\u00fchren<\/th>\n<td>$29 bis $4.500<\/td>\n<\/tr>\n<tr>\n<th>Zahlungsmethoden<\/th>\n<td>Kreditkarte, Kryptow\u00e4hrungen<\/td>\n<\/tr>\n<tr>\n<th>Instrumente<\/th>\n<td>Forex, CFDs<\/td>\n<\/tr>\n<tr>\n<th>Plattform<\/th>\n<td>Match Trader<\/td>\n<\/tr>\n<tr>\n<th>Auszahlungen<\/th>\n<td>zweimal pro Monat<\/td>\n<\/tr>\n<tr>\n<th>Sprachen<\/th>\n<td>Englisch<\/td>\n<\/tr>\n<\/tbody>\n<\/table>\n","protected":false},"excerpt":{"rendered":"<p>Glow Node ist eine bekannte Prop Trading Firma aus Gro\u00dfbritannien. Doch ist Glow Node Betrug? Nein, ist es nicht! Nach unseren Erfahrungen ist Glow Node seri\u00f6s und sicher. Jetzt bei Glow Node anmelden! Sie k\u00f6nnen Ihre Erfahrung mit Glow Node in unserem Kommentarbereich teilen. \u00dcber Glow Node In der folgenden Tabelle finden Sie die wichtigsten &#8230; <a title=\"Glow Node Erfahrungen\" class=\"read-more\" href=\"https:\/\/www.proptradingscam.com\/de\/glow-node\/\" aria-label=\"Mehr Informationen \u00fcber Glow Node Erfahrungen\">Weiterlesen<\/a><\/p>\n","protected":false},"author":2,"featured_media":0,"parent":0,"menu_order":0,"comment_status":"open","ping_status":"closed","template":"","meta":{"footnotes":""},"class_list":["post-3215","page","type-page","status-publish"],"_links":{"self":[{"href":"https:\/\/www.proptradingscam.com\/de\/wp-json\/wp\/v2\/pages\/3215","targetHints":{"allow":["GET"]}}],"collection":[{"href":"https:\/\/www.proptradingscam.com\/de\/wp-json\/wp\/v2\/pages"}],"about":[{"href":"https:\/\/www.proptradingscam.com\/de\/wp-json\/wp\/v2\/types\/page"}],"author":[{"embeddable":true,"href":"https:\/\/www.proptradingscam.com\/de\/wp-json\/wp\/v2\/users\/2"}],"replies":[{"embeddable":true,"href":"https:\/\/www.proptradingscam.com\/de\/wp-json\/wp\/v2\/comments?post=3215"}],"version-history":[{"count":0,"href":"https:\/\/www.proptradingscam.com\/de\/wp-json\/wp\/v2\/pages\/3215\/revisions"}],"wp:attachment":[{"href":"https:\/\/www.proptradingscam.com\/de\/wp-json\/wp\/v2\/media?parent=3215"}],"curies":[{"name":"wp","href":"https:\/\/api.w.org\/{rel}","templated":true}]}}