{"id":3214,"date":"2024-04-29T07:13:18","date_gmt":"2024-04-29T07:13:18","guid":{"rendered":"https:\/\/www.proptradingscam.com\/?page_id=3214"},"modified":"2024-09-19T09:13:32","modified_gmt":"2024-09-19T09:13:32","slug":"funded-trading-plus","status":"publish","type":"page","link":"https:\/\/www.proptradingscam.com\/de\/funded-trading-plus\/","title":{"rendered":"Funded Trading Plus Erfahrungen"},"content":{"rendered":"<p><img decoding=\"async\" src=\"https:\/\/www.proptradingscam.com\/wp-content\/uploads\/2024\/04\/funded-trading-plus-300x153.png\" alt=\"Funded Trading Plus\" width=\"300\" height=\"153\" class=\"alignright size-medium wp-image-3109\" srcset=\"https:\/\/www.proptradingscam.com\/wp-content\/uploads\/2024\/04\/funded-trading-plus-300x153.png 300w, https:\/\/www.proptradingscam.com\/wp-content\/uploads\/2024\/04\/funded-trading-plus-1024x523.png 1024w, https:\/\/www.proptradingscam.com\/wp-content\/uploads\/2024\/04\/funded-trading-plus-768x392.png 768w, https:\/\/www.proptradingscam.com\/wp-content\/uploads\/2024\/04\/funded-trading-plus-1536x784.png 1536w, https:\/\/www.proptradingscam.com\/wp-content\/uploads\/2024\/04\/funded-trading-plus-2048x1045.png 2048w\" sizes=\"(max-width: 300px) 100vw, 300px\" \/>Funded Trading Plus ist <strong>eine bekannte Prop Trading Firma aus Gro\u00dfbritannien<\/strong>.<\/p>\n<p><u>Doch ist Funded Trading Plus Betrug?<\/u><\/p>\n<p><strong>Nein, ist es nicht!<\/strong><\/p>\n<p>Nach unseren Erfahrungen ist <strong>Funded Trading Plus seri\u00f6s und sicher<\/strong>.<\/p>\n<p style=\"text-align: center;\"><a class=\"button\" href=\"\/de\/to\/funded-trading-plus\" target=\"_blank\" rel=\"noopener sponsored\">Jetzt bei Funded Trading Plus anmelden!<\/a><\/p>\n<p>Sie k\u00f6nnen Ihre Erfahrung mit Funded Trading Plus <a href=\"#comments\">in unserem Kommentarbereich teilen<\/a>.<\/p>\n<h2>\u00dcber Funded Trading Plus<\/h2>\n<p>In der folgenden Tabelle finden Sie <strong>die wichtigsten Informationen \u00fcber Funded Trading Plus<\/strong>:<\/p>\n<table>\n<caption><u>\u00dcberblick \u00fcber Funded Trading Plus<\/u><\/caption>\n<tbody>\n<tr>\n<th>Name<\/th>\n<td>Funded Trading Plus<\/td>\n<\/tr>\n<tr>\n<th>Webseite<\/th>\n<td><a href=\"\/de\/to\/funded-trading-plus\" target=\"_blank\" rel=\"noopener sponsored\">www.fundedtradingplus.com<\/a><\/td>\n<\/tr>\n<tr>\n<th>Unternehmen<\/th>\n<td>FTP London Ltd.<\/td>\n<\/tr>\n<tr>\n<th>Adresse<\/th>\n<td>7 Bell Yard, London WC2A 2JR, Gro\u00dfbritannien<\/td>\n<\/tr>\n<tr>\n<th>CEO<\/th>\n<td>Simon Paul Massey<\/td>\n<\/tr>\n<tr>\n<th>Gr\u00fcnder<\/th>\n<td>Simon Paul Massey, James Anthony Frangleton, Michael Christopher Cogswell<\/td>\n<\/tr>\n<tr>\n<th>Gr\u00fcndung<\/th>\n<td>2021<\/td>\n<\/tr>\n<tr>\n<th>Kontakt<\/th>\n<td>Live Chat, Telefon, Mail, Kontaktformular<\/td>\n<\/tr>\n<tr>\n<th>E-Mail<\/th>\n<td>info@fundedtradingplus.com<\/td>\n<\/tr>\n<tr>\n<th>Telefonnummer<\/th>\n<td>+44 (0)333 0909800<\/td>\n<\/tr>\n<tr>\n<th>Startkapital<\/th>\n<td>$5.000 bis $200.000<\/td>\n<\/tr>\n<tr>\n<th>Gewinnanteil<\/th>\n<td>80% bis 100%<\/td>\n<\/tr>\n<tr>\n<th>Evaluierung<\/th>\n<td>0 Tage<\/td>\n<\/tr>\n<tr>\n<th>Geb\u00fchren<\/th>\n<td>$119 bis $4.500<\/td>\n<\/tr>\n<tr>\n<th>Zahlungsmethoden<\/th>\n<td>Kreditkarte, Kryptow\u00e4hrungen<\/td>\n<\/tr>\n<tr>\n<th>Instrumente<\/th>\n<td>Forex, CFDs<\/td>\n<\/tr>\n<tr>\n<th>Plattform<\/th>\n<td>MetaTrader 4, MetaTrader 5, Match Trader, DXTrade, cTrader<\/td>\n<\/tr>\n<tr>\n<th>Auszahlungen<\/th>\n<td>einmal pro Woche<\/td>\n<\/tr>\n<tr>\n<th>Sprachen<\/th>\n<td>Englisch<\/td>\n<\/tr>\n<\/tbody>\n<\/table>\n","protected":false},"excerpt":{"rendered":"<p>Funded Trading Plus ist eine bekannte Prop Trading Firma aus Gro\u00dfbritannien. Doch ist Funded Trading Plus Betrug? Nein, ist es nicht! Nach unseren Erfahrungen ist Funded Trading Plus seri\u00f6s und sicher. Jetzt bei Funded Trading Plus anmelden! Sie k\u00f6nnen Ihre Erfahrung mit Funded Trading Plus in unserem Kommentarbereich teilen. \u00dcber Funded Trading Plus In der &#8230; <a title=\"Funded Trading Plus Erfahrungen\" class=\"read-more\" href=\"https:\/\/www.proptradingscam.com\/de\/funded-trading-plus\/\" aria-label=\"Mehr Informationen \u00fcber Funded Trading Plus Erfahrungen\">Weiterlesen<\/a><\/p>\n","protected":false},"author":2,"featured_media":0,"parent":0,"menu_order":0,"comment_status":"open","ping_status":"closed","template":"","meta":{"footnotes":""},"class_list":["post-3214","page","type-page","status-publish"],"_links":{"self":[{"href":"https:\/\/www.proptradingscam.com\/de\/wp-json\/wp\/v2\/pages\/3214","targetHints":{"allow":["GET"]}}],"collection":[{"href":"https:\/\/www.proptradingscam.com\/de\/wp-json\/wp\/v2\/pages"}],"about":[{"href":"https:\/\/www.proptradingscam.com\/de\/wp-json\/wp\/v2\/types\/page"}],"author":[{"embeddable":true,"href":"https:\/\/www.proptradingscam.com\/de\/wp-json\/wp\/v2\/users\/2"}],"replies":[{"embeddable":true,"href":"https:\/\/www.proptradingscam.com\/de\/wp-json\/wp\/v2\/comments?post=3214"}],"version-history":[{"count":0,"href":"https:\/\/www.proptradingscam.com\/de\/wp-json\/wp\/v2\/pages\/3214\/revisions"}],"wp:attachment":[{"href":"https:\/\/www.proptradingscam.com\/de\/wp-json\/wp\/v2\/media?parent=3214"}],"curies":[{"name":"wp","href":"https:\/\/api.w.org\/{rel}","templated":true}]}}