{"id":3211,"date":"2024-04-29T07:04:22","date_gmt":"2024-04-29T07:04:22","guid":{"rendered":"https:\/\/www.proptradingscam.com\/?page_id=3211"},"modified":"2024-07-13T09:36:19","modified_gmt":"2024-07-13T09:36:19","slug":"blue-guardian","status":"publish","type":"page","link":"https:\/\/www.proptradingscam.com\/de\/blue-guardian\/","title":{"rendered":"Blue Guardian Erfahrungen"},"content":{"rendered":"<p><img decoding=\"async\" src=\"https:\/\/www.proptradingscam.com\/wp-content\/uploads\/2024\/04\/blue-guardian-300x153.png\" alt=\"Blue Guardian\" width=\"300\" height=\"153\" class=\"alignright size-medium wp-image-3098\" srcset=\"https:\/\/www.proptradingscam.com\/wp-content\/uploads\/2024\/04\/blue-guardian-300x153.png 300w, https:\/\/www.proptradingscam.com\/wp-content\/uploads\/2024\/04\/blue-guardian-1024x523.png 1024w, https:\/\/www.proptradingscam.com\/wp-content\/uploads\/2024\/04\/blue-guardian-768x392.png 768w, https:\/\/www.proptradingscam.com\/wp-content\/uploads\/2024\/04\/blue-guardian-1536x784.png 1536w, https:\/\/www.proptradingscam.com\/wp-content\/uploads\/2024\/04\/blue-guardian-2048x1045.png 2048w\" sizes=\"(max-width: 300px) 100vw, 300px\" \/>Blue Guardian ist <strong>eine bekannte Prop Trading Firma aus den Vereinigten Arabischen Emiraten<\/strong>.<\/p>\n<p><u>Doch ist Blue Guardian Betrug?<\/u><\/p>\n<p><strong>Nein, ist es nicht!<\/strong><\/p>\n<p>Nach unseren Erfahrungen ist <strong>Blue Guardian seri\u00f6s und sicher<\/strong>.<\/p>\n<p style=\"text-align: center;\"><a class=\"button\" href=\"\/de\/to\/blue-guardian\" target=\"_blank\" rel=\"noopener sponsored\">Jetzt bei Blue Guardian anmelden!<\/a><\/p>\n<p>Sie k\u00f6nnen Ihre Erfahrung mit Blue Guardian <a href=\"#comments\">in unserem Kommentarbereich teilen<\/a>.<\/p>\n<h2>\u00dcber Blue Guardian<\/h2>\n<p>In der folgenden Tabelle finden Sie <strong>die wichtigsten Informationen \u00fcber Blue Guardian<\/strong>:<\/p>\n<table>\n<caption><u>\u00dcberblick \u00fcber Blue Guardian<\/u><\/caption>\n<tbody>\n<tr>\n<th>Name<\/th>\n<td>Blue Guardian<\/td>\n<\/tr>\n<tr>\n<th>Webseite<\/th>\n<td><a href=\"\/de\/to\/blue-guardian\" target=\"_blank\" rel=\"noopener sponsored\">www.blueguardian.com<\/a><\/td>\n<\/tr>\n<tr>\n<th>Unternehmen<\/th>\n<td>Iconic Exchange FZCO<\/td>\n<\/tr>\n<tr>\n<th>Adresse<\/th>\n<td>Dubai Silicon Oasis, DDP, Building A2, Dubai, Vereinigte Arabische Emirate<\/td>\n<\/tr>\n<tr>\n<th>CEO<\/th>\n<td>Sean Bainton<\/td>\n<\/tr>\n<tr>\n<th>Gr\u00fcnder<\/th>\n<td>Sean Bainton<\/td>\n<\/tr>\n<tr>\n<th>Gr\u00fcndung<\/th>\n<td>2019<\/td>\n<\/tr>\n<tr>\n<th>Kontakt<\/th>\n<td>Live Chat, Mail, Kontaktformular<\/td>\n<\/tr>\n<tr>\n<th>E-Mail<\/th>\n<td>support@blueguardian.com<\/td>\n<\/tr>\n<tr>\n<th>Telefonnummer<\/th>\n<td>nicht verf\u00fcgbar<\/td>\n<\/tr>\n<tr>\n<th>Startkapital<\/th>\n<td>$10.000 bis $200.000<\/td>\n<\/tr>\n<tr>\n<th>Gewinnanteil<\/th>\n<td>85%<\/td>\n<\/tr>\n<tr>\n<th>Evaluierung<\/th>\n<td>0 Tage<\/td>\n<\/tr>\n<tr>\n<th>Geb\u00fchren<\/th>\n<td>$87 bis $997 (erstattbar)<\/td>\n<\/tr>\n<tr>\n<th>Zahlungsmethoden<\/th>\n<td>Kreditkarte, Kryptow\u00e4hrungen (via Coinbase)<\/td>\n<\/tr>\n<tr>\n<th>Instrumente<\/th>\n<td>Forex, CFDs<\/td>\n<\/tr>\n<tr>\n<th>Plattform<\/th>\n<td>Match-Trader, TradeLocker, Platform 5<\/td>\n<\/tr>\n<tr>\n<th>Auszahlungen<\/th>\n<td>zweimal pro Monat<\/td>\n<\/tr>\n<tr>\n<th>Sprachen<\/th>\n<td>Englisch<\/td>\n<\/tr>\n<\/tbody>\n<\/table>\n","protected":false},"excerpt":{"rendered":"<p>Blue Guardian ist eine bekannte Prop Trading Firma aus den Vereinigten Arabischen Emiraten. Doch ist Blue Guardian Betrug? Nein, ist es nicht! Nach unseren Erfahrungen ist Blue Guardian seri\u00f6s und sicher. Jetzt bei Blue Guardian anmelden! Sie k\u00f6nnen Ihre Erfahrung mit Blue Guardian in unserem Kommentarbereich teilen. \u00dcber Blue Guardian In der folgenden Tabelle finden &#8230; <a title=\"Blue Guardian Erfahrungen\" class=\"read-more\" href=\"https:\/\/www.proptradingscam.com\/de\/blue-guardian\/\" aria-label=\"Mehr Informationen \u00fcber Blue Guardian Erfahrungen\">Weiterlesen<\/a><\/p>\n","protected":false},"author":2,"featured_media":0,"parent":0,"menu_order":0,"comment_status":"open","ping_status":"closed","template":"","meta":{"footnotes":""},"class_list":["post-3211","page","type-page","status-publish"],"_links":{"self":[{"href":"https:\/\/www.proptradingscam.com\/de\/wp-json\/wp\/v2\/pages\/3211","targetHints":{"allow":["GET"]}}],"collection":[{"href":"https:\/\/www.proptradingscam.com\/de\/wp-json\/wp\/v2\/pages"}],"about":[{"href":"https:\/\/www.proptradingscam.com\/de\/wp-json\/wp\/v2\/types\/page"}],"author":[{"embeddable":true,"href":"https:\/\/www.proptradingscam.com\/de\/wp-json\/wp\/v2\/users\/2"}],"replies":[{"embeddable":true,"href":"https:\/\/www.proptradingscam.com\/de\/wp-json\/wp\/v2\/comments?post=3211"}],"version-history":[{"count":0,"href":"https:\/\/www.proptradingscam.com\/de\/wp-json\/wp\/v2\/pages\/3211\/revisions"}],"wp:attachment":[{"href":"https:\/\/www.proptradingscam.com\/de\/wp-json\/wp\/v2\/media?parent=3211"}],"curies":[{"name":"wp","href":"https:\/\/api.w.org\/{rel}","templated":true}]}}