{"id":3210,"date":"2024-04-29T07:02:06","date_gmt":"2024-04-29T07:02:06","guid":{"rendered":"https:\/\/www.proptradingscam.com\/?page_id=3210"},"modified":"2024-04-29T07:02:06","modified_gmt":"2024-04-29T07:02:06","slug":"audacity-capital","status":"publish","type":"page","link":"https:\/\/www.proptradingscam.com\/de\/audacity-capital\/","title":{"rendered":"Audacity Capital Erfahrungen"},"content":{"rendered":"<p><img decoding=\"async\" src=\"https:\/\/www.proptradingscam.com\/wp-content\/uploads\/2024\/04\/audacity-capital-de-300x153.png\" alt=\"Audacity Capital\" width=\"300\" height=\"153\" class=\"alignright size-medium wp-image-3252\" srcset=\"https:\/\/www.proptradingscam.com\/wp-content\/uploads\/2024\/04\/audacity-capital-de-300x153.png 300w, https:\/\/www.proptradingscam.com\/wp-content\/uploads\/2024\/04\/audacity-capital-de-1024x523.png 1024w, https:\/\/www.proptradingscam.com\/wp-content\/uploads\/2024\/04\/audacity-capital-de-768x392.png 768w, https:\/\/www.proptradingscam.com\/wp-content\/uploads\/2024\/04\/audacity-capital-de-1536x784.png 1536w, https:\/\/www.proptradingscam.com\/wp-content\/uploads\/2024\/04\/audacity-capital-de-2048x1045.png 2048w\" sizes=\"(max-width: 300px) 100vw, 300px\" \/>Audacity Capital ist <strong>eine bekannte Prop Trading Firma aus Gro\u00dfbritannien<\/strong>.<\/p>\n<p><u>Doch ist Audacity Capital Betrug?<\/u><\/p>\n<p><strong>Nein, ist es nicht!<\/strong><\/p>\n<p>Nach unseren Erfahrungen ist <strong>Audacity Capital seri\u00f6s und sicher<\/strong>.<\/p>\n<p style=\"text-align: center;\"><a class=\"button\" href=\"\/de\/to\/audacity-capital\" target=\"_blank\" rel=\"noopener sponsored\">Jetzt bei Audacity Capital anmelden!<\/a><\/p>\n<p>Sie k\u00f6nnen Ihre Erfahrung mit Audacity Capital <a href=\"#comments\">in unserem Kommentarbereich teilen<\/a>.<\/p>\n<h2>\u00dcber Audacity Capital<\/h2>\n<p>In der folgenden Tabelle finden Sie <strong>die wichtigsten Informationen \u00fcber Audacity Capital<\/strong>:<\/p>\n<table>\n<caption><u>\u00dcberblick \u00fcber Audacity Capital<\/u><\/caption>\n<tbody>\n<tr>\n<th>Name<\/th>\n<td>Audacity Capital<\/td>\n<\/tr>\n<tr>\n<th>Webseite<\/th>\n<td><a href=\"\/de\/to\/audacity-capital\" target=\"_blank\" rel=\"noopener sponsored\">www.audacitycapital.co.uk<\/a><\/td>\n<\/tr>\n<tr>\n<th>Unternehmen<\/th>\n<td>AudaCity global Ltd.<\/td>\n<\/tr>\n<tr>\n<th>Adresse<\/th>\n<td>One Canada Square, Level 8 \u2013 Office 8.05, London E14 5AA, Gro\u00dfbritannien<\/td>\n<\/tr>\n<tr>\n<th>CEO<\/th>\n<td>Abdelkrim Yousfi<\/td>\n<\/tr>\n<tr>\n<th>Gr\u00fcnder<\/th>\n<td>Abdelkrim Yousfi<\/td>\n<\/tr>\n<tr>\n<th>Gr\u00fcndung<\/th>\n<td>2012<\/td>\n<\/tr>\n<tr>\n<th>Kontakt<\/th>\n<td>Telefon, Mail<\/td>\n<\/tr>\n<tr>\n<th>E-Mail<\/th>\n<td>support@audacitycapital.co.uk<\/td>\n<\/tr>\n<tr>\n<th>Telefonnummer<\/th>\n<td>+44 (0)20 80501985<\/td>\n<\/tr>\n<tr>\n<th>Startkapital<\/th>\n<td>$7.500 bis $240.000<\/td>\n<\/tr>\n<tr>\n<th>Gewinnanteil<\/th>\n<td>75% bis 85%<\/td>\n<\/tr>\n<tr>\n<th>Evaluierung<\/th>\n<td>4 Tage<\/td>\n<\/tr>\n<tr>\n<th>Geb\u00fchren<\/th>\n<td>$129 bis $2.399<\/td>\n<\/tr>\n<tr>\n<th>Zahlungsmethoden<\/th>\n<td>Kreditkarte, Kryptow\u00e4hrungen (\u00fcber Coinbase), Bank Transfer, PayPal<\/td>\n<\/tr>\n<tr>\n<th>Instrumente<\/th>\n<td>Forex, CFDs<\/td>\n<\/tr>\n<tr>\n<th>Plattform<\/th>\n<td>MetaTrader 4, MetaTrader 5<\/td>\n<\/tr>\n<tr>\n<th>Auszahlungen<\/th>\n<td>einmal pro Monat<\/td>\n<\/tr>\n<tr>\n<th>Sprachen<\/th>\n<td>Deutsch, Englisch, Italienisch, Malaiisch, Indonesisch, Franz\u00f6sisch, Spanisch, Arabisch<\/td>\n<\/tr>\n<\/tbody>\n<\/table>\n","protected":false},"excerpt":{"rendered":"<p>Audacity Capital ist eine bekannte Prop Trading Firma aus Gro\u00dfbritannien. Doch ist Audacity Capital Betrug? Nein, ist es nicht! Nach unseren Erfahrungen ist Audacity Capital seri\u00f6s und sicher. Jetzt bei Audacity Capital anmelden! Sie k\u00f6nnen Ihre Erfahrung mit Audacity Capital in unserem Kommentarbereich teilen. \u00dcber Audacity Capital In der folgenden Tabelle finden Sie die wichtigsten &#8230; <a title=\"Audacity Capital Erfahrungen\" class=\"read-more\" href=\"https:\/\/www.proptradingscam.com\/de\/audacity-capital\/\" aria-label=\"Mehr Informationen \u00fcber Audacity Capital Erfahrungen\">Weiterlesen<\/a><\/p>\n","protected":false},"author":2,"featured_media":0,"parent":0,"menu_order":0,"comment_status":"open","ping_status":"closed","template":"","meta":{"footnotes":""},"class_list":["post-3210","page","type-page","status-publish"],"_links":{"self":[{"href":"https:\/\/www.proptradingscam.com\/de\/wp-json\/wp\/v2\/pages\/3210","targetHints":{"allow":["GET"]}}],"collection":[{"href":"https:\/\/www.proptradingscam.com\/de\/wp-json\/wp\/v2\/pages"}],"about":[{"href":"https:\/\/www.proptradingscam.com\/de\/wp-json\/wp\/v2\/types\/page"}],"author":[{"embeddable":true,"href":"https:\/\/www.proptradingscam.com\/de\/wp-json\/wp\/v2\/users\/2"}],"replies":[{"embeddable":true,"href":"https:\/\/www.proptradingscam.com\/de\/wp-json\/wp\/v2\/comments?post=3210"}],"version-history":[{"count":0,"href":"https:\/\/www.proptradingscam.com\/de\/wp-json\/wp\/v2\/pages\/3210\/revisions"}],"wp:attachment":[{"href":"https:\/\/www.proptradingscam.com\/de\/wp-json\/wp\/v2\/media?parent=3210"}],"curies":[{"name":"wp","href":"https:\/\/api.w.org\/{rel}","templated":true}]}}